{"id":321477,"date":"2020-06-16T16:47:11","date_gmt":"2020-06-16T14:47:11","guid":{"rendered":"https:\/\/www.kingdom-limousines.com\/health-safety\/"},"modified":"2024-12-10T11:27:55","modified_gmt":"2024-12-10T10:27:55","slug":"salud-y-seguridad","status":"publish","type":"page","link":"https:\/\/www.kingdom-limousines.com\/es\/salud-y-seguridad\/","title":{"rendered":"Salud y seguridad"},"content":{"rendered":"<div class=\"wpb-content-wrapper\"><p>[vc_row type=\u00bbfull-width-section\u00bb font_color=\u00bb#ffffff\u00bb parallax_background=\u00bb\u00bb css=\u00bb.vc_custom_1592318695749{margin-bottom: 0px !important;padding-top: 180px !important;padding-bottom: 290px !important;background-image: url(https:\/\/www.kingdom-limousines.com\/wp-content\/uploads\/2020\/06\/health-and-safety.jpg?id=7668) !important;background-position: center !important;background-repeat: no-repeat !important;background-size: cover !important;}\u00bb][vc_column][vc_custom_heading text=\u00bbSalud y seguridad\u00bb font_container=\u00bbtag:h1|text_align:center|color:%23ffffff\u00bb use_theme_fonts=\u00bbyes\u00bb css=\u00bb.vc_custom_1733826383742{margin-top: -100px !important;}\u00bb][\/vc_column][\/vc_row][vc_row css=\u00bb.vc_custom_1506091232331{padding-top: 40px !important;}\u00bb][vc_column][vc_column_text css=\u00bb\u00bb animation=\u00bbrda_fadeIn\u00bb el_class=\u00bbkingjustify\u00bb]<\/p>\n<h2>Precauciones sanitarias en nuestros coches<\/h2>\n<p>La reciente pandemia que ha afectado al mundo obliga a todos a tomar medidas de precauci\u00f3n.<\/p>\n<p>Kingdom Limousines realiza una preselecci\u00f3n de sus ch\u00f3feres y toma las precauciones recomendadas por el Ministro de Trabajo franc\u00e9s.[\/vc_column_text][vc_row_inner][vc_column_inner width=\u00bb1\/2&#8243;][vc_column_text css=\u00bb\u00bb animation=\u00bbrda_fadeIn\u00bb el_class=\u00bbkingjustify\u00bb]<\/p>\n<h3 style=\"text-align: center;\">Todos los ch\u00f3feres llevan mascarilla y guantes<\/h3>\n<p>[\/vc_column_text][vc_single_image image=\u00bb321480&#8243; img_size=\u00bbfull\u00bb animation=\u00bbrda_fadeIn\u00bb][\/vc_column_inner][vc_column_inner width=\u00bb1\/2&#8243;][vc_column_text css=\u00bb\u00bb animation=\u00bbrda_fadeIn\u00bb el_class=\u00bbkingjustify\u00bb]<\/p>\n<h3 style=\"text-align: center;\">Se desinfectan los veh\u00edculos<\/h3>\n<p>[\/vc_column_text][vc_single_image image=\u00bb321481&#8243; img_size=\u00bbfull\u00bb animation=\u00bbrda_fadeIn\u00bb][\/vc_column_inner][\/vc_row_inner][\/vc_column][\/vc_row][vc_row][vc_column width=\u00bb1\/2&#8243;]\n<!-- lists --><div class=\"rd_list_1_alt rd_list_left\"><style type='text\/css'> @font-face{font-family: 'wb'; src:url('https:\/\/www.kingdom-limousines.com\/wp-content\/themes\/thefox\/includes\/4k-icons\/icons\/4k-icons-pack05\/icons\/fonts\/wb.eot'); src:url('https:\/\/www.kingdom-limousines.com\/wp-content\/themes\/thefox\/includes\/4k-icons\/icons\/4k-icons-pack05\/icons\/fonts\/wb.eot?#iefix') format('embedded-opentype'), url('https:\/\/www.kingdom-limousines.com\/wp-content\/themes\/thefox\/includes\/4k-icons\/icons\/4k-icons-pack05\/icons\/fonts\/wb.woff') format('woff'), url('https:\/\/www.kingdom-limousines.com\/wp-content\/themes\/thefox\/includes\/4k-icons\/icons\/4k-icons-pack05\/icons\/fonts\/wb.ttf') format('truetype'), url('https:\/\/www.kingdom-limousines.com\/wp-content\/themes\/thefox\/includes\/4k-icons\/icons\/4k-icons-pack05\/icons\/fonts\/wb.svg#oi') format('svg'); font-weight: normal; font-style: normal;}#rand_3e463023a980c6555915554eaac52d5d335988e5 .wb-firstaid:before{font-family: 'wb'; font-weight: normal; font-style: normal;}#rand_3e463023a980c6555915554eaac52d5d335988e5 .wb-firstaid:before{content: \"\\f2ba\";}<\/style>\n<style type=\"text\/css\" >.rd_list_1 .list_item_ctn { border-color:#ecf0f1}.rd_list_1 #rand_3e463023a980c6555915554eaac52d5d335988e5 .list_icn i,.rd_list_1_alt #rand_3e463023a980c6555915554eaac52d5d335988e5 .list_icn i{color:#baa168;}.rd_list_2 #rand_3e463023a980c6555915554eaac52d5d335988e5:after{background:#333333;}.rd_list_2 #rand_3e463023a980c6555915554eaac52d5d335988e5 .list_icn i{color:#baa168;}.rd_list_3 #rand_3e463023a980c6555915554eaac52d5d335988e5 .list_icn,.rd_list_5 #rand_3e463023a980c6555915554eaac52d5d335988e5 .list_icn,.rd_list_6 #rand_3e463023a980c6555915554eaac52d5d335988e5 .list_icn{background:#baa168;}.rd_list_4 #rand_3e463023a980c6555915554eaac52d5d335988e5{background:#baa168;}#rand_3e463023a980c6555915554eaac52d5d335988e5 h3{color:#baa168;}#rand_3e463023a980c6555915554eaac52d5d335988e5 p{color:#333333;}.rd_list_7 #rand_3e463023a980c6555915554eaac52d5d335988e5 .list_icn{color:#baa168;}<\/style><div class=\"list_item_ctn\" id=\"rand_3e463023a980c6555915554eaac52d5d335988e5\"><div class=\"list_icn\"><i class=\"wb-firstaid\"><\/i><\/div><div class=\"list_desc\"><p>Establecer un plan de limpieza con periodicidad y seguimiento: superficies del interior del veh\u00edculo, tiradores y botones de las puertas, zona de pago, pantalla GPS y equipos de tarificaci\u00f3n y ocupaci\u00f3n, de forma m\u00e1s general cualquier objeto, superficie&#8230; susceptible de haber estado contaminado (en contacto con las manos), equipos de trabajo comunes de los locales de la empresa de transporte (cafeteras, fotocopiadoras&#8230;).<\/p><\/div><\/div><style type='text\/css'> @font-face{font-family: 'wb'; src:url('https:\/\/www.kingdom-limousines.com\/wp-content\/themes\/thefox\/includes\/4k-icons\/icons\/4k-icons-pack05\/icons\/fonts\/wb.eot'); src:url('https:\/\/www.kingdom-limousines.com\/wp-content\/themes\/thefox\/includes\/4k-icons\/icons\/4k-icons-pack05\/icons\/fonts\/wb.eot?#iefix') format('embedded-opentype'), url('https:\/\/www.kingdom-limousines.com\/wp-content\/themes\/thefox\/includes\/4k-icons\/icons\/4k-icons-pack05\/icons\/fonts\/wb.woff') format('woff'), url('https:\/\/www.kingdom-limousines.com\/wp-content\/themes\/thefox\/includes\/4k-icons\/icons\/4k-icons-pack05\/icons\/fonts\/wb.ttf') format('truetype'), url('https:\/\/www.kingdom-limousines.com\/wp-content\/themes\/thefox\/includes\/4k-icons\/icons\/4k-icons-pack05\/icons\/fonts\/wb.svg#oi') format('svg'); font-weight: normal; font-style: normal;}#rand_3e463023a980c6555915554eaac52d5d335988e5 .wb-firstaid:before{font-family: 'wb'; font-weight: normal; font-style: normal;}#rand_3e463023a980c6555915554eaac52d5d335988e5 .wb-firstaid:before{content: \"\\f2ba\";}<\/style>\n<style type=\"text\/css\" >.rd_list_1 .list_item_ctn { border-color:#ecf0f1}.rd_list_1 #rand_3e463023a980c6555915554eaac52d5d335988e5 .list_icn i,.rd_list_1_alt #rand_3e463023a980c6555915554eaac52d5d335988e5 .list_icn i{color:#baa168;}.rd_list_2 #rand_3e463023a980c6555915554eaac52d5d335988e5:after{background:#333333;}.rd_list_2 #rand_3e463023a980c6555915554eaac52d5d335988e5 .list_icn i{color:#baa168;}.rd_list_3 #rand_3e463023a980c6555915554eaac52d5d335988e5 .list_icn,.rd_list_5 #rand_3e463023a980c6555915554eaac52d5d335988e5 .list_icn,.rd_list_6 #rand_3e463023a980c6555915554eaac52d5d335988e5 .list_icn{background:#baa168;}.rd_list_4 #rand_3e463023a980c6555915554eaac52d5d335988e5{background:#baa168;}#rand_3e463023a980c6555915554eaac52d5d335988e5 h3{color:#baa168;}#rand_3e463023a980c6555915554eaac52d5d335988e5 p{color:#333333;}.rd_list_7 #rand_3e463023a980c6555915554eaac52d5d335988e5 .list_icn{color:#baa168;}<\/style><div class=\"list_item_ctn\" id=\"rand_3e463023a980c6555915554eaac52d5d335988e5\"><div class=\"list_icn\"><i class=\"wb-firstaid\"><\/i><\/div><div class=\"list_desc\"><p>Indicar de forma visible que ning\u00fan pasajero puede sentarse junto al conductor.<\/p><\/div><\/div><\/div>\n\n<!-- lists END-->\n[\/vc_column][vc_column width=\u00bb1\/2&#8243;]\n<!-- lists --><div class=\"rd_list_1_alt rd_list_left\"><style type='text\/css'> @font-face{font-family: 'wb'; src:url('https:\/\/www.kingdom-limousines.com\/wp-content\/themes\/thefox\/includes\/4k-icons\/icons\/4k-icons-pack05\/icons\/fonts\/wb.eot'); src:url('https:\/\/www.kingdom-limousines.com\/wp-content\/themes\/thefox\/includes\/4k-icons\/icons\/4k-icons-pack05\/icons\/fonts\/wb.eot?#iefix') format('embedded-opentype'), url('https:\/\/www.kingdom-limousines.com\/wp-content\/themes\/thefox\/includes\/4k-icons\/icons\/4k-icons-pack05\/icons\/fonts\/wb.woff') format('woff'), url('https:\/\/www.kingdom-limousines.com\/wp-content\/themes\/thefox\/includes\/4k-icons\/icons\/4k-icons-pack05\/icons\/fonts\/wb.ttf') format('truetype'), url('https:\/\/www.kingdom-limousines.com\/wp-content\/themes\/thefox\/includes\/4k-icons\/icons\/4k-icons-pack05\/icons\/fonts\/wb.svg#oi') format('svg'); font-weight: normal; font-style: normal;}#rand_3e463023a980c6555915554eaac52d5d335988e5 .wb-firstaid:before{font-family: 'wb'; font-weight: normal; font-style: normal;}#rand_3e463023a980c6555915554eaac52d5d335988e5 .wb-firstaid:before{content: \"\\f2ba\";}<\/style>\n<style type=\"text\/css\" >.rd_list_1 .list_item_ctn { border-color:#ecf0f1}.rd_list_1 #rand_3e463023a980c6555915554eaac52d5d335988e5 .list_icn i,.rd_list_1_alt #rand_3e463023a980c6555915554eaac52d5d335988e5 .list_icn i{color:#baa168;}.rd_list_2 #rand_3e463023a980c6555915554eaac52d5d335988e5:after{background:#333333;}.rd_list_2 #rand_3e463023a980c6555915554eaac52d5d335988e5 .list_icn i{color:#baa168;}.rd_list_3 #rand_3e463023a980c6555915554eaac52d5d335988e5 .list_icn,.rd_list_5 #rand_3e463023a980c6555915554eaac52d5d335988e5 .list_icn,.rd_list_6 #rand_3e463023a980c6555915554eaac52d5d335988e5 .list_icn{background:#baa168;}.rd_list_4 #rand_3e463023a980c6555915554eaac52d5d335988e5{background:#baa168;}#rand_3e463023a980c6555915554eaac52d5d335988e5 h3{color:#baa168;}#rand_3e463023a980c6555915554eaac52d5d335988e5 p{color:#333333;}.rd_list_7 #rand_3e463023a980c6555915554eaac52d5d335988e5 .list_icn{color:#baa168;}<\/style><div class=\"list_item_ctn\" id=\"rand_3e463023a980c6555915554eaac52d5d335988e5\"><div class=\"list_icn\"><i class=\"wb-firstaid\"><\/i><\/div><div class=\"list_desc\"><p>En presencia de un solo pasajero (soluci\u00f3n preferida), reservar su asiento en la parte trasera en filas escalonadas de manera que pueda respetarse la distancia de al menos 1 m con respecto al conductor.<\/p><\/div><\/div><style type='text\/css'> @font-face{font-family: 'wb'; src:url('https:\/\/www.kingdom-limousines.com\/wp-content\/themes\/thefox\/includes\/4k-icons\/icons\/4k-icons-pack05\/icons\/fonts\/wb.eot'); src:url('https:\/\/www.kingdom-limousines.com\/wp-content\/themes\/thefox\/includes\/4k-icons\/icons\/4k-icons-pack05\/icons\/fonts\/wb.eot?#iefix') format('embedded-opentype'), url('https:\/\/www.kingdom-limousines.com\/wp-content\/themes\/thefox\/includes\/4k-icons\/icons\/4k-icons-pack05\/icons\/fonts\/wb.woff') format('woff'), url('https:\/\/www.kingdom-limousines.com\/wp-content\/themes\/thefox\/includes\/4k-icons\/icons\/4k-icons-pack05\/icons\/fonts\/wb.ttf') format('truetype'), url('https:\/\/www.kingdom-limousines.com\/wp-content\/themes\/thefox\/includes\/4k-icons\/icons\/4k-icons-pack05\/icons\/fonts\/wb.svg#oi') format('svg'); font-weight: normal; font-style: normal;}#rand_3e463023a980c6555915554eaac52d5d335988e5 .wb-firstaid:before{font-family: 'wb'; font-weight: normal; font-style: normal;}#rand_3e463023a980c6555915554eaac52d5d335988e5 .wb-firstaid:before{content: \"\\f2ba\";}<\/style>\n<style type=\"text\/css\" >.rd_list_1 .list_item_ctn { border-color:#ecf0f1}.rd_list_1 #rand_3e463023a980c6555915554eaac52d5d335988e5 .list_icn i,.rd_list_1_alt #rand_3e463023a980c6555915554eaac52d5d335988e5 .list_icn i{color:#baa168;}.rd_list_2 #rand_3e463023a980c6555915554eaac52d5d335988e5:after{background:#333333;}.rd_list_2 #rand_3e463023a980c6555915554eaac52d5d335988e5 .list_icn i{color:#baa168;}.rd_list_3 #rand_3e463023a980c6555915554eaac52d5d335988e5 .list_icn,.rd_list_5 #rand_3e463023a980c6555915554eaac52d5d335988e5 .list_icn,.rd_list_6 #rand_3e463023a980c6555915554eaac52d5d335988e5 .list_icn{background:#baa168;}.rd_list_4 #rand_3e463023a980c6555915554eaac52d5d335988e5{background:#baa168;}#rand_3e463023a980c6555915554eaac52d5d335988e5 h3{color:#baa168;}#rand_3e463023a980c6555915554eaac52d5d335988e5 p{color:#333333;}.rd_list_7 #rand_3e463023a980c6555915554eaac52d5d335988e5 .list_icn{color:#baa168;}<\/style><div class=\"list_item_ctn\" id=\"rand_3e463023a980c6555915554eaac52d5d335988e5\"><div class=\"list_icn\"><i class=\"wb-firstaid\"><\/i><\/div><div class=\"list_desc\"><p>Disponga siempre de material fungible: gel hidroalcoh\u00f3lico, toallitas, bolsas de basura.<\/p><\/div><\/div><style type='text\/css'> @font-face{font-family: 'wb'; src:url('https:\/\/www.kingdom-limousines.com\/wp-content\/themes\/thefox\/includes\/4k-icons\/icons\/4k-icons-pack05\/icons\/fonts\/wb.eot'); src:url('https:\/\/www.kingdom-limousines.com\/wp-content\/themes\/thefox\/includes\/4k-icons\/icons\/4k-icons-pack05\/icons\/fonts\/wb.eot?#iefix') format('embedded-opentype'), url('https:\/\/www.kingdom-limousines.com\/wp-content\/themes\/thefox\/includes\/4k-icons\/icons\/4k-icons-pack05\/icons\/fonts\/wb.woff') format('woff'), url('https:\/\/www.kingdom-limousines.com\/wp-content\/themes\/thefox\/includes\/4k-icons\/icons\/4k-icons-pack05\/icons\/fonts\/wb.ttf') format('truetype'), url('https:\/\/www.kingdom-limousines.com\/wp-content\/themes\/thefox\/includes\/4k-icons\/icons\/4k-icons-pack05\/icons\/fonts\/wb.svg#oi') format('svg'); font-weight: normal; font-style: normal;}#rand_3e463023a980c6555915554eaac52d5d335988e5 .wb-firstaid:before{font-family: 'wb'; font-weight: normal; font-style: normal;}#rand_3e463023a980c6555915554eaac52d5d335988e5 .wb-firstaid:before{content: \"\\f2ba\";}<\/style>\n<style type=\"text\/css\" >.rd_list_1 .list_item_ctn { border-color:#ecf0f1}.rd_list_1 #rand_3e463023a980c6555915554eaac52d5d335988e5 .list_icn i,.rd_list_1_alt #rand_3e463023a980c6555915554eaac52d5d335988e5 .list_icn i{color:#baa168;}.rd_list_2 #rand_3e463023a980c6555915554eaac52d5d335988e5:after{background:#333333;}.rd_list_2 #rand_3e463023a980c6555915554eaac52d5d335988e5 .list_icn i{color:#baa168;}.rd_list_3 #rand_3e463023a980c6555915554eaac52d5d335988e5 .list_icn,.rd_list_5 #rand_3e463023a980c6555915554eaac52d5d335988e5 .list_icn,.rd_list_6 #rand_3e463023a980c6555915554eaac52d5d335988e5 .list_icn{background:#baa168;}.rd_list_4 #rand_3e463023a980c6555915554eaac52d5d335988e5{background:#baa168;}#rand_3e463023a980c6555915554eaac52d5d335988e5 h3{color:#baa168;}#rand_3e463023a980c6555915554eaac52d5d335988e5 p{color:#333333;}.rd_list_7 #rand_3e463023a980c6555915554eaac52d5d335988e5 .list_icn{color:#baa168;}<\/style><div class=\"list_item_ctn\" id=\"rand_3e463023a980c6555915554eaac52d5d335988e5\"><div class=\"list_icn\"><i class=\"wb-firstaid\"><\/i><\/div><div class=\"list_desc\"><p>Limpieza entre cada recorrido y la recogida del cliente: puerta, asideros, respaldo, terminal de pago&#8230;<\/p><\/div><\/div><\/div>\n\n<!-- lists END-->\n[\/vc_column][\/vc_row][vc_row a_select=\u00bb1&#8243; css=\u00bb.vc_custom_1420033115975{margin-bottom: 0px;padding-top: 29px;padding-bottom: 35px;}\u00bb][vc_column animation=\u00bbrda_fadeInUp\u00bb][vc_custom_heading text=\u00bbEspere de nosotros s\u00f3lo lo mejor.\u00bb font_container=\u00bbtag:p|font_size:24|text_align:center|color:%23a1b1bc\u00bb google_fonts=\u00bbfont_family:Lato%3A100%2C100italic%2C300%2C300italic%2Cregular%2Citalic%2C700%2C700italic%2C900%2C900italic|font_style:300%20light%20regular%3A300%3Anormal\u00bb css=\u00bb.vc_custom_1733826464652{margin-bottom: 0px !important;}\u00bb][\/vc_column][\/vc_row]<\/p>\n<\/div>","protected":false},"excerpt":{"rendered":"<p>[vc_row type=\u00bbfull-width-section\u00bb font_color=\u00bb#ffffff\u00bb parallax_background=\u00bb\u00bb css=\u00bb.vc_custom_1592318695749{margin-bottom: 0px !important;padding-top: 180px !important;padding-bottom: 290px !important;background-image: url(https:\/\/www.kingdom-limousines.com\/wp-content\/uploads\/2020\/06\/health-and-safety.jpg?id=7668) !important;background-position: center !important;background-repeat: no-repeat !important;background-size: cover !important;}\u00bb][vc_column][vc_custom_heading text=\u00bbSalud y seguridad\u00bb font_container=\u00bbtag:h1|text_align:center|color:%23ffffff\u00bb use_theme_fonts=\u00bbyes\u00bb css=\u00bb.vc_custom_1733826383742{margin-top: -100px !important;}\u00bb][\/vc_column][\/vc_row][vc_row css=\u00bb.vc_custom_1506091232331{padding-top: 40px !important;}\u00bb][vc_column][vc_column_text css=\u00bb\u00bb animation=\u00bbrda_fadeIn\u00bb el_class=\u00bbkingjustify\u00bb] Precauciones sanitarias en nuestros coches La reciente pandemia que ha afectado al mundo obliga a todos a tomar medidas de precauci\u00f3n. Kingdom<br \/><a href=\"https:\/\/www.kingdom-limousines.com\/es\/salud-y-seguridad\/\" class=\"more\">Read more<\/a><\/p>\n","protected":false},"author":1,"featured_media":0,"parent":0,"menu_order":0,"comment_status":"closed","ping_status":"closed","template":"","meta":{"rank_math_title":"","rank_math_description":"","rank_math_focus_keyword":"","footnotes":""},"class_list":["post-321477","page","type-page","status-publish","hentry"],"_links":{"self":[{"href":"https:\/\/www.kingdom-limousines.com\/es\/wp-json\/wp\/v2\/pages\/321477","targetHints":{"allow":["GET"]}}],"collection":[{"href":"https:\/\/www.kingdom-limousines.com\/es\/wp-json\/wp\/v2\/pages"}],"about":[{"href":"https:\/\/www.kingdom-limousines.com\/es\/wp-json\/wp\/v2\/types\/page"}],"author":[{"embeddable":true,"href":"https:\/\/www.kingdom-limousines.com\/es\/wp-json\/wp\/v2\/users\/1"}],"replies":[{"embeddable":true,"href":"https:\/\/www.kingdom-limousines.com\/es\/wp-json\/wp\/v2\/comments?post=321477"}],"version-history":[{"count":5,"href":"https:\/\/www.kingdom-limousines.com\/es\/wp-json\/wp\/v2\/pages\/321477\/revisions"}],"predecessor-version":[{"id":321487,"href":"https:\/\/www.kingdom-limousines.com\/es\/wp-json\/wp\/v2\/pages\/321477\/revisions\/321487"}],"wp:attachment":[{"href":"https:\/\/www.kingdom-limousines.com\/es\/wp-json\/wp\/v2\/media?parent=321477"}],"curies":[{"name":"wp","href":"https:\/\/api.w.org\/{rel}","templated":true}]}}