{"id":321744,"date":"2021-01-08T16:38:25","date_gmt":"2021-01-08T15:38:25","guid":{"rendered":"https:\/\/www.kingdom-limousines.com\/gtcs\/"},"modified":"2024-12-10T12:39:13","modified_gmt":"2024-12-10T11:39:13","slug":"cgv","status":"publish","type":"page","link":"https:\/\/www.kingdom-limousines.com\/es\/cgv\/","title":{"rendered":"Condiciones generales de venta"},"content":{"rendered":"<p>Nuestros precios est\u00e1n en euros. Es la \u00fanica moneda aceptada. El IVA es del 10% sobre el servicio de transporte y del 20% sobre los diversos gastos (comidas, peajes, aparcamiento, alojamiento, servicio de conserjer\u00eda, alquiler de coches sin conductor).<\/p>\n<p>Nuestras tarifas incluyen seguro ilimitado para los pasajeros transportados, combustible, gastos del coche y del conductor.<\/p>\n<p>Las comidas del conductor corren a cargo del cliente y se facturar\u00e1n cuando est\u00e9n disponibles entre las 12:00 &#8211; 14:00 y las 19:00 &#8211; 21:00.<\/p>\n<h2>Traslado:<\/h2>\n<ul>\n<li>Un traslado es un servicio del punto A al punto B.<\/li>\n<li>Cualquier traslado realizado entre las 22:00 y las 06:00 estar\u00e1 sujeto a un recargo del 15%.<br \/>\nLa tarifa anunciada se basa en un viaje planificado de antemano y no puede modificarse salvo en las siguientes situaciones, que dar\u00e1n lugar a cargos adicionales:<\/li>\n<li>Cualquier recogida o devoluci\u00f3n adicional tendr\u00e1 un recargo de 25 \u20ac HT + 20% IVA por recogida o devoluci\u00f3n adicional.<\/li>\n<li>Traslado desde el aeropuerto: 1 hora de tiempo de espera est\u00e1 incluida en el precio para cualquier recepci\u00f3n en un vuelo comercial en el aeropuerto de Niza Costa Azul. 30 minutos de espera est\u00e1n incluidos en el precio para cualquier recepci\u00f3n en un vuelo privado o estaci\u00f3n de tren. M\u00e1s all\u00e1 de este tiempo, Kingdom<\/li>\n<li>Limousines cobrar\u00e1 por incrementos de 60 minutos dependiendo del veh\u00edculo elegido.<\/li>\n<li>Para cualquier recogida que no sea una estaci\u00f3n de tren o aeropuerto, cualquier retraso del cliente superior a 20 minutos se facturar\u00e1 por incrementos de 60 minutos dependiendo del veh\u00edculo elegido.<\/li>\n<\/ul>\n<p>Si el cliente desea quedarse con el ch\u00f3fer, facturaremos todas las horas extras en funci\u00f3n del veh\u00edculo elegido. Si el servicio se prolonga entre las 12:00 &#8211; 14:00 y las 19:00 &#8211; 21:00, se facturar\u00e1 una comida con ch\u00f3fer a raz\u00f3n de 24 \u20ac impuestos inc. \/ comida \/ ch\u00f3fer.<\/p>\n<p>Los peajes est\u00e1n incluidos en los traslados a menos que el servicio d\u00e9 lugar a una provisi\u00f3n. En este caso, es posible que carguemos diversos gastos imprevistos como peajes, aparcamiento u otros.<\/p>\n<h2>Servicio por horas:<\/h2>\n<ul>\n<li>Se trata de un servicio durante el cual el veh\u00edculo y el conductor permanecen con el cliente. La facturaci\u00f3n m\u00ednima es de cuatro horas. Cualquier hora adicional ser\u00e1 facturada. Cualquier hora comenzada se abonar\u00e1 en su totalidad.<\/li>\n<li>Las comidas (para cualquier prestaci\u00f3n entre las 12:00 &#8211; 14:00 y las 19:00 &#8211; 21:00), los peajes y el aparcamiento corren a cargo del cliente.<\/li>\n<li>La tarifa anunciada incluye un precio fijo de 100 kil\u00f3metros. Cualquier exceso dar\u00e1 lugar a un cargo basado en el exceso de kilometraje y en s\u00ed var\u00eda en funci\u00f3n del veh\u00edculo elegido.<\/li>\n<li>Los horarios elegidos ser\u00e1n la hora de recogida y la hora de devoluci\u00f3n.<\/li>\n<li>Gastos de alojamiento: 150 \u20ac impuestos incluidos o a cargo del cliente seg\u00fan el lugar y o la disponibilidad del hotel.Luggage:<\/li>\n<\/ul>\n<p>Kingdom Limousines no se hace responsable de la p\u00e9rdida u olvido de objetos o equipaje en sus veh\u00edculos.<\/p>\n<p>Nuestros veh\u00edculos s\u00f3lo pueden acomodar una cierta cantidad de equipaje, es importante que cada cliente se informe sobre esto de antemano al hacer una reserva. Bajo ninguna circunstancia Kingdom Limousines o sus conductores pueden ser considerados responsables si los veh\u00edculos no pueden acomodar el equipaje de los clientes. Tenga en cuenta que por razones de seguridad, el equipaje debe ser colocado en el maletero y no en los asientos.<\/p>\n<h2>No se presenta:<\/h2>\n<p>En caso de no presentarse el cliente, el traslado se cobrar\u00e1 en su totalidad.<\/p>\n<h2>Pago:<\/h2>\n<p>Todo pedido ser\u00e1 validado si y s\u00f3lo si se ha facilitado una tarjeta de cr\u00e9dito.<\/p>\n<p>Las facturas son pagaderas a la recepci\u00f3n, en euros.<\/p>\n<h2>Medios de pago:<\/h2>\n<ul>\n<li>En efectivo,<\/li>\n<li>Visa, MasterCard,<\/li>\n<li>AmEx: 2,95% de comisi\u00f3n, impuestos no incluidos.<\/li>\n<\/ul>\n<h2>Respeto del material:<\/h2>\n<p>Los clientes tienen la obligaci\u00f3n de respetar el material puesto a su disposici\u00f3n, es decir, el veh\u00edculo y todos sus accesorios.<\/p>\n<h2>Kingdom Limousines se reserva el derecho:<\/h2>\n<ul>\n<li>exigir el reembolso en caso de da\u00f1os en el veh\u00edculo, como la apertura de una puerta u otro accesorio.<\/li>\n<li>a interrumpir el servicio de transporte de viajeros en curso si el comportamiento del cliente pone en peligro la seguridad del conductor o la del veh\u00edculo puesto a su disposici\u00f3n o si el cliente insulta al conductor.<\/li>\n<\/ul>\n<h2>Legislaci\u00f3n:<\/h2>\n<p>El cliente no podr\u00e1 exigir que se supere el l\u00edmite de velocidad autorizado por la legislaci\u00f3n francesa ni pedir al conductor que cometa infracciones de tr\u00e1fico.<\/p>\n<p>Si el cliente comete una infracci\u00f3n, por ejemplo, el consumo de drogas, el conductor tendr\u00e1 derecho a rescindir inmediatamente el contrato de alquiler: por tanto, se dar\u00e1 por terminado el servicio en curso y se facturar\u00e1 la totalidad del servicio.<\/p>\n<p>Las eventuales reclamaciones deber\u00e1n presentarse en un plazo de ocho d\u00edas; transcurrido este plazo, ya no podr\u00e1n tomarse en consideraci\u00f3n.<\/p>\n<p>En caso de litigio, el Tribunal de Comercio de Cannes es el \u00fanico competente.<\/p>\n","protected":false},"excerpt":{"rendered":"<p>Nuestros precios est\u00e1n en euros. Es la \u00fanica moneda aceptada. El IVA es del 10% sobre el servicio de transporte y del 20% sobre los diversos gastos (comidas, peajes, aparcamiento, alojamiento, servicio de conserjer\u00eda, alquiler de coches sin conductor). Nuestras tarifas incluyen seguro ilimitado para los pasajeros transportados, combustible, gastos del coche y del conductor.<br \/><a href=\"https:\/\/www.kingdom-limousines.com\/es\/cgv\/\" class=\"more\">Read more<\/a><\/p>\n","protected":false},"author":1,"featured_media":0,"parent":0,"menu_order":0,"comment_status":"closed","ping_status":"closed","template":"","meta":{"rank_math_title":"%title% %sep% %sitename% C\u00f4te d'Azur","rank_math_description":"","rank_math_focus_keyword":"","footnotes":""},"class_list":["post-321744","page","type-page","status-publish","hentry"],"_links":{"self":[{"href":"https:\/\/www.kingdom-limousines.com\/es\/wp-json\/wp\/v2\/pages\/321744","targetHints":{"allow":["GET"]}}],"collection":[{"href":"https:\/\/www.kingdom-limousines.com\/es\/wp-json\/wp\/v2\/pages"}],"about":[{"href":"https:\/\/www.kingdom-limousines.com\/es\/wp-json\/wp\/v2\/types\/page"}],"author":[{"embeddable":true,"href":"https:\/\/www.kingdom-limousines.com\/es\/wp-json\/wp\/v2\/users\/1"}],"replies":[{"embeddable":true,"href":"https:\/\/www.kingdom-limousines.com\/es\/wp-json\/wp\/v2\/comments?post=321744"}],"version-history":[{"count":4,"href":"https:\/\/www.kingdom-limousines.com\/es\/wp-json\/wp\/v2\/pages\/321744\/revisions"}],"predecessor-version":[{"id":321755,"href":"https:\/\/www.kingdom-limousines.com\/es\/wp-json\/wp\/v2\/pages\/321744\/revisions\/321755"}],"wp:attachment":[{"href":"https:\/\/www.kingdom-limousines.com\/es\/wp-json\/wp\/v2\/media?parent=321744"}],"curies":[{"name":"wp","href":"https:\/\/api.w.org\/{rel}","templated":true}]}}