{"id":321759,"date":"2015-07-20T12:10:55","date_gmt":"2015-07-20T12:10:55","guid":{"rendered":"https:\/\/www.kingdom-limousines.com\/contact\/"},"modified":"2026-02-06T11:15:46","modified_gmt":"2026-02-06T10:15:46","slug":"contacto","status":"publish","type":"page","link":"https:\/\/www.kingdom-limousines.com\/es\/contacto\/","title":{"rendered":"Contacto"},"content":{"rendered":"<div class=\"wpb-content-wrapper\"><p>[vc_row type=\u00bbfull-width-content\u00bb css=\u00bb.vc_custom_1422983053417{margin-bottom: 0px !important;padding-top: 0px !important;}\u00bb parallax_background=\u00bb\u00bb][vc_column]\r\n\r\n<script type=\"text\/javascript\">\r\n\r\n\"use strict\";\r\nfunction initialize2nxx7() {\r\n\r\nvar latlng = new google.maps.LatLng(43.54756164550781 , 7.043651103973389);\r\n\r\nvar grayStyles = [\r\n        {\r\n          featureType: \"all\",\r\n          stylers: [\r\n            { saturation: -10 },\r\n            { lightness: 10 }\r\n          ]\r\n        },\r\n      ];\r\n\r\nvar options2nxx7 = {\r\n\r\ncenter : latlng,\r\n\r\nscrollwheel :  false,\r\n\r\n\r\nmapTypeId: google.maps.MapTypeId.ROADMAP,\r\n\r\nzoomControl : true,\r\n\r\nstyles: grayStyles,\r\n\r\nzoomControlOptions :\r\n\r\n{\r\n\r\nstyle: google.maps.ZoomControlStyle.SMALL,\r\n\r\nposition: google.maps.ControlPosition.TOP_LEFT\r\n\r\n},\r\n\r\nmapTypeControl : true,\r\n\r\nmapTypeControlOptions :\r\n\r\n{\r\n\r\nstyle: google.maps.MapTypeControlStyle.HORIZONTAL_BAR,\r\n\r\nposition: google.maps.ControlPosition.TOP_RIGHT\r\n\r\n},\r\n\r\nscaleControl : true,\r\n\r\nscaleControlOptions :\r\n\r\n{\r\n\r\nposition: google.maps.ControlPosition.TOP_LEFT\r\n\r\n},\r\n\r\nstreetViewControl : true,\r\n\r\nstreetViewControlOptions :\r\n\r\n{\r\n\r\nposition: google.maps.ControlPosition.TOP_LEFT\r\n\r\n},\r\n\r\npanControl : false,  zoom : 12\r\n\r\n};\r\n\r\nvar map2nxx7 = new google.maps.Map(document.getElementById(\"gm_2nxx7\"), options2nxx7);\r\n\r\nvar marker = new google.maps.Marker({\r\n\r\nposition: latlng,\r\n\r\n\r\nmap: map2nxx7,\r\n\r\ntitle:\"our headquarters\"\r\n\r\n});\r\n\r\n}\r\n\r\njQuery(document).ready(function () {\r\n   initialize2nxx7();\r\n\r\n    jQuery(\".tabs-wrapper ul.tabs li\").click(function (e) {\r\n\tsetTimeout(function(){\r\n\tgoogle.maps.event.trigger(window, 'resize', {});},400);\r\n\t});\r\n\r\n    jQuery(\".tabs-wrapper ul.tabs li a\").click(function (e) {\r\n\tsetTimeout(function(){\r\n\tgoogle.maps.event.trigger(window, 'resize', {});},400);\r\n\t});\r\n\r\n\r\n\tjQuery('.wpb_accordion_section h3 > a').click(function(){\r\n\tsetTimeout(function(){\r\n\tgoogle.maps.event.trigger(window, 'resize', {});},400);\r\n\t});\r\n\r\n\r\n\r\n})\r\n<\/script>\r\n<div class=\"map_canvas_body\">\r\n<div id=\"gm_2nxx7\" class=\"map_canvas\" style=\"height:500px;\"><\/div>\r\n<\/div>\r\n\r\n[\/vc_column][\/vc_row][vc_row css=\u00bb.vc_custom_1733824710602{margin-top: 40px !important;}\u00bb parallax_background=\u00bb\u00bb][vc_column width=\u00bb2\/3&#8243;][vc_column_text css=\u00bb\u00bb]<\/p>\n<h1>Formulario de contacto<\/h1>\n<p><form method=\"post\" enctype=\"multipart\/form-data\" id=\"vfbp-form-4\" class=\"vfbp-form\"><div style=\"display:none;\"><label for=\"vfbp-EMAIL-AN8fuQyoDLXem\">If you are human, leave this field blank.<\/label><input size=\"25\" autocomplete=\"off\" type=\"text\" name=\"vfbp-EMAIL-AN8fuQyoDLXem\" value=\"\" id=\"\"><\/div><input type=\"hidden\" name=\"_vfb-timestamp-4\" value=\"1777456072\" id=\"\"><input type=\"hidden\" name=\"_vfb-form-id\" value=\"4\" id=\"\"><div class=\"vfb-col-6 vfb-fieldType-text\" id=\"vfbField31\"><div class=\"vfb-form-group\"><label for=\"vfb-field-31\" class=\"vfb-control-label\">Nombre <span class=\"vfb-required-asterisk\">*<\/span><\/label><div><input id=\"vfb-field-31\" class=\"vfb-form-control\" placeholder=\"\" required=\"required\" type=\"text\" name=\"vfb-field-31\" value=\"\"><\/div><\/div><\/div><div class=\"vfb-col-6 vfb-fieldType-text\" id=\"vfbField32\"><div class=\"vfb-form-group\"><label for=\"vfb-field-32\" class=\"vfb-control-label\">Apellidos <span class=\"vfb-required-asterisk\">*<\/span><\/label><div><input id=\"vfb-field-32\" class=\"vfb-form-control\" placeholder=\"\" required=\"required\" type=\"text\" name=\"vfb-field-32\" value=\"\"><\/div><\/div><\/div><div class=\"vfb-clearfix\"><\/div><div class=\"vfb-col-6 vfb-fieldType-phone\" id=\"vfbField33\"><div class=\"vfb-form-group\"><label for=\"vfb-field-33\" class=\"vfb-control-label\">Tel\u00e9fono <span class=\"vfb-required-asterisk\">*<\/span><\/label><div><input id=\"vfb-field-33\" class=\"vfb-form-control vfb-intl-phone\" placeholder=\"\" required=\"required\" data-default-country=\"es\" type=\"tel\" name=\"vfb-field-33\" value=\"\"><\/div><\/div><\/div><div class=\"vfb-col-6 vfb-fieldType-email\" id=\"vfbField34\"><div class=\"vfb-form-group\"><label for=\"vfb-field-34\" class=\"vfb-control-label\">Correo electr\u00f3nico <span class=\"vfb-required-asterisk\">*<\/span><\/label><div><input id=\"vfb-field-34\" class=\"vfb-form-control\" placeholder=\"\" required=\"required\" type=\"email\" name=\"vfb-field-34\" value=\"\"><\/div><\/div><\/div><div class=\"vfb-clearfix\"><\/div><div class=\"vfb-col-6 vfb-fieldType-date\" id=\"vfbField35\"><div class=\"vfb-form-group\"><label for=\"vfb-field-35\" class=\"vfb-control-label\">Fecha solicitada <span class=\"vfb-required-asterisk\">*<\/span><\/label><div><input id=\"vfb-field-35\" class=\"vfb-form-control\" placeholder=\"\" required=\"required\" data-provide=\"datepicker\" data-date-format=\"dd\/mm\/yyyy\" data-date-start-view=\"1\" type=\"text\" name=\"vfb-field-35\" value=\"\"><\/div><\/div><\/div><div class=\"vfb-col-6 vfb-fieldType-text\" id=\"vfbField36\"><div class=\"vfb-form-group\"><label for=\"vfb-field-36\" class=\"vfb-control-label\">Servicio requerido <span class=\"vfb-required-asterisk\">*<\/span><\/label><div><input id=\"vfb-field-36\" class=\"vfb-form-control\" placeholder=\"\" required=\"required\" type=\"text\" name=\"vfb-field-36\" value=\"\"><\/div><\/div><\/div><div class=\"vfb-clearfix\"><\/div><div class=\"vfb-col-12 vfb-fieldType-textarea\" id=\"vfbField37\"><div class=\"vfb-form-group\"><label for=\"vfb-field-37\" class=\"vfb-control-label\">Mensaje <span class=\"vfb-required-asterisk\">*<\/span><\/label><div><textarea id=\"vfb-field-37\" class=\"vfb-form-control\" placeholder=\"\" required=\"required\" rows=\"10\" name=\"vfb-field-37\" cols=\"50\"><\/textarea><\/div><\/div><\/div><div class=\"vfb-clearfix\"><\/div><div class=\"vfb-col-12 vfb-fieldType-select\" id=\"vfbField38\"><label for=\"vfb-field-38\" class=\"vfb-control-label\">\u00bfC\u00f3mo nos conoci\u00f3? <span class=\"vfb-required-asterisk\">*<\/span><\/label><div><div class=\"vfb-form-group\"><select id=\"vfb-field-38\" class=\"vfb-form-control\" placeholder=\"\" required=\"required\" name=\"vfb-field-38\"><option value=\"\" selected=\"selected\"><\/option><option value=\"B&uacute;squeda en Google\">B\u00fasqueda en Google<\/option><option value=\"De boca en boca\">De boca en boca<\/option><option value=\"Cliente existente\">Cliente existente<\/option><option value=\"Publicidad\">Publicidad<\/option><option value=\"Redes sociales\">Redes sociales<\/option><\/select><\/div><\/div><\/div><div class=\"vfb-clearfix\"><\/div><div class=\"vfb-col-12 vfb-fieldType-checkbox\" id=\"vfbField39\"><label for=\"vfb-field-39\" class=\"vfb-control-label\">Condiciones generales <span class=\"vfb-required-asterisk\">*<\/span><\/label><div><div class=\"vfb-checkbox\"><label><input id=\"vfb-field-39-0\" class=\"\" placeholder=\"\" data-vfb-multiple=\"vfb-field-39\" required=\"required\" type=\"checkbox\" name=\"vfb-field-39[0]\" value=\"1\"><a href=\"https:\/\/www.kingdom-limousines.com\/es\/cgv\/\" target=\"_blank\">Acepto las condiciones<\/a><\/label><\/div><\/div><\/div><div class=\"vfb-clearfix\"><\/div><div class=\"vfb-col-12 vfb-fieldType-submit\" id=\"vfbField40\"><button id=\"vfb-field-40\" class=\" btn btn-primary\" placeholder=\"\" type=\"submit\" name=\"_vfb-submit\">Enviar<\/button><\/div><div class=\"vfb-clearfix\"><\/div><\/form>[\/vc_column_text][\/vc_column][vc_column width=\u00bb1\/3&#8243;][vc_column_text css=\u00bb\u00bb animation=\u00bbrda_fadeIn\u00bb el_class=\u00bbkingjustify\u00bb]<\/p>\n<h2>Su opini\u00f3n es importante<\/h2>\n<div class=\"navbar navbar-default navbar-fixed-top\">\n<div class=\"container\">\n<p>KINGDOM LIMOUSINES (Alpes Mar\u00edtimos) est\u00e1 en proceso de obtener la etiqueta Qualit\u00e9 Tourisme\u2122.<\/p>\n<p>\u00a1Hola !<\/p>\n<p>Su opini\u00f3n nos permitir\u00e1 mejorar la calidad de los servicios ofrecidos para satisfacerle mejor. Por favor, escanee el c\u00f3digo QR y t\u00f3mese unos minutos de su tiempo para responder a algunas preguntas. Muchas gracias.<\/p>\n<\/div>\n<\/div>\n<p>[\/vc_column_text][vc_single_image image=\u00bb361900&#8243; img_size=\u00bbfull\u00bb alignment=\u00bbcenter\u00bb onclick=\u00bbcustom_link\u00bb img_link_target=\u00bb_blank\u00bb css=\u00bb\u00bb link=\u00bbhttps:\/\/qt.atout-france.fr\/qt158776&#8243;][\/vc_column][\/vc_row][vc_row css=\u00bb.vc_custom_1422986141213{margin-bottom: 0px !important;padding-top: 148px !important;}\u00bb parallax_background=\u00bb\u00bb][vc_column width=\u00bb1\/3&#8243; css=\u00bb.vc_custom_1422986149466{padding-bottom: 25px !important;}\u00bb]<style type=\"text\/css\" >#rand_ba7d877ff6e87ff1cbc244ddd620c762475dd4ea {margin-top:0px; margin-bottom:0px; }<\/style><style type=\"text\/css\" >#rand_ba7d877ff6e87ff1cbc244ddd620c762475dd4ea:hover .icon_circle i{color:#baa168 !important;}#rand_ba7d877ff6e87ff1cbc244ddd620c762475dd4ea:hover .icon_circle{background:#2d3e50 !important; border:4px solid #baa168!important;}<\/style> <style type='text\/css'> @font-face{font-family: 'fa'; src:url('https:\/\/www.kingdom-limousines.com\/wp-content\/themes\/thefox\/includes\/4k-icons\/icons\/4k-icons-pack02\/icons\/fonts\/fa.eot'); src:url('https:\/\/www.kingdom-limousines.com\/wp-content\/themes\/thefox\/includes\/4k-icons\/icons\/4k-icons-pack02\/icons\/fonts\/fa.eot?#iefix') format('embedded-opentype'), url('https:\/\/www.kingdom-limousines.com\/wp-content\/themes\/thefox\/includes\/4k-icons\/icons\/4k-icons-pack02\/icons\/fonts\/fa.woff') format('woff'), url('https:\/\/www.kingdom-limousines.com\/wp-content\/themes\/thefox\/includes\/4k-icons\/icons\/4k-icons-pack02\/icons\/fonts\/fa.ttf') format('truetype'), url('https:\/\/www.kingdom-limousines.com\/wp-content\/themes\/thefox\/includes\/4k-icons\/icons\/4k-icons-pack02\/icons\/fonts\/fa.svg#oi') format('svg'); font-weight: normal; font-style: normal;}#rand_ba7d877ff6e87ff1cbc244ddd620c762475dd4ea .fa-home:before{font-family: 'fa'; font-weight: normal; font-style: normal;}#rand_ba7d877ff6e87ff1cbc244ddd620c762475dd4ea .fa-home:before{content: \"\\f015\";}<\/style>\n<style type=\"text\/css\" >#rand_ba7d877ff6e87ff1cbc244ddd620c762475dd4ea:hover {background:rgba(44,62,80,0.01) !important; border:1px solid rgba(0,0,0,0.01) !important; color:!important;}#rand_ba7d877ff6e87ff1cbc244ddd620c762475dd4ea:hover .icon_circle{background:#2c3e50 !important; border:4px solid #baa168!important;}#rand_ba7d877ff6e87ff1cbc244ddd620c762475dd4ea:hover .icon_circle i{color:#baa168 !important;}#rand_ba7d877ff6e87ff1cbc244ddd620c762475dd4ea:hover h3{color:#2c3e50 !important;}#rand_ba7d877ff6e87ff1cbc244ddd620c762475dd4ea:hover h3{color:#2c3e50 !important;}#rand_ba7d877ff6e87ff1cbc244ddd620c762475dd4ea:hover p{ color:;}<\/style> <div id=\"rand_ba7d877ff6e87ff1cbc244ddd620c762475dd4ea\" class=\"icon_box2_alt \" style=\"background:#ffffff; border:1px solid #ffffff; \"><div class=\"icon_circle\" style=\"background-color:#baa168;\"><i class=\"fa-home\" ><\/i><\/div><h3 style=\"color:#2c3e50;\" >Francia | Cannes<\/h3><p style=\"color:;\" ><div class=\"rank-math-contact-info show-name show-organization_description show-email show-address show-hours show-phone show-additional_info show-map\"><div class=\"rank-math-contact-section rank-math-contact-name\">\t\t<h4 class=\"rank-math-name\">\n\t\t\t<a href=\"https:\/\/www.kingdom-limousines.com\">Kingdom Limousines C\u00f4te d&#039;Azur<\/a>\n\t\t<\/h4>\n\t\t<\/div><div class=\"rank-math-contact-section rank-math-contact-organization_description\"><\/div><div class=\"rank-math-contact-section rank-math-contact-email\">\t\t<div class=\"rank-math-email\">\n\t\t\t<label>Correo electr\u00f3nico:<\/label>\n\t\t\t<a href=\"mailto:info@kingdom-limousines.com\">info@kingdom-limousines.com<\/a>\n\t\t<\/div>\n\t\t<\/div><div class=\"rank-math-contact-section rank-math-contact-address\">\t\t<label>Direcci\u00f3n:<\/label>\n\t\t<address><span class=\"contact-address-streetAddress\">33 Avenue Marechal Juin<\/span><br \/>\r\n<span class=\"contact-address-postalCode\">06400<\/span> <span class=\"contact-address-addressLocality\">Cannes<\/span><br \/>\r\n<span class=\"contact-address-addressRegion\">Alpes-Maritimes<\/span> <br \/>\r\n<span class=\"contact-address-addressCountry\">France<\/span><\/address>\n\t\t<\/div><div class=\"rank-math-contact-section rank-math-contact-hours\">\t\t<label>Horas:<\/label>\n\t\t<div class=\"rank-math-contact-hours-details\">\n\t\t\t<div class=\"rank-math-opening-hours\"><span class=\"rank-math-opening-days\">lunes, martes, mi\u00e9rcoles, jueves, viernes, s\u00e1bado, domingo<\/span><span class=\"rank-math-opening-time\">00:00\u201323:59<\/span><\/div>\t\t<\/div>\n\t\t<\/div><div class=\"rank-math-contact-section rank-math-contact-phone\">\t\t\t<div class=\"rank-math-phone-number type-customersupport\">\n\t\t\t\t<label>Servicio al cliente:<\/label>\n\t\t\t\t<span><a href=\"tel:+33483736124\">+33483736124<\/a><\/span>\n\t\t\t<\/div>\n\t\t\t<\/div><div class=\"rank-math-contact-section rank-math-contact-additional_info\"><\/div><div class=\"rank-math-contact-section rank-math-contact-map\">\t\t<iframe src=\"\/\/maps.google.com\/maps?q=33%20Avenue%20Marechal%20Juin%20Cannes%20Alpes-Maritimes%2006400%20France&#038;z=15&#038;output=embed&#038;key=AIzaSyCAqB7YQYu7WkqDQuNOcN0sS5feYNkWDRM\"><\/iframe>\n\t\t<\/div><\/div><div class=\"clear\"><\/div><\/div>[\/vc_column][vc_column width=\u00bb1\/3&#8243; css=\u00bb.vc_custom_1422986154812{padding-bottom: 25px !important;}\u00bb]<style type=\"text\/css\" >#rand_1d7c049b5e4b9ad15f86b905fdb1a251646fbd53 {margin-top:0px; margin-bottom:0px; }<\/style><style type=\"text\/css\" >#rand_1d7c049b5e4b9ad15f86b905fdb1a251646fbd53:hover .icon_circle i{color:#baa168 !important;}#rand_1d7c049b5e4b9ad15f86b905fdb1a251646fbd53:hover .icon_circle{background:#2d3e50 !important; border:4px solid #baa168!important;}<\/style> <style type='text\/css'> @font-face{font-family: 'fa'; src:url('https:\/\/www.kingdom-limousines.com\/wp-content\/themes\/thefox\/includes\/4k-icons\/icons\/4k-icons-pack02\/icons\/fonts\/fa.eot'); src:url('https:\/\/www.kingdom-limousines.com\/wp-content\/themes\/thefox\/includes\/4k-icons\/icons\/4k-icons-pack02\/icons\/fonts\/fa.eot?#iefix') format('embedded-opentype'), url('https:\/\/www.kingdom-limousines.com\/wp-content\/themes\/thefox\/includes\/4k-icons\/icons\/4k-icons-pack02\/icons\/fonts\/fa.woff') format('woff'), url('https:\/\/www.kingdom-limousines.com\/wp-content\/themes\/thefox\/includes\/4k-icons\/icons\/4k-icons-pack02\/icons\/fonts\/fa.ttf') format('truetype'), url('https:\/\/www.kingdom-limousines.com\/wp-content\/themes\/thefox\/includes\/4k-icons\/icons\/4k-icons-pack02\/icons\/fonts\/fa.svg#oi') format('svg'); font-weight: normal; font-style: normal;}#rand_1d7c049b5e4b9ad15f86b905fdb1a251646fbd53 .fa-home:before{font-family: 'fa'; font-weight: normal; font-style: normal;}#rand_1d7c049b5e4b9ad15f86b905fdb1a251646fbd53 .fa-home:before{content: \"\\f015\";}<\/style>\n<style type=\"text\/css\" >#rand_1d7c049b5e4b9ad15f86b905fdb1a251646fbd53:hover {background:rgba(44,62,80,0.01) !important; border:1px solid rgba(0,0,0,0.01) !important; color:!important;}#rand_1d7c049b5e4b9ad15f86b905fdb1a251646fbd53:hover .icon_circle{background:#2c3e50 !important; border:4px solid #baa168!important;}#rand_1d7c049b5e4b9ad15f86b905fdb1a251646fbd53:hover .icon_circle i{color:#baa168 !important;}#rand_1d7c049b5e4b9ad15f86b905fdb1a251646fbd53:hover h3{color:#2c3e50 !important;}#rand_1d7c049b5e4b9ad15f86b905fdb1a251646fbd53:hover h3{color:#2c3e50 !important;}#rand_1d7c049b5e4b9ad15f86b905fdb1a251646fbd53:hover p{ color:;}<\/style> <div id=\"rand_1d7c049b5e4b9ad15f86b905fdb1a251646fbd53\" class=\"icon_box2_alt \" style=\"background:#ffffff; border:1px solid #ffffff; \"><div class=\"icon_circle\" style=\"background-color:#baa168;\"><i class=\"fa-home\" ><\/i><\/div><h3 style=\"color:#2c3e50;\" >Francia | Par\u00eds<\/h3><p style=\"color:;\" ><div class=\"rank-math-business-wrapper\"><h3 class=\"rank-math-business-name\">Kingdom Limousines Paris<\/h3><h5>Direcci\u00f3n:<\/h5><address><span class=\"contact-address-streetAddress\">47 Boulevard de Courcelles<\/span><br \/>\r\n<span class=\"contact-address-postalCode\">75008<\/span> <span class=\"contact-address-addressLocality\">Paris<\/span><br \/>\r\n<span class=\"contact-address-addressRegion\">\u00cele-de-France<\/span> <br \/>\r\n<span class=\"contact-address-addressCountry\">France<\/span><\/address><div><strong>Tel\u00e9fono<\/strong>: <a href=\"tel:+33483736124\">+33483736124<\/a><\/div><div><strong>Correo electr\u00f3nico<\/strong>: <a href=\"mailto:info@kingdom-limousines.com\">info@kingdom-limousines.com<\/a><\/div><div><strong>URL<\/strong>: https:\/\/www.kingdom-limousines.com\/es\/locations\/paris-france\/<\/div><\/div><\/div>[\/vc_column][vc_column width=\u00bb1\/3&#8243;]<style type=\"text\/css\" >#rand_24bf0ca8293f22ce859a5c31c601b274afbaf9f8 {margin-top:0px; margin-bottom:0px; }<\/style><style type=\"text\/css\" >#rand_24bf0ca8293f22ce859a5c31c601b274afbaf9f8:hover .icon_circle i{color:#baa168 !important;}#rand_24bf0ca8293f22ce859a5c31c601b274afbaf9f8:hover .icon_circle{background:#2d3e50 !important; border:4px solid #baa168!important;}<\/style> <style type='text\/css'> @font-face{font-family: 'ft'; src:url('https:\/\/www.kingdom-limousines.com\/wp-content\/themes\/thefox\/includes\/4k-icons\/icons\/4k-icons-pack03\/icons\/fonts\/ft.eot'); src:url('https:\/\/www.kingdom-limousines.com\/wp-content\/themes\/thefox\/includes\/4k-icons\/icons\/4k-icons-pack03\/icons\/fonts\/ft.eot?#iefix') format('embedded-opentype'), url('https:\/\/www.kingdom-limousines.com\/wp-content\/themes\/thefox\/includes\/4k-icons\/icons\/4k-icons-pack03\/icons\/fonts\/ft.woff') format('woff'), url('https:\/\/www.kingdom-limousines.com\/wp-content\/themes\/thefox\/includes\/4k-icons\/icons\/4k-icons-pack03\/icons\/fonts\/ft.ttf') format('truetype'), url('https:\/\/www.kingdom-limousines.com\/wp-content\/themes\/thefox\/includes\/4k-icons\/icons\/4k-icons-pack03\/icons\/fonts\/ft.svg#oi') format('svg'); font-weight: normal; font-style: normal;}#rand_24bf0ca8293f22ce859a5c31c601b274afbaf9f8 .ft-world8:before{font-family: 'ft'; font-weight: normal; font-style: normal;}#rand_24bf0ca8293f22ce859a5c31c601b274afbaf9f8 .ft-world8:before{content: \"\\e83b\";}<\/style>\n<style type=\"text\/css\" >#rand_24bf0ca8293f22ce859a5c31c601b274afbaf9f8:hover {background:rgba(44,62,80,0.01) !important; border:1px solid rgba(0,0,0,0.01) !important; color:!important;}#rand_24bf0ca8293f22ce859a5c31c601b274afbaf9f8:hover .icon_circle{background:#2c3e50 !important; border:4px solid #baa168!important;}#rand_24bf0ca8293f22ce859a5c31c601b274afbaf9f8:hover .icon_circle i{color:#baa168 !important;}#rand_24bf0ca8293f22ce859a5c31c601b274afbaf9f8:hover h3{color:#2c3e50 !important;}#rand_24bf0ca8293f22ce859a5c31c601b274afbaf9f8:hover h3{color:#2c3e50 !important;}#rand_24bf0ca8293f22ce859a5c31c601b274afbaf9f8:hover p{ color:;}<\/style> <div id=\"rand_24bf0ca8293f22ce859a5c31c601b274afbaf9f8\" class=\"icon_box2_alt \" style=\"background:#ffffff; border:1px solid #ffffff; \"><div class=\"icon_circle\" style=\"background-color:#baa168;\"><i class=\"ft-world8\" ><\/i><\/div><h3 style=\"color:#2c3e50;\" >United States<\/h3><p style=\"color:;\" ><div class=\"rank-math-business-wrapper\"><h3 class=\"rank-math-business-name\">Kingdom C\u00f4te d&#039;Azur Worldwide Chauffeured Services<\/h3><h5>Direcci\u00f3n:<\/h5><address><span class=\"contact-address-streetAddress\">1065 Southwest 8th Street<\/span><br \/>\r\n<span class=\"contact-address-postalCode\">33130<\/span> <span class=\"contact-address-addressLocality\">Miami<\/span><br \/>\r\n<span class=\"contact-address-addressRegion\">Florida<\/span> <br \/>\r\n<span class=\"contact-address-addressCountry\">US<\/span><\/address><div><strong>Tel\u00e9fono<\/strong>: <a href=\"tel:+18006163742\">+18006163742<\/a><\/div><div><strong>Correo electr\u00f3nico<\/strong>: <a href=\"mailto:info@kingdom-limousines.com\">info@kingdom-limousines.com<\/a><\/div><div><strong>URL<\/strong>: https:\/\/www.kingdom-limousines.com\/es\/locations\/florida\/<\/div><\/div><\/div>[\/vc_column][\/vc_row]<\/p>\n<\/div>","protected":false},"excerpt":{"rendered":"<p>[vc_row type=\u00bbfull-width-content\u00bb css=\u00bb.vc_custom_1422983053417{margin-bottom: 0px !important;padding-top: 0px !important;}\u00bb parallax_background=\u00bb\u00bb][vc_column] [\/vc_column][\/vc_row][vc_row css=\u00bb.vc_custom_1733824710602{margin-top: 40px !important;}\u00bb parallax_background=\u00bb\u00bb][vc_column width=\u00bb2\/3&#8243;][vc_column_text css=\u00bb\u00bb] Formulario de contacto If you are human, leave this field blank.Nombre *Apellidos *Tel\u00e9fono *Correo electr\u00f3nico *Fecha solicitada *Servicio requerido *Mensaje *\u00bfC\u00f3mo nos conoci\u00f3? *B\u00fasqueda en GoogleDe boca en bocaCliente existentePublicidadRedes socialesCondiciones generales *Acepto las condicionesEnviar[\/vc_column_text][\/vc_column][vc_column width=\u00bb1\/3&#8243;][vc_column_text css=\u00bb\u00bb animation=\u00bbrda_fadeIn\u00bb el_class=\u00bbkingjustify\u00bb] Su<br \/><a href=\"https:\/\/www.kingdom-limousines.com\/es\/contacto\/\" class=\"more\">Read more<\/a><\/p>\n","protected":false},"author":1,"featured_media":0,"parent":0,"menu_order":0,"comment_status":"closed","ping_status":"closed","template":"","meta":{"rank_math_title":"%title% %sep% %sitename% C\u00f4te d'Azur","rank_math_description":"","rank_math_focus_keyword":"","footnotes":""},"class_list":["post-321759","page","type-page","status-publish","hentry"],"_links":{"self":[{"href":"https:\/\/www.kingdom-limousines.com\/es\/wp-json\/wp\/v2\/pages\/321759","targetHints":{"allow":["GET"]}}],"collection":[{"href":"https:\/\/www.kingdom-limousines.com\/es\/wp-json\/wp\/v2\/pages"}],"about":[{"href":"https:\/\/www.kingdom-limousines.com\/es\/wp-json\/wp\/v2\/types\/page"}],"author":[{"embeddable":true,"href":"https:\/\/www.kingdom-limousines.com\/es\/wp-json\/wp\/v2\/users\/1"}],"replies":[{"embeddable":true,"href":"https:\/\/www.kingdom-limousines.com\/es\/wp-json\/wp\/v2\/comments?post=321759"}],"version-history":[{"count":11,"href":"https:\/\/www.kingdom-limousines.com\/es\/wp-json\/wp\/v2\/pages\/321759\/revisions"}],"predecessor-version":[{"id":3036372,"href":"https:\/\/www.kingdom-limousines.com\/es\/wp-json\/wp\/v2\/pages\/321759\/revisions\/3036372"}],"wp:attachment":[{"href":"https:\/\/www.kingdom-limousines.com\/es\/wp-json\/wp\/v2\/media?parent=321759"}],"curies":[{"name":"wp","href":"https:\/\/api.w.org\/{rel}","templated":true}]}}