{"id":327493,"date":"2023-01-27T14:32:17","date_gmt":"2023-01-27T13:32:17","guid":{"rendered":"https:\/\/www.kingdom-limousines.com\/presse-media\/"},"modified":"2024-12-13T12:03:11","modified_gmt":"2024-12-13T11:03:11","slug":"prensa-y-medios","status":"publish","type":"page","link":"https:\/\/www.kingdom-limousines.com\/es\/prensa-y-medios\/","title":{"rendered":"Prensa y medios"},"content":{"rendered":"<div class=\"wpb-content-wrapper\"><p>[vc_row type=\u00bbfull-width-section\u00bb font_color=\u00bb#ffffff\u00bb parallax_background=\u00bb\u00bb css=\u00bb.vc_custom_1674827123003{margin-bottom: 0px !important;padding-top: 180px !important;padding-bottom: 290px !important;background-image: url(https:\/\/www.kingdom-limousines.com\/wp-content\/uploads\/2023\/01\/Presse-Media-Kingdom-Limousines.jpg?id=17632) !important;background-position: center !important;background-repeat: no-repeat !important;background-size: cover !important;}\u00bb][vc_column][vc_custom_heading text=\u00bbPrensa y medios\u00bb font_container=\u00bbtag:h1|text_align:center|color:%23202b38&#8243; use_theme_fonts=\u00bbyes\u00bb css=\u00bb.vc_custom_1734087745094{margin-top: -100px !important;}\u00bb][\/vc_column][\/vc_row][vc_row css=\u00bb.vc_custom_1506091232331{padding-top: 40px !important;}\u00bb][vc_column][vc_column_text css=\u00bb\u00bb animation=\u00bbrda_fadeIn\u00bb]<\/p>\n<p style=\"text-align: center;\">Nos enorgullece compartir publicaciones de prensa que demuestran nuestro compromiso con la calidad y la satisfacci\u00f3n del cliente. Tanto si busca informaci\u00f3n sobre nuestros servicios como si simplemente siente curiosidad por saber lo que la prensa dice de nosotros, ha llegado al lugar adecuado. Le invitamos a navegar por nuestra p\u00e1gina de Prensa y Medios de Comunicaci\u00f3n para saber m\u00e1s sobre nuestra empresa y nuestro compromiso de ofrecer los mejores servicios de transporte de lujo en la Costa Azul.<\/p>\n<p>[\/vc_column_text][\/vc_column][\/vc_row][vc_row type=\u00bbfull-width-content\u00bb css=\u00bb.vc_custom_1589550919039{margin-bottom: 0px !important;padding-top: 60px !important;padding-bottom: 60px !important;background-color: #f9fafb !important;}\u00bb parallax_background=\u00bb\u00bb][vc_column][vc_column_text css=\u00bb\u00bb animation=\u00bbrda_fadeIn\u00bb el_class=\u00bbgold\u00bb]<\/p>\n<h2 style=\"text-align: center;\">Estos son algunos art\u00edculos de prensa sobre Kingdom Limousines<\/h2>\n<p>[\/vc_column_text]<style type=\"text\/css\" >.post-title h2 a{color:#baa168;}.post-title h2 a:hover{color:#baa68f;}.post,.post .post-info a{color:#333333;}.mejs-container .mejs-controls,.audio_ctn{background:#333333 !important;}.post_quote_text,.post_quote_author{background:#baa68f; color:#ffffff;}.post a{color:#baa168;}.post a:hover,.post .post-info a:hover{color:#baa68f;}.post .more-link{color:#baa168; border:1px solid #baa168;}.post .more-link:hover{background:#baa168; color:#ffffff;}.mejs-controls .mejs-time-rail .mejs-time-current{background:#baa168 !important;}.post .post-info{border-bottom:1px solid #ebebeb;}.blog_load_more_cont .btn_load_more{background:#ffffff; color:#baa168; border:1px solid #baa168;}.blog_load_more_cont .btn_load_more .refresh_icn:before{color:#baa168;}.blog_load_more_cont .btn_load_more:hover{background:#baa168; color:#ffffff; border:1px solid #baa168;}.blog_load_more_cont .btn_load_more:hover .refresh_icn:before{color:#ffffff;}.navigation .pagination span,.navigation .pagination a{border:1px solid #ecf0f1; color:#333333; background:#ffffff;}.navigation .pagination .current,.navigation .pagination span:hover,.navigation .pagination a:hover{ color:#ffffff !important; background:#6f675f; border:1px solid #6f675f; }.navigation{border-top:1px solid #ecf0f1;}.pagination_current_position{color:#333333;}.standard_trend_post_wrapper .post-title h2:after{color:#333333;}.standard_trend_post_wrapper .post-info,.standard_trend_post_wrapper .post-info a{color:#baa168;}.standard_trend_post_wrapper .more{background:#baa68f; color:#fff;}.standard_trend_post_wrapper .more:hover{background:#baa168; color:#fff;}.standard_trend_post_wrapper .post-info-bottom{border-top:1px solid #ebebeb; color:#333333;}.standard_trend_post_wrapper .post-info-bottom a{color:#333333;}.masonry_post_wrapper,.masonry_post_wrapper .post-info a,.masonry_post_wrapper .post-bottom-info a{color:#333333;}.masonry_post_wrapper a{color:#baa168;}.masonry_post_wrapper a:hover,.masonry_post_wrapper .post-info a:hover,.masonry_post_wrapper .post-bottom-info a:hover{color:#baa68f;}.masonry_post_wrapper .more-link{color:#baa168; border:1px solid #baa168;}.masonry_post_wrapper .more-link:hover{background:#baa168; color:#ffffff;}.masonry_post_wrapper{background:#ffffff; border:1px solid #ebebeb;}.masonry_post_wrapper .post-info{border-bottom:1px solid #ebebeb;}.masonry_post_wrapper .post-bottom-info{border-top:1px solid #ebebeb;}.masonry_post_wrapper .flex-direction-nav li a{color:#baa168; background:#ffffff;}.post_masonry .more-link,.post_timeline .more{color:#ffffff; border:1px solid #baa168; background:#baa168}.post_masonry .more-link:hover{background:#baa68f; color:#ffffff; border:1px solid #baa68f;}.grid_blog_post .more{color:#baa168; border:1px solid #baa168; background:#ffffff}.grid_blog_post .more:hover{background:#baa168; color:#ffffff; border:1px solid #baa168;}.post.multi_author_post .more-link{color:#baa168;  background:none; border:none;}.post.multi_author_post .more-link:hover{color:#baa68f; background:none; border:none; }.trending_post_wrapper,.standard_trend_post_wrapper{background:#ffffff; border:1px solid #ebebeb}div.post_timeline:after,div.post_timeline:before{background:#ffffff; box-shadow: 0 0 0 3px #ffffff; border:1px solid #baa168}.timeline_ctn .v_line{background: #baa168; background: -moz-linear-gradient(top, #baa168 1%, #baa68f 100%); background: -webkit-gradient(linear, left top, left bottom, color-stop(1%,#baa168), color-stop(100%,#baa68f)); background: -webkit-linear-gradient(top, #baa168 1%,#baa68f 100%); background: -o-linear-gradient(top, #baa168 1%,#baa68f 100%); background: -ms-linear-gradient(top, #baa168 1%,#baa68f 100%); background: linear-gradient(to bottom, #baa168 1%,#baa68f 100%); filter: progid:DXImageTransform.Microsoft.gradient( startColorstr=\"#baa168\", endColorstr=\"#baa68f\",GradientType=0 );}.timeline_month{background:#ffffff;}.post_timeline .arrow_l,.post_timeline .arrow_r{color:#baa168;}.post_timeline:hover .arrow_l,.post_timeline:hover .arrow_r{color:#baa68f;}.timeline_pd_l,.timeline_pd_r{background:#baa168; color:#ffffff;}.timeline_pd_l:before,.timeline_pd_r:before{border-color:transparent #baa168 transparent;}.post-attachement a.blog_img_overlay:before{background:#baa68f;}.masonry_post_wrapper{box-shadow:0 0px 0px #ffffff, 0 10px 0 -1px #ffffff, 0 0px 0px 0px #ffffff,0 0px 0px #ffffff, 0 10px 0 0px #ebebeb, 0px 0px 0px 0px #ffffff;}.author_date_ctn .rounded_date_ctn{border-color:#ffffff; color:#ffffff; background:#baa168;}.multi_author_post:hover .rounded_date_ctn,.author_date_ctn:before{background:#baa168;}.multi_author_ctn,.multi_author_ctn:after,.author_date_ctn img{background:#ffffff; border:1px solid #ebebeb; }.business_author_post .post_b_author a{color:#baa168; }.business_author_post .post_b_date{color:#999999; }.business_author_post .entry,.business_author_post .entry p{color:#333333; }.business_author_post .post_b_category a{background:#f6f7f8; border:1px solid #ebebeb; color:#999999; }.business_author_post .post-info a:first-child{color:#baa168; }.business_author_post .post-info a:hover:first-child{color:#baa168; }.business_author_post .post-info a,.business_author_post .post-info{color:#999999;}.business_author_post .post-info a:hover,.business_author_post .post_b_author a:hover{color:#baa68f;}.business_author_post .post_quote_author,.business_author_post .post_quote_text:after,.business_author_post .post_quote_text{background:#baa168; color:#ffffff;}<\/style><script>\r\n\r\n\r\n\r\njQuery.noConflict();\r\n\r\n\r\n\r\njQuery(document).ready(function($){\r\n\t\"use strict\";\r\n\r\n\r\n\r\n   \/*!!!!!!!!!!!!!!!!!!!!!!!!!!!!!!!!CONFIG!!!!!!!!!!!!!!!!!!!!!!!!!!!!!!!!!!!*\/\r\n\r\n                var html_template = \"type3\";\r\n                var column = \"blog_4_col\";\r\n                var cat = \"presse-media\";\r\n                var tn_size = \"\";\r\n                var more_option = \"cutted\";\r\n\t\t\t\tvar order = \"DESC\";\r\n\t\t\t\tvar orderby = \"date\";\r\n\t\t\t\tvar now_open_works = 0;\r\n                var first_load = true;\r\n\r\n   \/*!!!!!!!!!!!!!!!!!!!!!!!!!!!!!!!!CONFIG!!!!!!!!!!!!!!!!!!!!!!!!!!!!!!!!!!!*\/\r\n\r\n                function get_blog_posts (this_obj) {\r\n\r\n                    if(typeof(this_obj)==\"undefined\") {data_option_value=\"*\";}\r\n                    else {var data_option_value = this_obj.attr(\"data-option-value\");}\r\n\r\n                    if (first_load == true) {\r\n\r\n                        var works_per_load = 100;\r\n                        first_load = false;\r\n\r\n                    } else {\r\n\r\n                        var works_per_load = 4;\r\n\r\n                    }\r\n\r\n                    $.ajax({\r\n\r\n                        type: \"POST\",\r\n                        url: mixajaxurl,\r\n                        data: \"html_template=\"+html_template+\"&now_open_works=\"+now_open_works+\"&action=get_blog_posts\"+\"&works_per_load=\"+works_per_load+\"&column=\"+column+\"&first_load=\"+first_load+\"&category=\"+cat+\"&tn_size=\"+tn_size+\"&more_option=\"+more_option+\"&order=\"+order+\"&orderby=\"+orderby+\"\",\r\n                        success: function(result){\r\n\r\n\t                            if(result.length<1){\r\n                                $(\".rd_bf3cp03kvpkaoabp7rfr.blog_load_more_cont a\").html(\"No m\u00e1s puestos\");\r\n\t                            }\r\n\r\n                            now_open_works = now_open_works + works_per_load;\r\n\t\t\t\t\t\t\tfirst_load = false;\r\n                            var $newItems = $(result);\r\n                            $(\"#rd_bf3cp03kvpkaoabp7rfr\").isotope( 'insert', $newItems, function() {\r\n                            $(\"#rd_bf3cp03kvpkaoabp7rfr\").ready(function(){\r\n                            $(\"#rd_bf3cp03kvpkaoabp7rfr\").isotope('layout');\r\n\r\n                            \/\/Blog\r\n                            $('#rd_bf3cp03kvpkaoabp7rfr .isotope-item').each(function(){\r\n                            $(this).css('margin-top', Math.floor(-1*($(this).height()\/2))+'px');\r\n                            });\r\n                            });\r\n\r\n\r\n                               $(\"#rd_bf3cp03kvpkaoabp7rfr\").isotope('layout');\r\n\r\n\t\t\t\t\t\t\t   $(window).trigger('resize');\r\n\r\n\t\t\t\t\t\t\t});\r\n\r\n\r\n$(\".wpb_row:empty\").remove();\r\n$(\".wpb_column:empty\").remove();\r\n$(\".wpb_wrapper:empty\").remove();\r\n$(\".post-attachement\").fitVids();\r\n$(\".entry\").fitVids();\r\n$(\".video_sc\").fitVids();\r\n\/* global mejs, _wpmejsSettings *\/\r\n\t\/\/ add mime-type aliases to MediaElement plugin support\r\n\tmejs.plugins.silverlight[0].types.push('video\/x-ms-wmv');\r\n\tmejs.plugins.silverlight[0].types.push('audio\/x-ms-wma');\r\n\r\n\t$(function () {\r\n\t\tvar settings = {};\r\n\r\n\t\tif ( typeof _wpmejsSettings !== 'undefined' ) {\r\n\t\t\tsettings = _wpmejsSettings;\r\n\t\t}\r\n\r\n\t\tsettings.success = function (mejs) {\r\n\t\t\tvar autoplay, loop;\r\n\r\n\t\t\tif ( 'flash' === mejs.pluginType ) {\r\n\t\t\t\tautoplay = mejs.attributes.autoplay && 'false' !== mejs.attributes.autoplay;\r\n\t\t\t\tloop = mejs.attributes.loop && 'false' !== mejs.attributes.loop;\r\n\r\n\t\t\t\tautoplay && mejs.addEventListener( 'canplay', function () {\r\n\t\t\t\t\tmejs.play();\r\n\t\t\t\t}, false );\r\n\r\n\t\t\t\tloop && mejs.addEventListener( 'ended', function () {\r\n\t\t\t\t\tmejs.play();\r\n\t\t\t\t}, false );\r\n\t\t\t}\r\n\t\t};\r\n\r\n\t\t$('.wp-audio-shortcode, .wp-video-shortcode').mediaelementplayer( settings );\r\n\t});\r\n\r\n$('.wp-audio-shortcode').removeClass('wp-audio-shortcode');\r\n$('.flexslider').flexslider({\r\nanimation: \"slide\",              \/\/String: Select your animation type, \"fade\" or \"slide\"\r\nslideDirection: \"horizontal\",\r\ndirectionNav: true,\r\nstart: function(slider){ \/\/ init the height of the first item on start\r\nvar $new_height = slider.slides.eq().height();\r\nslider.height($new_height);\r\n},\r\n\r\nbefore: function(slider){ \/\/ init the height of the next item before slide\r\nvar $new_height = slider.slides.eq(slider.animatingTo).height();\r\nif($new_height != slider.height()){\r\nslider.animate({ height: $new_height  }, 400);\r\n\r\n}\r\n}\r\n\r\n});\r\n$('.zilla-likes').unbind().bind('click',\r\n    function() {\r\n        var link = j$(this);\r\n        if(link.hasClass('active')) return false;\r\n\r\n        var id = $(this).attr('id'),\r\n            postfix = link.find('.zilla-likes-postfix').text();\r\n\r\n        $.post(zilla_likes.ajaxurl, { action:'zilla-likes', likes_id:id, postfix:postfix }, function(data){\r\n            link.html(data).addClass('active').attr('title','You already like this');\r\n        });\r\n\r\n        return false;\r\n    });\r\n\r\nif( $('body.ajax-zilla-likes').length ) {\r\n    $('.zilla-likes').each(function(){\r\n        var id = $(this).attr('id');\r\n        $(this).load(zilla_likes.ajaxurl, { action:'zilla-likes', post_id:id });\r\n    });\r\n}\r\n\r\n                           $('a.prettyPhoto').prettyPhoto();\r\n\r\n\t\t\t\t\t\t\t$(\".refresh_icn\").removeClass(\"fa-spin\");\r\n\t\t\t\t\t\t\t$(\".refresh_icn\").removeClass(\"fa-refresh\");\r\n\t\t\t\t\t\t\t$(\".refresh_icn\").addClass(\"fa-plus\");\r\n\r\n                    }\r\n\r\n                    });\r\n\r\n\t\t\t\t}\r\n\r\n                $(\".get_blog_posts_btn\").click(function(){\r\n\t\t\t\t$(\".refresh_icn\").removeClass(\"fa-plus\");\r\n\t\t\t\t$(\".refresh_icn\").addClass(\"fa-refresh\");\r\n                $(\".refresh_icn\").addClass(\"fa-spin\");\r\n                get_blog_posts();\r\n\t\t\t\t\t$(\".masonry_ctn\").isotope('layout');\r\n\r\n\t\t\t\treturn false;\r\n\r\n                });\r\n\r\n\r\n               \/* load at start *\/\r\n\r\n                $(window).load(function(){\r\n\r\n                get_blog_posts();\r\n\r\n\r\n\r\n\r\n$('.masonry_ctn').isotope({\r\n  \/\/ options\r\n  itemSelector : '.ajax_post',\r\n  layoutMode : 'masonry'\r\n});\r\n\r\n\r\nfunction watchblog() {\r\n\r\n$(\".masonry_ctn\").isotope({\r\n  \/\/ options\r\n  itemSelector : '.ajax_post',\r\n  layoutMode : 'masonry'\r\n});\r\n\r\n}\r\n\r\nsetInterval(watchblog, 100);\r\n\r\n});});\r\n\r\n\r\n<\/script>\r\n<div id=\"rd_bf3cp03kvpkaoabp7rfr\" class=\"masonry_ctn blog_masonry ajax_blog\">\r\n<div class=\"blog_load_more_cont rd_bf3cp03kvpkaoabp7rfr\"><a class=\"btn_load_more get_blog_posts_btn\" href=\"#\"><span class=\"fa-plus refresh_icn\"><\/span>Cargar m\u00e1s<\/a><\/div><\/div><div class=\"clear\"><!-- ClearFix --><\/div>[\/vc_column][\/vc_row][vc_row css=\u00bb.vc_custom_1506091232331{padding-top: 40px !important;}\u00bb][vc_column][vc_column_text css=\u00bb\u00bb animation=\u00bbrda_fadeIn\u00bb el_class=\u00bbkingjustify\u00bb]Nuestro servicio de ch\u00f3fer privado, impulsado por la pasi\u00f3n y la atenci\u00f3n por el detalle de nuestros clientes, ofrece una gama de servicios altamente personalizados. Para nosotros es un honor satisfacer todas sus exigencias, adapt\u00e1ndonos a sus necesidades individuales. Kingdom Limousines, l\u00edder en transporte de lujo, garantiza un confort absoluto y un servicio impecable a los destinos m\u00e1s prestigiosos de la Costa Azul: Antibes, Cannes, Niza, M\u00f3naco y St Tropez. Somos el principal proveedor de servicios de ch\u00f3fer y limusinas de lujo en Niza, Cannes, M\u00f3naco y St Tropez. Nuestra sede se encuentra en el aeropuerto privado de Cannes, a s\u00f3lo 15 minutos del aeropuerto de Niza.[\/vc_column_text][\/vc_column][\/vc_row]<\/p>\n<\/div>","protected":false},"excerpt":{"rendered":"<p>[vc_row type=\u00bbfull-width-section\u00bb font_color=\u00bb#ffffff\u00bb parallax_background=\u00bb\u00bb css=\u00bb.vc_custom_1674827123003{margin-bottom: 0px !important;padding-top: 180px !important;padding-bottom: 290px !important;background-image: url(https:\/\/www.kingdom-limousines.com\/wp-content\/uploads\/2023\/01\/Presse-Media-Kingdom-Limousines.jpg?id=17632) !important;background-position: center !important;background-repeat: no-repeat !important;background-size: cover !important;}\u00bb][vc_column][vc_custom_heading text=\u00bbPrensa y medios\u00bb font_container=\u00bbtag:h1|text_align:center|color:%23202b38&#8243; use_theme_fonts=\u00bbyes\u00bb css=\u00bb.vc_custom_1734087745094{margin-top: -100px !important;}\u00bb][\/vc_column][\/vc_row][vc_row css=\u00bb.vc_custom_1506091232331{padding-top: 40px !important;}\u00bb][vc_column][vc_column_text css=\u00bb\u00bb animation=\u00bbrda_fadeIn\u00bb] Nos enorgullece compartir publicaciones de prensa que demuestran nuestro compromiso con la calidad y la satisfacci\u00f3n del cliente. Tanto si busca informaci\u00f3n sobre<br \/><a href=\"https:\/\/www.kingdom-limousines.com\/es\/prensa-y-medios\/\" class=\"more\">Read more<\/a><\/p>\n","protected":false},"author":1,"featured_media":0,"parent":0,"menu_order":0,"comment_status":"closed","ping_status":"closed","template":"","meta":{"rank_math_title":"%title% %sep% %sitename% Costa Azul","rank_math_description":"","rank_math_focus_keyword":"","footnotes":""},"class_list":["post-327493","page","type-page","status-publish","hentry"],"_links":{"self":[{"href":"https:\/\/www.kingdom-limousines.com\/es\/wp-json\/wp\/v2\/pages\/327493","targetHints":{"allow":["GET"]}}],"collection":[{"href":"https:\/\/www.kingdom-limousines.com\/es\/wp-json\/wp\/v2\/pages"}],"about":[{"href":"https:\/\/www.kingdom-limousines.com\/es\/wp-json\/wp\/v2\/types\/page"}],"author":[{"embeddable":true,"href":"https:\/\/www.kingdom-limousines.com\/es\/wp-json\/wp\/v2\/users\/1"}],"replies":[{"embeddable":true,"href":"https:\/\/www.kingdom-limousines.com\/es\/wp-json\/wp\/v2\/comments?post=327493"}],"version-history":[{"count":3,"href":"https:\/\/www.kingdom-limousines.com\/es\/wp-json\/wp\/v2\/pages\/327493\/revisions"}],"predecessor-version":[{"id":327508,"href":"https:\/\/www.kingdom-limousines.com\/es\/wp-json\/wp\/v2\/pages\/327493\/revisions\/327508"}],"wp:attachment":[{"href":"https:\/\/www.kingdom-limousines.com\/es\/wp-json\/wp\/v2\/media?parent=327493"}],"curies":[{"name":"wp","href":"https:\/\/api.w.org\/{rel}","templated":true}]}}