{"id":327513,"date":"2024-12-06T15:28:01","date_gmt":"2024-12-06T14:28:01","guid":{"rendered":"https:\/\/www.kingdom-limousines.com\/statistiques-services-chauffeurs-et-location-voitures-cote-dazur\/"},"modified":"2024-12-13T12:09:48","modified_gmt":"2024-12-13T11:09:48","slug":"estadisticas-servicios-chofer-y-alquiler-coches-costa-azul","status":"publish","type":"page","link":"https:\/\/www.kingdom-limousines.com\/es\/estadisticas-servicios-chofer-y-alquiler-coches-costa-azul\/","title":{"rendered":"Estad\u00edsticas sobre servicios de ch\u00f3fer y alquiler de coches en la Costa Azul"},"content":{"rendered":"<div class=\"wpb-content-wrapper\"><p>[vc_row type=\u00bbfull-width-section\u00bb font_color=\u00bb#ffffff\u00bb parallax_background=\u00bb\u00bb css=\u00bb.vc_custom_1733494092031{margin-bottom: 0px !important;padding-top: 180px !important;padding-bottom: 290px !important;background-image: url(https:\/\/www.kingdom-limousines.com\/wp-content\/uploads\/2020\/05\/presentation-kingdom-limousines-french-riviera.jpg?id=7261) !important;background-position: center !important;background-repeat: no-repeat !important;background-size: cover !important;}\u00bb][vc_column][vc_custom_heading text=\u00bbEstad\u00edsticas sobre servicios de ch\u00f3fer y alquiler de coches en la Costa Azul\u00bb font_container=\u00bbtag:h1|text_align:center|color:%23ffffff\u00bb use_theme_fonts=\u00bbyes\u00bb css=\u00bb.vc_custom_1734087914968{margin-top: -100px !important;}\u00bb][\/vc_column][\/vc_row][vc_row css=\u00bb.vc_custom_1506091232331{padding-top: 40px !important;}\u00bb][vc_column][vc_column_text css=\u00bb\u00bb animation=\u00bbrda_fadeIn\u00bb el_class=\u00bbkingjustify\u00bb]<\/p>\n<h2>Descubra los secretos y las estad\u00edsticas de los servicios de ch\u00f3fer y alquiler de coches en la Costa Azul<\/h2>\n<p>La Costa Azul es sin\u00f3nimo de elegancia, glamour e impresionantes paisajes. Desde sus playas ba\u00f1adas por el sol hasta el encanto chic de M\u00f3naco y Saint-Tropez, este destino emblem\u00e1tico atrae cada a\u00f1o a millones de visitantes en busca de lujo, aventura y experiencias inolvidables.<\/p>\n<p>Pero, \u00bfc\u00f3mo pueden los viajeros explorar esta encantadora regi\u00f3n con estilo? La respuesta est\u00e1 en la creciente popularidad de los servicios de ch\u00f3fer. Ya se trate de un traslado desde el aeropuerto sin contratiempos, una visita tur\u00edstica privada o un lujoso paseo por las famosas carreteras costeras de la Riviera, el transporte adecuado puede convertir su viaje en una aventura realmente extraordinaria.<\/p>\n<p>\u00bfSiente curiosidad por conocer las estad\u00edsticas que hay detr\u00e1s de esta tendencia? Sum\u00e9rjase en nuestra detallada infograf\u00eda, repleta de informaci\u00f3n fascinante y consejos esenciales para recorrer la Costa Azul a todo lujo.[\/vc_column_text][\/vc_column][\/vc_row][vc_row][vc_column][vc_single_image source=\u00bbexternal_link\u00bb external_img_size=\u00bbfull\u00bb alignment=\u00bbcenter\u00bb css=\u00bb\u00bb custom_src=\u00bbhttps:\/\/www.kingdom-limousines.com\/wp-content\/uploads\/infographie\/Chauffeur-Services-Car-Hire-Statistics-French-Riviera.jpg\u00bb][\/vc_column][\/vc_row][vc_row type=\u00bbfull-width-section\u00bb css=\u00bb.vc_custom_1589382847338{padding-top: 40px !important;}\u00bb][vc_column][vc_column_text css=\u00bb.vc_custom_1734088062390{margin-bottom: 23px !important;}\u00bb animation=\u00bbrda_fadeIn\u00bb el_class=\u00bbkingjustify\u00bb]La Costa Azul es uno de los principales destinos tur\u00edsticos de Europa, que ofrece a sus visitantes acceso a magn\u00edficas playas, complejos tur\u00edsticos cosmopolitas y hoteles y restaurantes de lujo. Alquilar un coche o contratar los servicios de un ch\u00f3fer profesional ofrece oportunidades espectaculares para hacer turismo y admirar vistas impresionantes.<\/p>\n<p>Esta infograf\u00eda ofrece una visi\u00f3n general de la popularidad de los servicios de ch\u00f3fer y alquiler de coches en la Costa Azul y destaca las principales estad\u00edsticas del turismo local:<\/p>\n<h2>Servicios de ch\u00f3fer en la Costa Azul<\/h2>\n<ul>\n<li>Los servicios de ch\u00f3fer son muy populares en la Costa Azul<\/li>\n<li>Niza es uno de los lugares m\u00e1s visitados de Francia, con 5 millones de visitantes al a\u00f1o.<\/li>\n<li>La demanda de servicios de ch\u00f3fer en la Costa Azul es mayor en Niza, Saint-Tropez, M\u00f3naco y Cannes, sobre todo en temporada alta.<\/li>\n<li>La demanda de ch\u00f3feres privados en la Costa Azul es alta, por lo que se recomienda reservar con antelaci\u00f3n.<\/li>\n<li>El alquiler de un ch\u00f3fer es muy popular entre los visitantes de Saint-Tropez, donde el transporte p\u00fablico es limitado y las atracciones est\u00e1n muy alejadas unas de otras.<\/li>\n<li>Los servicios de ch\u00f3fer est\u00e1n disponibles para traslados privados al aeropuerto, entregas en hoteles, viajes de larga distancia y visitas tur\u00edsticas a medida.<\/li>\n<li>El tiempo de traslado entre el aeropuerto de Niza Costa Azul y el centro de la ciudad es de s\u00f3lo 15 minutos en traslado privado.<\/li>\n<li>Contratar un ch\u00f3fer en la Costa Azul es una forma lujosa y eficaz de desplazarse. De Niza a M\u00f3naco o Cannes se tarda 45 minutos.<\/li>\n<li>El aeropuerto de Niza dispone de una terminal para jets privados. Contratar los servicios de un ch\u00f3fer es la forma ideal de disfrutar de un viaje de lujo una vez que haya llegado a su destino.<\/li>\n<li>La Costa Azul cuenta con m\u00e1s de 70 millas de costa, lo que la convierte en el destino perfecto para un viaje de lujo por carretera con ch\u00f3fer.<\/li>\n<li>El 55% de los visitantes acceden a la Costa Azul por carretera.<\/li>\n<\/ul>\n<h2>Explorar la Costa Azul en coche<\/h2>\n<ul>\n<li>La excursi\u00f3n m\u00e1s popular en la Costa Azul es por las Corniches, un tramo de carretera costera que discurre entre Niza y Montecarlo.<\/li>\n<li>Alquilar un coche o un ch\u00f3fer facilita la exploraci\u00f3n de los destinos m\u00e1s populares, como Antibes, St-Paul-de-Vence, \u00c8ze y Cannes.<\/li>\n<li>Los alrededores de Saint-Tropez se exploran mejor en coche. Destacan el pueblo de Grimaud, las playas de Ramatuelle y las catas de vino en los vi\u00f1edos locales de rosado.<\/li>\n<li>Los visitantes tienen la opci\u00f3n de alquilar un coche o utilizar un servicio de ch\u00f3fer privado para explorar la regi\u00f3n.<\/li>\n<li>M\u00e1s del 60% de los turistas que visitan Francia llegan a su destino en coche.<\/li>\n<\/ul>\n<h2>Estad\u00edsticas tur\u00edsticas de la Costa Azul<\/h2>\n<ul>\n<li>Niza es el segundo destino tur\u00edstico m\u00e1s popular de Francia despu\u00e9s de Par\u00eds.<\/li>\n<li>M\u00e1s de 13 millones de turistas visitan la Costa Azul cada a\u00f1o.<\/li>\n<li>El 97% de los turistas de Niza disfrutan de su estancia.<\/li>\n<li>La Costa Azul disfruta de 300 d\u00edas de sol al a\u00f1o.<\/li>\n<li>La Costa Azul es uno de los destinos m\u00e1s exclusivos de Europa. M\u00e1s del 50% de las plazas hoteleras son de 4-5 estrellas.<\/li>\n<li>La regi\u00f3n atrae a m\u00e1s de 200.000 visitantes al d\u00eda.<\/li>\n<li>El aeropuerto de Niza-Costa Azul es el segundo m\u00e1s transitado de Francia, despu\u00e9s del Charles de Gaulle.<\/li>\n<li>Agosto es el mes m\u00e1s popular para visitar la regi\u00f3n, con la mayor demanda de hoteles, alquiler de coches y servicios de ch\u00f3fer.<\/li>\n<li>La mayor\u00eda de los turistas de la Costa Azul proceden de Italia, Reino Unido,<\/li>\n<li>Estados Unidos y Alemania. Estos cuatro pa\u00edses representan m\u00e1s del 40% de los visitantes internacionales.<\/li>\n<\/ul>\n<h2>Tendencias del alquiler de coches en la Costa Azul<\/h2>\n<ul>\n<li>El coste medio del alquiler de coches en Niza var\u00eda seg\u00fan la temporada.<\/li>\n<li>Durante la temporada baja, en noviembre, el coste medio diario para veh\u00edculos b\u00e1sicos es de 18,10 \u00a3. Alquilar un coche en el aeropuerto suele ser la opci\u00f3n m\u00e1s barata.<\/li>\n<li>Los precios de alquiler de coches en Niza son m\u00e1s altos durante las fiestas nacionales y la temporada alta de turismo de verano. En agosto, los modelos m\u00e1s baratos pueden superar los 100 euros al d\u00eda.<\/li>\n<li>El aeropuerto de Niza Costa Azul es el lugar m\u00e1s popular para alquilar un coche en la Costa Azul.<\/li>\n<li>Las principales compa\u00f1\u00edas de alquiler de coches disponibles en el aeropuerto de Niza son Enterprise, Avis, Sixt y Europcar. El alquiler de coches tambi\u00e9n es muy popular en el centro de Niza, con la mayor\u00eda de las agencias situadas en el Paseo de los Ingleses.<\/li>\n<li>El alquiler de coches de lujo es muy popular en la Costa Azul. M\u00f3naco es la capital mundial de los supercoches, con m\u00e1s de 3.000 por cada 1.000 conductores, seg\u00fan los hashtags de Instagram.<\/li>\n<li>El mercado de alquiler de coches en Francia crece m\u00e1s de un 2 % interanual.<\/li>\n<\/ul>\n<h2>Fuentes:<\/h2>\n<ul>\n<li>https:\/\/www.easycar.com\/car-hire\/france\/nice.html<\/li>\n<li>https:\/\/visitthefrenchriviera.com\/rent-a-car\/<\/li>\n<li>https:\/\/www.statista.com\/statistics\/1042569\/modes-of-transports-used-by-tourists-to-travel-france\/<\/li>\n<li>https:\/\/www.leshuttle.com\/uk-en\/discover\/traveller-guides\/take-to-the-road-les-corniches<\/li>\n<li>https:\/\/www.explorenicecotedazur.com\/en\/press-room\/key-figures\/<\/li>\n<li>http:\/\/www.cotedazur-touriscope.com\/pdf\/chiffres\/2019\/Chiffres-cles-2019-GB.pdf<\/li>\n<li>https:\/\/www.autoweek.com\/news\/sports-cars\/a36574028\/country-with-most-supercars\/<\/li>\n<\/ul>\n<p>[\/vc_column_text][\/vc_column][\/vc_row][vc_row a_select=\u00bb1&#8243; css=\u00bb.vc_custom_1420033115975{margin-bottom: 0px;padding-top: 29px;padding-bottom: 35px;}\u00bb][vc_column animation=\u00bbrda_fadeInUp\u00bb][vc_custom_heading text=\u00bbEspere de nosotros s\u00f3lo lo mejor.\u00bb font_container=\u00bbtag:p|font_size:24|text_align:center|color:%23a1b1bc\u00bb google_fonts=\u00bbfont_family:Lato%3A100%2C100italic%2C300%2C300italic%2Cregular%2Citalic%2C700%2C700italic%2C900%2C900italic|font_style:300%20light%20regular%3A300%3Anormal\u00bb css=\u00bb.vc_custom_1734088074130{margin-bottom: 0px !important;}\u00bb][\/vc_column][\/vc_row]<\/p>\n<\/div>","protected":false},"excerpt":{"rendered":"<p>[vc_row type=\u00bbfull-width-section\u00bb font_color=\u00bb#ffffff\u00bb parallax_background=\u00bb\u00bb css=\u00bb.vc_custom_1733494092031{margin-bottom: 0px !important;padding-top: 180px !important;padding-bottom: 290px !important;background-image: url(https:\/\/www.kingdom-limousines.com\/wp-content\/uploads\/2020\/05\/presentation-kingdom-limousines-french-riviera.jpg?id=7261) !important;background-position: center !important;background-repeat: no-repeat !important;background-size: cover !important;}\u00bb][vc_column][vc_custom_heading text=\u00bbEstad\u00edsticas sobre servicios de ch\u00f3fer y alquiler de coches en la Costa Azul\u00bb font_container=\u00bbtag:h1|text_align:center|color:%23ffffff\u00bb use_theme_fonts=\u00bbyes\u00bb css=\u00bb.vc_custom_1734087914968{margin-top: -100px !important;}\u00bb][\/vc_column][\/vc_row][vc_row css=\u00bb.vc_custom_1506091232331{padding-top: 40px !important;}\u00bb][vc_column][vc_column_text css=\u00bb\u00bb animation=\u00bbrda_fadeIn\u00bb el_class=\u00bbkingjustify\u00bb] Descubra los secretos y las estad\u00edsticas de los servicios de ch\u00f3fer y<br \/><a href=\"https:\/\/www.kingdom-limousines.com\/es\/estadisticas-servicios-chofer-y-alquiler-coches-costa-azul\/\" class=\"more\">Read more<\/a><\/p>\n","protected":false},"author":1,"featured_media":327446,"parent":0,"menu_order":0,"comment_status":"closed","ping_status":"closed","template":"","meta":{"rank_math_title":"Estad\u00edsticas servicios ch\u00f3fer y alquiler coches Costa Azul","rank_math_description":"Tendencia al alza de los servicios de ch\u00f3fer y alquiler de coches en la Costa Azul con estad\u00edsticas clave, consejos y opiniones para viajes de lujo","rank_math_focus_keyword":"Statistics","footnotes":""},"class_list":["post-327513","page","type-page","status-publish","has-post-thumbnail","hentry"],"_links":{"self":[{"href":"https:\/\/www.kingdom-limousines.com\/es\/wp-json\/wp\/v2\/pages\/327513","targetHints":{"allow":["GET"]}}],"collection":[{"href":"https:\/\/www.kingdom-limousines.com\/es\/wp-json\/wp\/v2\/pages"}],"about":[{"href":"https:\/\/www.kingdom-limousines.com\/es\/wp-json\/wp\/v2\/types\/page"}],"author":[{"embeddable":true,"href":"https:\/\/www.kingdom-limousines.com\/es\/wp-json\/wp\/v2\/users\/1"}],"replies":[{"embeddable":true,"href":"https:\/\/www.kingdom-limousines.com\/es\/wp-json\/wp\/v2\/comments?post=327513"}],"version-history":[{"count":3,"href":"https:\/\/www.kingdom-limousines.com\/es\/wp-json\/wp\/v2\/pages\/327513\/revisions"}],"predecessor-version":[{"id":327521,"href":"https:\/\/www.kingdom-limousines.com\/es\/wp-json\/wp\/v2\/pages\/327513\/revisions\/327521"}],"wp:featuredmedia":[{"embeddable":true,"href":"https:\/\/www.kingdom-limousines.com\/es\/wp-json\/wp\/v2\/media\/327446"}],"wp:attachment":[{"href":"https:\/\/www.kingdom-limousines.com\/es\/wp-json\/wp\/v2\/media?parent=327513"}],"curies":[{"name":"wp","href":"https:\/\/api.w.org\/{rel}","templated":true}]}}