{"id":316419,"date":"2024-12-06T15:28:01","date_gmt":"2024-12-06T14:28:01","guid":{"rendered":"https:\/\/www.kingdom-limousines.com\/chauffeur-services-car-hire-statistics-french-riviera\/"},"modified":"2024-12-13T12:11:31","modified_gmt":"2024-12-13T11:11:31","slug":"statistiques-services-chauffeurs-et-location-voitures-cote-dazur","status":"publish","type":"page","link":"https:\/\/www.kingdom-limousines.com\/fr\/statistiques-services-chauffeurs-et-location-voitures-cote-dazur\/","title":{"rendered":"Statistiques sur les services de chauffeurs et de location de voitures sur la C\u00f4te d&rsquo;Azur"},"content":{"rendered":"<div class=\"wpb-content-wrapper\"><p>[vc_row type=\u00a0\u00bbfull-width-section\u00a0\u00bb font_color=\u00a0\u00bb#ffffff\u00a0\u00bb parallax_background=\u00a0\u00bb\u00a0\u00bb css=\u00a0\u00bb.vc_custom_1733494092031{margin-bottom: 0px !important;padding-top: 180px !important;padding-bottom: 290px !important;background-image: url(https:\/\/www.kingdom-limousines.com\/wp-content\/uploads\/2020\/05\/presentation-kingdom-limousines-french-riviera.jpg?id=7261) !important;background-position: center !important;background-repeat: no-repeat !important;background-size: cover !important;}\u00a0\u00bb][vc_column][vc_custom_heading text=\u00a0\u00bbStatistiques sur les services de chauffeurs et de location de voitures sur la C\u00f4te d&rsquo;Azur\u00a0\u00bb font_container=\u00a0\u00bbtag:h1|text_align:center|color:%23ffffff\u00a0\u00bb use_theme_fonts=\u00a0\u00bbyes\u00a0\u00bb css=\u00a0\u00bb.vc_custom_1733496133802{margin-top: -100px !important;}\u00a0\u00bb][\/vc_column][\/vc_row][vc_row css=\u00a0\u00bb.vc_custom_1506091232331{padding-top: 40px !important;}\u00a0\u00bb][vc_column][vc_column_text css=\u00a0\u00bb\u00a0\u00bb animation=\u00a0\u00bbrda_fadeIn\u00a0\u00bb el_class=\u00a0\u00bbkingjustify\u00a0\u00bb]<\/p>\n<h2>D\u00e9couvrez les secrets et les statistiques des services de chauffeur et de location de voitures sur la C\u00f4te d&rsquo;Azur<\/h2>\n<p>La C\u00f4te d&rsquo;Azur est synonyme d&rsquo;\u00e9l\u00e9gance, de glamour et de paysages \u00e0 couper le souffle. De ses plages baign\u00e9es de soleil \u00e0 l&rsquo;allure chic de Monaco et de Saint-Tropez, cette destination embl\u00e9matique attire chaque ann\u00e9e des millions de visiteurs en qu\u00eate de luxe, d&rsquo;aventure et d&rsquo;exp\u00e9riences inoubliables.<\/p>\n<p>Mais comment les voyageurs peuvent-ils explorer cette r\u00e9gion enchanteresse avec style ? La r\u00e9ponse r\u00e9side dans la popularit\u00e9 croissante des services de chauffeur. Qu&rsquo;il s&rsquo;agisse d&rsquo;un transfert a\u00e9roportuaire en douceur, d&rsquo;une visite touristique priv\u00e9e ou d&rsquo;une promenade luxueuse le long des c\u00e9l\u00e8bres routes c\u00f4ti\u00e8res de la Riviera, le bon moyen de transport peut transformer votre voyage en une aventure vraiment extraordinaire.<\/p>\n<p>Curieux de conna\u00eetre les statistiques qui sous-tendent cette tendance ? Plongez dans notre infographie d\u00e9taill\u00e9e, remplie d&rsquo;informations fascinantes et de conseils essentiels pour naviguer sur la C\u00f4te d&rsquo;Azur dans le luxe.[\/vc_column_text][\/vc_column][\/vc_row][vc_row][vc_column][vc_single_image source=\u00a0\u00bbexternal_link\u00a0\u00bb external_img_size=\u00a0\u00bbfull\u00a0\u00bb alignment=\u00a0\u00bbcenter\u00a0\u00bb css=\u00a0\u00bb\u00a0\u00bb custom_src=\u00a0\u00bbhttps:\/\/www.kingdom-limousines.com\/wp-content\/uploads\/infographie\/Chauffeur-Services-Car-Hire-Statistics-French-Riviera.jpg\u00a0\u00bb][\/vc_column][\/vc_row][vc_row type=\u00a0\u00bbfull-width-section\u00a0\u00bb css=\u00a0\u00bb.vc_custom_1589382847338{padding-top: 40px !important;}\u00a0\u00bb][vc_column][vc_column_text css=\u00a0\u00bb.vc_custom_1733495855944{margin-bottom: 23px !important;}\u00a0\u00bb animation=\u00a0\u00bbrda_fadeIn\u00a0\u00bb el_class=\u00a0\u00bbkingjustify\u00a0\u00bb]La C\u00f4te d&rsquo;Azur est l&rsquo;une des principales destinations touristiques d&rsquo;Europe, offrant aux visiteurs l&rsquo;acc\u00e8s \u00e0 des plages magnifiques, des stations baln\u00e9aires cosmopolites et des h\u00f4tels et restaurants de luxe. La location d&rsquo;une voiture ou les services d&rsquo;un chauffeur professionnel offrent des occasions spectaculaires de faire du tourisme et d&rsquo;admirer des vues \u00e9poustouflantes.<\/p>\n<p>Cette infographie donne un aper\u00e7u de la popularit\u00e9 des services de chauffeur et de la location de voitures sur la C\u00f4te d&rsquo;Azur et met en \u00e9vidence les principales statistiques touristiques locales :<\/p>\n<h2>Les services de chauffeur sur la C\u00f4te d&rsquo;Azur<\/h2>\n<ul>\n<li>Les services de chauffeur sont tr\u00e8s populaires sur la C\u00f4te d&rsquo;Azur<\/li>\n<li>Nice est l&rsquo;un des endroits les plus populaires \u00e0 visiter en France, attirant 5 millions de visiteurs par an.<\/li>\n<li>La demande de services de chauffeur sur la C\u00f4te d&rsquo;Azur est la plus forte \u00e0 Nice, Saint-Tropez, Monaco et Cannes, en particulier pendant la haute saison touristique.<\/li>\n<li>La demande de chauffeurs priv\u00e9s sur la C\u00f4te d&rsquo;Azur \u00e9tant \u00e9lev\u00e9e, il est conseill\u00e9 aux visiteurs de r\u00e9server \u00e0 l&rsquo;avance.<\/li>\n<li>La location d&rsquo;un chauffeur est tr\u00e8s appr\u00e9ci\u00e9e des visiteurs de Saint-Tropez, o\u00f9 les transports en commun sont limit\u00e9s et les attractions \u00e9loign\u00e9es les unes des autres.<\/li>\n<li>Les services de chauffeur sont disponibles pour les transferts priv\u00e9s \u00e0 l&rsquo;a\u00e9roport, les d\u00e9poses \u00e0 l&rsquo;h\u00f4tel, les d\u00e9placements sur de longues distances et les visites touristiques sur mesure.<\/li>\n<li>Le temps de transfert entre l&rsquo;a\u00e9roport de Nice C\u00f4te d&rsquo;Azur et le centre-ville est de seulement 15 minutes en transfert priv\u00e9.<\/li>\n<li>Demander les services d&rsquo;un chauffeur sur la C\u00f4te d&rsquo;Azur est un moyen luxueux et efficace de se d\u00e9placer. Il faut 45 minutes pour aller de Nice \u00e0 Monaco ou \u00e0 Cannes.<\/li>\n<li>L&rsquo;a\u00e9roport de Nice dispose d&rsquo;un terminal pour jets priv\u00e9s. Louer les services d&rsquo;un chauffeur est le moyen id\u00e9al de profiter d&rsquo;un voyage de luxe une fois arriv\u00e9 \u00e0 destination.<\/li>\n<li>La C\u00f4te d&rsquo;Azur s&rsquo;enorgueillit de plus de 70 miles de littoral, ce qui en fait une destination parfaite pour un road trip de luxe avec chauffeur<br \/>\n55% des visiteurs entrent sur la C\u00f4te d&rsquo;Azur par la route.<\/li>\n<\/ul>\n<h2>Explorer la C\u00f4te d&rsquo;Azur en voiture<\/h2>\n<ul>\n<li>L&rsquo;excursion la plus populaire sur la C\u00f4te d&rsquo;Azur consiste \u00e0 emprunter les Corniches, un tron\u00e7on de routes c\u00f4ti\u00e8res qui s&rsquo;\u00e9tend entre Nice et Monte Carlo.<\/li>\n<li>La location d&rsquo;une voiture ou d&rsquo;un chauffeur permet d&rsquo;explorer facilement les destinations les plus populaires, notamment Antibes, St-Paul-de-Vence, \u00c8ze et Cannes.<\/li>\n<li>Les environs de Saint-Tropez se d\u00e9couvrent mieux en voiture. Les points forts sont le village de Grimaud, les plages autour de Ramatuelle et les d\u00e9gustations de vin dans les vignobles de ros\u00e9 locaux.<\/li>\n<li>Les visiteurs ont la possibilit\u00e9 de louer une voiture ou de faire appel \u00e0 un service de chauffeur priv\u00e9 pour explorer la r\u00e9gion.<\/li>\n<li>Plus de 60 % des touristes visitant la France se rendent \u00e0 leur destination en voiture.<\/li>\n<\/ul>\n<h2>Statistiques touristiques de la C\u00f4te d&rsquo;Azur<\/h2>\n<ul>\n<li>Nice est la deuxi\u00e8me destination touristique de France apr\u00e8s Paris.<\/li>\n<li>Plus de 13 millions de touristes visitent la C\u00f4te d&rsquo;Azur chaque ann\u00e9e.<\/li>\n<li>97% des touristes \u00e0 Nice appr\u00e9cient leur s\u00e9jour.<\/li>\n<li>La C\u00f4te d&rsquo;Azur b\u00e9n\u00e9ficie de 300 jours de soleil par an.<\/li>\n<li>La C\u00f4te d&rsquo;Azur est l&rsquo;une des destinations les plus exclusives d&rsquo;Europe. Plus de 50 % des lits d&rsquo;h\u00f4tel se trouvent dans des h\u00f4tels 4-5 \u00e9toiles.<\/li>\n<li>La r\u00e9gion attire plus de 200 000 visiteurs par jour.<\/li>\n<li>L&rsquo;a\u00e9roport de Nice C\u00f4te d&rsquo;Azur est le deuxi\u00e8me a\u00e9roport le plus fr\u00e9quent\u00e9 de France apr\u00e8s Charles de Gaulle.<\/li>\n<li>Le mois d&rsquo;ao\u00fbt est le mois le plus populaire pour visiter la r\u00e9gion, avec le plus haut niveau de demande pour les h\u00f4tels, les voitures de location et les services de chauffeur.<\/li>\n<li>La plupart des touristes de la C\u00f4te d&rsquo;Azur viennent d&rsquo;Italie, du Royaume-Uni, des \u00c9tats-Unis et d&rsquo;Allemagne. Ces quatre pays repr\u00e9sentent plus de 40 % des visiteurs internationaux.<\/li>\n<\/ul>\n<h2>Tendances de la location de voitures sur la C\u00f4te d&rsquo;Azur<\/h2>\n<ul>\n<li>Le co\u00fbt moyen de la location d&rsquo;une voiture \u00e0 Nice varie en fonction de la saison.<\/li>\n<li>Pendant la saison creuse de novembre, le co\u00fbt journalier moyen pour les v\u00e9hicules de base est de 18,10 \u00a3. La location d&rsquo;une voiture \u00e0 l&rsquo;a\u00e9roport est g\u00e9n\u00e9ralement l&rsquo;option la moins ch\u00e8re.<\/li>\n<li>Les prix de location de voiture \u00e0 Nice sont les plus \u00e9lev\u00e9s pendant les vacances nationales et la haute saison touristique d&rsquo;\u00e9t\u00e9. Les prix peuvent augmenter jusqu&rsquo;\u00e0 plus de 100 \u00a3 par jour pour les mod\u00e8les les moins chers en ao\u00fbt.<\/li>\n<li>L&rsquo;a\u00e9roport de Nice C\u00f4te d&rsquo;Azur est l&rsquo;endroit le plus populaire pour louer une voiture sur la C\u00f4te d&rsquo;Azur.<\/li>\n<li>Les principales agences de location de voitures disponibles \u00e0 l&rsquo;a\u00e9roport de Nice sont Enterprise, Avis, Sixt et Europcar. La location de voitures est \u00e9galement tr\u00e8s r\u00e9pandue dans le centre de Nice, la plupart des agences \u00e9tant situ\u00e9es sur la Promenade des Anglais.<\/li>\n<li>La location de voitures de luxe est populaire sur la C\u00f4te d&rsquo;Azur. Monaco est la capitale mondiale des supercars, avec plus de 3 000 supercars pour 1 000 conducteurs d&rsquo;apr\u00e8s les hashtags Instagram.<\/li>\n<li>Le march\u00e9 de la location de voitures en France conna\u00eet une croissance de plus de 2 % en glissement annuel.<\/li>\n<\/ul>\n<h2>Sources:<\/h2>\n<ul>\n<li>https:\/\/www.easycar.com\/car-hire\/france\/nice.html<\/li>\n<li>https:\/\/visitthefrenchriviera.com\/rent-a-car\/<\/li>\n<li>https:\/\/www.statista.com\/statistics\/1042569\/modes-of-transports-used-by-tourists-to-travel-france\/<\/li>\n<li>https:\/\/www.leshuttle.com\/uk-en\/discover\/traveller-guides\/take-to-the-road-les-corniches<\/li>\n<li>https:\/\/www.explorenicecotedazur.com\/en\/press-room\/key-figures\/<\/li>\n<li>http:\/\/www.cotedazur-touriscope.com\/pdf\/chiffres\/2019\/Chiffres-cles-2019-GB.pdf<\/li>\n<li>https:\/\/www.autoweek.com\/news\/sports-cars\/a36574028\/country-with-most-supercars\/<\/li>\n<\/ul>\n<p>[\/vc_column_text][\/vc_column][\/vc_row][vc_row a_select=\u00a0\u00bb1&Prime; css=\u00a0\u00bb.vc_custom_1420033115975{margin-bottom: 0px;padding-top: 29px;padding-bottom: 35px;}\u00a0\u00bb][vc_column animation=\u00a0\u00bbrda_fadeInUp\u00a0\u00bb][vc_custom_heading text=\u00a0\u00bbExpect only the best from us.\u00a0\u00bb font_container=\u00a0\u00bbtag:p|font_size:24|text_align:center|color:%23a1b1bc\u00a0\u00bb google_fonts=\u00a0\u00bbfont_family:Lato%3A100%2C100italic%2C300%2C300italic%2Cregular%2Citalic%2C700%2C700italic%2C900%2C900italic|font_style:300%20light%20regular%3A300%3Anormal\u00a0\u00bb css=\u00a0\u00bb.vc_custom_1589384260191{margin-bottom: 0px !important;}\u00a0\u00bb][\/vc_column][\/vc_row]<\/p>\n<\/div>","protected":false},"excerpt":{"rendered":"<p>[vc_row type=\u00a0\u00bbfull-width-section\u00a0\u00bb font_color=\u00a0\u00bb#ffffff\u00a0\u00bb parallax_background=\u00a0\u00bb\u00a0\u00bb css=\u00a0\u00bb.vc_custom_1733494092031{margin-bottom: 0px !important;padding-top: 180px !important;padding-bottom: 290px !important;background-image: url(https:\/\/www.kingdom-limousines.com\/wp-content\/uploads\/2020\/05\/presentation-kingdom-limousines-french-riviera.jpg?id=7261) !important;background-position: center !important;background-repeat: no-repeat !important;background-size: cover !important;}\u00a0\u00bb][vc_column][vc_custom_heading text=\u00a0\u00bbStatistiques sur les services de chauffeurs et de location de voitures sur la C\u00f4te d&rsquo;Azur\u00a0\u00bb font_container=\u00a0\u00bbtag:h1|text_align:center|color:%23ffffff\u00a0\u00bb use_theme_fonts=\u00a0\u00bbyes\u00a0\u00bb css=\u00a0\u00bb.vc_custom_1733496133802{margin-top: -100px !important;}\u00a0\u00bb][\/vc_column][\/vc_row][vc_row css=\u00a0\u00bb.vc_custom_1506091232331{padding-top: 40px !important;}\u00a0\u00bb][vc_column][vc_column_text css=\u00a0\u00bb\u00a0\u00bb animation=\u00a0\u00bbrda_fadeIn\u00a0\u00bb el_class=\u00a0\u00bbkingjustify\u00a0\u00bb] D\u00e9couvrez les secrets et les statistiques des services de chauffeur<br \/><a href=\"https:\/\/www.kingdom-limousines.com\/fr\/statistiques-services-chauffeurs-et-location-voitures-cote-dazur\/\" class=\"more\">En savoir plus<\/a><\/p>\n","protected":false},"author":1,"featured_media":7875,"parent":0,"menu_order":0,"comment_status":"closed","ping_status":"closed","template":"","meta":{"rank_math_title":"Statistiques Services Chauffeur &amp; Location Voiture C\u00f4te Azur","rank_math_description":"Tendance des services de chauffeur et de location de voitures sur la C\u00f4te d'Azur avec statistiques cl\u00e9s, conseils et id\u00e9es pour les voyages de luxe","rank_math_focus_keyword":"Statistiques","footnotes":""},"class_list":["post-316419","page","type-page","status-publish","has-post-thumbnail","hentry"],"_links":{"self":[{"href":"https:\/\/www.kingdom-limousines.com\/fr\/wp-json\/wp\/v2\/pages\/316419","targetHints":{"allow":["GET"]}}],"collection":[{"href":"https:\/\/www.kingdom-limousines.com\/fr\/wp-json\/wp\/v2\/pages"}],"about":[{"href":"https:\/\/www.kingdom-limousines.com\/fr\/wp-json\/wp\/v2\/types\/page"}],"author":[{"embeddable":true,"href":"https:\/\/www.kingdom-limousines.com\/fr\/wp-json\/wp\/v2\/users\/1"}],"replies":[{"embeddable":true,"href":"https:\/\/www.kingdom-limousines.com\/fr\/wp-json\/wp\/v2\/comments?post=316419"}],"version-history":[{"count":6,"href":"https:\/\/www.kingdom-limousines.com\/fr\/wp-json\/wp\/v2\/pages\/316419\/revisions"}],"predecessor-version":[{"id":316478,"href":"https:\/\/www.kingdom-limousines.com\/fr\/wp-json\/wp\/v2\/pages\/316419\/revisions\/316478"}],"wp:featuredmedia":[{"embeddable":true,"href":"https:\/\/www.kingdom-limousines.com\/fr\/wp-json\/wp\/v2\/media\/7875"}],"wp:attachment":[{"href":"https:\/\/www.kingdom-limousines.com\/fr\/wp-json\/wp\/v2\/media?parent=316419"}],"curies":[{"name":"wp","href":"https:\/\/api.w.org\/{rel}","templated":true}]}}