{"id":8202,"date":"2020-07-23T11:01:53","date_gmt":"2020-07-23T09:01:53","guid":{"rendered":"https:\/\/www.kingdom-limousines.com\/?page_id=8202"},"modified":"2026-02-06T11:14:13","modified_gmt":"2026-02-06T10:14:13","slug":"contact","status":"publish","type":"page","link":"https:\/\/www.kingdom-limousines.com\/fr\/contact\/","title":{"rendered":"Contact"},"content":{"rendered":"<div class=\"wpb-content-wrapper\"><p>[vc_row type=\u00a0\u00bbfull-width-content\u00a0\u00bb css=\u00a0\u00bb.vc_custom_1422983053417{margin-bottom: 0px !important;padding-top: 0px !important;}\u00a0\u00bb parallax_background=\u00a0\u00bb\u00a0\u00bb][vc_column]\r\n\r\n<script type=\"text\/javascript\">\r\n\r\n\"use strict\";\r\nfunction initialize988zu() {\r\n\r\nvar latlng = new google.maps.LatLng(43.54756164550781 , 7.043651103973389);\r\n\r\nvar grayStyles = [\r\n        {\r\n          featureType: \"all\",\r\n          stylers: [\r\n            { saturation: -10 },\r\n            { lightness: 10 }\r\n          ]\r\n        },\r\n      ];\r\n\r\nvar options988zu = {\r\n\r\ncenter : latlng,\r\n\r\nscrollwheel :  false,\r\n\r\n\r\nmapTypeId: google.maps.MapTypeId.ROADMAP,\r\n\r\nzoomControl : true,\r\n\r\nstyles: grayStyles,\r\n\r\nzoomControlOptions :\r\n\r\n{\r\n\r\nstyle: google.maps.ZoomControlStyle.SMALL,\r\n\r\nposition: google.maps.ControlPosition.TOP_LEFT\r\n\r\n},\r\n\r\nmapTypeControl : true,\r\n\r\nmapTypeControlOptions :\r\n\r\n{\r\n\r\nstyle: google.maps.MapTypeControlStyle.HORIZONTAL_BAR,\r\n\r\nposition: google.maps.ControlPosition.TOP_RIGHT\r\n\r\n},\r\n\r\nscaleControl : true,\r\n\r\nscaleControlOptions :\r\n\r\n{\r\n\r\nposition: google.maps.ControlPosition.TOP_LEFT\r\n\r\n},\r\n\r\nstreetViewControl : true,\r\n\r\nstreetViewControlOptions :\r\n\r\n{\r\n\r\nposition: google.maps.ControlPosition.TOP_LEFT\r\n\r\n},\r\n\r\npanControl : false,  zoom : 12\r\n\r\n};\r\n\r\nvar map988zu = new google.maps.Map(document.getElementById(\"gm_988zu\"), options988zu);\r\n\r\nvar marker = new google.maps.Marker({\r\n\r\nposition: latlng,\r\n\r\n\r\nmap: map988zu,\r\n\r\ntitle:\"our headquarters\"\r\n\r\n});\r\n\r\n}\r\n\r\njQuery(document).ready(function () {\r\n   initialize988zu();\r\n\r\n    jQuery(\".tabs-wrapper ul.tabs li\").click(function (e) {\r\n\tsetTimeout(function(){\r\n\tgoogle.maps.event.trigger(window, 'resize', {});},400);\r\n\t});\r\n\r\n    jQuery(\".tabs-wrapper ul.tabs li a\").click(function (e) {\r\n\tsetTimeout(function(){\r\n\tgoogle.maps.event.trigger(window, 'resize', {});},400);\r\n\t});\r\n\r\n\r\n\tjQuery('.wpb_accordion_section h3 > a').click(function(){\r\n\tsetTimeout(function(){\r\n\tgoogle.maps.event.trigger(window, 'resize', {});},400);\r\n\t});\r\n\r\n\r\n\r\n})\r\n<\/script>\r\n<div class=\"map_canvas_body\">\r\n<div id=\"gm_988zu\" class=\"map_canvas\" style=\"height:500px;\"><\/div>\r\n<\/div>\r\n\r\n[\/vc_column][\/vc_row][vc_row css=\u00a0\u00bb.vc_custom_1733824710602{margin-top: 40px !important;}\u00a0\u00bb parallax_background=\u00a0\u00bb\u00a0\u00bb][vc_column width=\u00a0\u00bb2\/3&Prime;][vc_column_text css=\u00a0\u00bb\u00a0\u00bb]<\/p>\n<h1>Formulaire de contact<\/h1>\n<p><form method=\"post\" enctype=\"multipart\/form-data\" id=\"vfbp-form-2\" class=\"vfbp-form\"><div style=\"display:none;\"><label for=\"vfbp-EMAIL-AN8fuQyoDLXem\">Si vous \u00eates humain, laissez ce champ vide.<\/label><input size=\"25\" autocomplete=\"off\" type=\"text\" name=\"vfbp-EMAIL-AN8fuQyoDLXem\" value=\"\" id=\"\"><\/div><input type=\"hidden\" name=\"_vfb-timestamp-2\" value=\"1776395537\" id=\"\"><input type=\"hidden\" name=\"_vfb-form-id\" value=\"2\" id=\"\"><div class=\"vfb-col-6 vfb-fieldType-text\" id=\"vfbField11\"><div class=\"vfb-form-group\"><label for=\"vfb-field-11\" class=\"vfb-control-label\">Pr\u00e9nom <span class=\"vfb-required-asterisk\">*<\/span><\/label><div><input id=\"vfb-field-11\" class=\"vfb-form-control\" placeholder=\"\" required=\"required\" type=\"text\" name=\"vfb-field-11\" value=\"\"><\/div><\/div><\/div><div class=\"vfb-col-6 vfb-fieldType-text\" id=\"vfbField12\"><div class=\"vfb-form-group\"><label for=\"vfb-field-12\" class=\"vfb-control-label\">Nom <span class=\"vfb-required-asterisk\">*<\/span><\/label><div><input id=\"vfb-field-12\" class=\"vfb-form-control\" placeholder=\"\" required=\"required\" type=\"text\" name=\"vfb-field-12\" value=\"\"><\/div><\/div><\/div><div class=\"vfb-clearfix\"><\/div><div class=\"vfb-col-6 vfb-fieldType-phone\" id=\"vfbField13\"><div class=\"vfb-form-group\"><label for=\"vfb-field-13\" class=\"vfb-control-label\">T\u00e9l\u00e9phone <span class=\"vfb-required-asterisk\">*<\/span><\/label><div><input id=\"vfb-field-13\" class=\"vfb-form-control vfb-intl-phone\" placeholder=\"\" required=\"required\" data-default-country=\"fr\" type=\"tel\" name=\"vfb-field-13\" value=\"\"><\/div><\/div><\/div><div class=\"vfb-col-6 vfb-fieldType-email\" id=\"vfbField14\"><div class=\"vfb-form-group\"><label for=\"vfb-field-14\" class=\"vfb-control-label\">E-mail <span class=\"vfb-required-asterisk\">*<\/span><\/label><div><input id=\"vfb-field-14\" class=\"vfb-form-control\" placeholder=\"\" required=\"required\" type=\"email\" name=\"vfb-field-14\" value=\"\"><\/div><\/div><\/div><div class=\"vfb-clearfix\"><\/div><div class=\"vfb-col-6 vfb-fieldType-date\" id=\"vfbField15\"><div class=\"vfb-form-group\"><label for=\"vfb-field-15\" class=\"vfb-control-label\">Date d\u00e9sir\u00e9e <span class=\"vfb-required-asterisk\">*<\/span><\/label><div><input id=\"vfb-field-15\" class=\"vfb-form-control\" placeholder=\"\" required=\"required\" data-provide=\"datepicker\" data-date-format=\"dd\/mm\/yyyy\" data-date-start-view=\"1\" type=\"text\" name=\"vfb-field-15\" value=\"\"><\/div><\/div><\/div><div class=\"vfb-col-6 vfb-fieldType-text\" id=\"vfbField16\"><div class=\"vfb-form-group\"><label for=\"vfb-field-16\" class=\"vfb-control-label\">Service d\u00e9sir\u00e9 <span class=\"vfb-required-asterisk\">*<\/span><\/label><div><input id=\"vfb-field-16\" class=\"vfb-form-control\" placeholder=\"\" required=\"required\" type=\"text\" name=\"vfb-field-16\" value=\"\"><\/div><\/div><\/div><div class=\"vfb-clearfix\"><\/div><div class=\"vfb-col-12 vfb-fieldType-textarea\" id=\"vfbField17\"><div class=\"vfb-form-group\"><label for=\"vfb-field-17\" class=\"vfb-control-label\">Message <span class=\"vfb-required-asterisk\">*<\/span><\/label><div><textarea id=\"vfb-field-17\" class=\"vfb-form-control\" placeholder=\"\" required=\"required\" rows=\"10\" name=\"vfb-field-17\" cols=\"50\"><\/textarea><\/div><\/div><\/div><div class=\"vfb-clearfix\"><\/div><div class=\"vfb-col-12 vfb-fieldType-select\" id=\"vfbField29\"><label for=\"vfb-field-29\" class=\"vfb-control-label\">Comment avez-vous entendu parl\u00e9 de nous ? <span class=\"vfb-required-asterisk\">*<\/span><\/label><div><div class=\"vfb-form-group\"><select id=\"vfb-field-29\" class=\"vfb-form-control\" placeholder=\"\" required=\"required\" name=\"vfb-field-29\"><option value=\"\" selected=\"selected\"><\/option><option value=\"Recherche Google\">Recherche Google<\/option><option value=\"Bouche &agrave; oreille\">Bouche \u00e0 oreille<\/option><option value=\"D&eacute;j&agrave; client\">D\u00e9j\u00e0 client<\/option><option value=\"Publicit&eacute;\">Publicit\u00e9<\/option><option value=\"R&eacute;seaux sociaux\">R\u00e9seaux sociaux<\/option><option value=\"Autre\">Autre<\/option><\/select><\/div><\/div><\/div><div class=\"vfb-clearfix\"><\/div><div class=\"vfb-col-12 vfb-fieldType-checkbox\" id=\"vfbField30\"><label for=\"vfb-field-30\" class=\"vfb-control-label\">CGV <span class=\"vfb-required-asterisk\">*<\/span><\/label><div><div class=\"vfb-checkbox\"><label><input id=\"vfb-field-30-0\" class=\"\" placeholder=\"\" data-vfb-multiple=\"vfb-field-30\" required=\"required\" type=\"checkbox\" name=\"vfb-field-30[0]\" value=\"1\"><a href=\"https:\/\/www.kingdom-limousines.com\/fr\/cgv\/\" target=\"_blank\">J'accepte les conditions g\u00e9n\u00e9rales de vente<\/a><\/label><\/div><\/div><\/div><div class=\"vfb-clearfix\"><\/div><div class=\"vfb-col-12 vfb-fieldType-submit\" id=\"vfbField18\"><button id=\"vfb-field-18\" class=\" btn btn-primary\" placeholder=\"\" type=\"submit\" name=\"_vfb-submit\">Envoyer<\/button><\/div><div class=\"vfb-clearfix\"><\/div><\/form>[\/vc_column_text][\/vc_column][vc_column width=\u00a0\u00bb1\/3&Prime;][vc_column_text animation=\u00a0\u00bbrda_fadeIn\u00a0\u00bb el_class=\u00a0\u00bbkingjustify\u00a0\u00bb]<\/p>\n<h2>Votre avis est important<\/h2>\n<div class=\"navbar navbar-default navbar-fixed-top\">\n<div class=\"container\">\n<p class=\"title\">KINGDOM LIMOUSINES (Alpes-Maritimes) est en cours de labellisation Qualit\u00e9 Tourisme\u2122.<\/p>\n<\/div>\n<\/div>\n<div class=\"jumbotron\">\n<div class=\"container\">\n<p>Bonjour !<\/p>\n<div class=\"description\">Votre avis permettra d\u2019am\u00e9liorer la qualit\u00e9 des prestations propos\u00e9es afin de mieux vous satisfaire. Veuillez scanner le code QR et prendre quelques minutes de votre temps pour r\u00e9pondre \u00e0 quelques questions. Merci beaucoup.<\/div>\n<\/div>\n<\/div>\n<p>[\/vc_column_text][vc_single_image image=\u00a0\u00bb144265&Prime; img_size=\u00a0\u00bbfull\u00a0\u00bb alignment=\u00a0\u00bbcenter\u00a0\u00bb onclick=\u00a0\u00bbcustom_link\u00a0\u00bb img_link_target=\u00a0\u00bb_blank\u00a0\u00bb css=\u00a0\u00bb\u00a0\u00bb link=\u00a0\u00bbhttps:\/\/qt.atout-france.fr\/qt158776&Prime;][\/vc_column][\/vc_row][vc_row css=\u00a0\u00bb.vc_custom_1422986141213{margin-bottom: 0px !important;padding-top: 148px !important;}\u00a0\u00bb parallax_background=\u00a0\u00bb\u00a0\u00bb][vc_column width=\u00a0\u00bb1\/3&Prime; css=\u00a0\u00bb.vc_custom_1422986149466{padding-bottom: 25px !important;}\u00a0\u00bb]<style type=\"text\/css\" >#rand_790d3dc82da29f834cb325fd9f976a0caac4361f {margin-top:0px; margin-bottom:0px; }<\/style><style type=\"text\/css\" >#rand_790d3dc82da29f834cb325fd9f976a0caac4361f:hover .icon_circle i{color:#baa168 !important;}#rand_790d3dc82da29f834cb325fd9f976a0caac4361f:hover .icon_circle{background:#2d3e50 !important; border:4px solid #baa168!important;}<\/style> <style type='text\/css'> @font-face{font-family: 'fa'; src:url('https:\/\/www.kingdom-limousines.com\/wp-content\/themes\/thefox\/includes\/4k-icons\/icons\/4k-icons-pack02\/icons\/fonts\/fa.eot'); src:url('https:\/\/www.kingdom-limousines.com\/wp-content\/themes\/thefox\/includes\/4k-icons\/icons\/4k-icons-pack02\/icons\/fonts\/fa.eot?#iefix') format('embedded-opentype'), url('https:\/\/www.kingdom-limousines.com\/wp-content\/themes\/thefox\/includes\/4k-icons\/icons\/4k-icons-pack02\/icons\/fonts\/fa.woff') format('woff'), url('https:\/\/www.kingdom-limousines.com\/wp-content\/themes\/thefox\/includes\/4k-icons\/icons\/4k-icons-pack02\/icons\/fonts\/fa.ttf') format('truetype'), url('https:\/\/www.kingdom-limousines.com\/wp-content\/themes\/thefox\/includes\/4k-icons\/icons\/4k-icons-pack02\/icons\/fonts\/fa.svg#oi') format('svg'); font-weight: normal; font-style: normal;}#rand_790d3dc82da29f834cb325fd9f976a0caac4361f .fa-home:before{font-family: 'fa'; font-weight: normal; font-style: normal;}#rand_790d3dc82da29f834cb325fd9f976a0caac4361f .fa-home:before{content: \"\\f015\";}<\/style>\n<style type=\"text\/css\" >#rand_790d3dc82da29f834cb325fd9f976a0caac4361f:hover {background:rgba(44,62,80,0.01) !important; border:1px solid rgba(0,0,0,0.01) !important; color:!important;}#rand_790d3dc82da29f834cb325fd9f976a0caac4361f:hover .icon_circle{background:#2c3e50 !important; border:4px solid #baa168!important;}#rand_790d3dc82da29f834cb325fd9f976a0caac4361f:hover .icon_circle i{color:#baa168 !important;}#rand_790d3dc82da29f834cb325fd9f976a0caac4361f:hover h3{color:#2c3e50 !important;}#rand_790d3dc82da29f834cb325fd9f976a0caac4361f:hover h3{color:#2c3e50 !important;}#rand_790d3dc82da29f834cb325fd9f976a0caac4361f:hover p{ color:;}<\/style> <div id=\"rand_790d3dc82da29f834cb325fd9f976a0caac4361f\" class=\"icon_box2_alt \" style=\"background:#ffffff; border:1px solid #ffffff; \"><div class=\"icon_circle\" style=\"background-color:#baa168;\"><i class=\"fa-home\" ><\/i><\/div><h3 style=\"color:#2c3e50;\" >France | Cannes<\/h3><p style=\"color:;\" ><div class=\"rank-math-contact-info show-name show-organization_description show-email show-address show-hours show-phone show-additional_info show-map\"><div class=\"rank-math-contact-section rank-math-contact-name\">\t\t<h4 class=\"rank-math-name\">\n\t\t\t<a href=\"https:\/\/www.kingdom-limousines.com\">Kingdom Limousines C\u00f4te d&#039;Azur<\/a>\n\t\t<\/h4>\n\t\t<\/div><div class=\"rank-math-contact-section rank-math-contact-organization_description\"><\/div><div class=\"rank-math-contact-section rank-math-contact-email\">\t\t<div class=\"rank-math-email\">\n\t\t\t<label>E-mail\u00a0:<\/label>\n\t\t\t<a href=\"mailto:info@kingdom-limousines.com\">info@kingdom-limousines.com<\/a>\n\t\t<\/div>\n\t\t<\/div><div class=\"rank-math-contact-section rank-math-contact-address\">\t\t<label>Adresse\u00a0:<\/label>\n\t\t<address><span class=\"contact-address-streetAddress\">33 Avenue Marechal Juin<\/span><br \/>\r\n<span class=\"contact-address-postalCode\">06400<\/span> <span class=\"contact-address-addressLocality\">Cannes<\/span><br \/>\r\n<span class=\"contact-address-addressRegion\">Alpes-Maritimes<\/span> <br \/>\r\n<span class=\"contact-address-addressCountry\">France<\/span><\/address>\n\t\t<\/div><div class=\"rank-math-contact-section rank-math-contact-hours\">\t\t<label>Heures\u00a0:<\/label>\n\t\t<div class=\"rank-math-contact-hours-details\">\n\t\t\t<div class=\"rank-math-opening-hours\"><span class=\"rank-math-opening-days\">lundi, mardi, mercredi, jeudi, vendredi, samedi, dimanche<\/span><span class=\"rank-math-opening-time\">00:00\u201323:59<\/span><\/div>\t\t<\/div>\n\t\t<\/div><div class=\"rank-math-contact-section rank-math-contact-phone\">\t\t\t<div class=\"rank-math-phone-number type-customersupport\">\n\t\t\t\t<label>Service Clients:<\/label>\n\t\t\t\t<span><a href=\"tel:+33483736124\">+33483736124<\/a><\/span>\n\t\t\t<\/div>\n\t\t\t<\/div><div class=\"rank-math-contact-section rank-math-contact-additional_info\"><\/div><div class=\"rank-math-contact-section rank-math-contact-map\">\t\t<iframe src=\"\/\/maps.google.com\/maps?q=33%20Avenue%20Marechal%20Juin%20Cannes%20Alpes-Maritimes%2006400%20France&#038;z=15&#038;output=embed&#038;key=AIzaSyCAqB7YQYu7WkqDQuNOcN0sS5feYNkWDRM\"><\/iframe>\n\t\t<\/div><\/div><div class=\"clear\"><\/div><\/div>[\/vc_column][vc_column width=\u00a0\u00bb1\/3&Prime; css=\u00a0\u00bb.vc_custom_1422986154812{padding-bottom: 25px !important;}\u00a0\u00bb]<style type=\"text\/css\" >#rand_c23a971339d4322a9183dba0702c1abd30f9c7e2 {margin-top:0px; margin-bottom:0px; }<\/style><style type=\"text\/css\" >#rand_c23a971339d4322a9183dba0702c1abd30f9c7e2:hover .icon_circle i{color:#baa168 !important;}#rand_c23a971339d4322a9183dba0702c1abd30f9c7e2:hover .icon_circle{background:#2d3e50 !important; border:4px solid #baa168!important;}<\/style> <style type='text\/css'> @font-face{font-family: 'fa'; src:url('https:\/\/www.kingdom-limousines.com\/wp-content\/themes\/thefox\/includes\/4k-icons\/icons\/4k-icons-pack02\/icons\/fonts\/fa.eot'); src:url('https:\/\/www.kingdom-limousines.com\/wp-content\/themes\/thefox\/includes\/4k-icons\/icons\/4k-icons-pack02\/icons\/fonts\/fa.eot?#iefix') format('embedded-opentype'), url('https:\/\/www.kingdom-limousines.com\/wp-content\/themes\/thefox\/includes\/4k-icons\/icons\/4k-icons-pack02\/icons\/fonts\/fa.woff') format('woff'), url('https:\/\/www.kingdom-limousines.com\/wp-content\/themes\/thefox\/includes\/4k-icons\/icons\/4k-icons-pack02\/icons\/fonts\/fa.ttf') format('truetype'), url('https:\/\/www.kingdom-limousines.com\/wp-content\/themes\/thefox\/includes\/4k-icons\/icons\/4k-icons-pack02\/icons\/fonts\/fa.svg#oi') format('svg'); font-weight: normal; font-style: normal;}#rand_c23a971339d4322a9183dba0702c1abd30f9c7e2 .fa-home:before{font-family: 'fa'; font-weight: normal; font-style: normal;}#rand_c23a971339d4322a9183dba0702c1abd30f9c7e2 .fa-home:before{content: \"\\f015\";}<\/style>\n<style type=\"text\/css\" >#rand_c23a971339d4322a9183dba0702c1abd30f9c7e2:hover {background:rgba(44,62,80,0.01) !important; border:1px solid rgba(0,0,0,0.01) !important; color:!important;}#rand_c23a971339d4322a9183dba0702c1abd30f9c7e2:hover .icon_circle{background:#2c3e50 !important; border:4px solid #baa168!important;}#rand_c23a971339d4322a9183dba0702c1abd30f9c7e2:hover .icon_circle i{color:#baa168 !important;}#rand_c23a971339d4322a9183dba0702c1abd30f9c7e2:hover h3{color:#2c3e50 !important;}#rand_c23a971339d4322a9183dba0702c1abd30f9c7e2:hover h3{color:#2c3e50 !important;}#rand_c23a971339d4322a9183dba0702c1abd30f9c7e2:hover p{ color:;}<\/style> <div id=\"rand_c23a971339d4322a9183dba0702c1abd30f9c7e2\" class=\"icon_box2_alt \" style=\"background:#ffffff; border:1px solid #ffffff; \"><div class=\"icon_circle\" style=\"background-color:#baa168;\"><i class=\"fa-home\" ><\/i><\/div><h3 style=\"color:#2c3e50;\" >France | Paris<\/h3><p style=\"color:;\" ><div class=\"rank-math-business-wrapper\"><h3 class=\"rank-math-business-name\">Kingdom Limousines Paris<\/h3><h5>Adresse\u00a0:<\/h5><address><span class=\"contact-address-streetAddress\">47 Boulevard de Courcelles<\/span><br \/>\r\n<span class=\"contact-address-postalCode\">75008<\/span> <span class=\"contact-address-addressLocality\">Paris<\/span><br \/>\r\n<span class=\"contact-address-addressRegion\">\u00cele-de-France<\/span> <br \/>\r\n<span class=\"contact-address-addressCountry\">France<\/span><\/address><div><strong>T\u00e9l\u00e9phone<\/strong>: <a href=\"tel:+33483736124\">+33483736124<\/a><\/div><div><strong>E-mail<\/strong>: <a href=\"mailto:info@kingdom-limousines.com\">info@kingdom-limousines.com<\/a><\/div><div><strong>URL<\/strong>: https:\/\/www.kingdom-limousines.com\/fr\/locations\/paris-france\/<\/div><\/div><\/div>[\/vc_column][vc_column width=\u00a0\u00bb1\/3&Prime;]<style type=\"text\/css\" >#rand_24bf0ca8293f22ce859a5c31c601b274afbaf9f8 {margin-top:0px; margin-bottom:0px; }<\/style><style type=\"text\/css\" >#rand_24bf0ca8293f22ce859a5c31c601b274afbaf9f8:hover .icon_circle i{color:#baa168 !important;}#rand_24bf0ca8293f22ce859a5c31c601b274afbaf9f8:hover .icon_circle{background:#2d3e50 !important; border:4px solid #baa168!important;}<\/style> <style type='text\/css'> @font-face{font-family: 'ft'; src:url('https:\/\/www.kingdom-limousines.com\/wp-content\/themes\/thefox\/includes\/4k-icons\/icons\/4k-icons-pack03\/icons\/fonts\/ft.eot'); src:url('https:\/\/www.kingdom-limousines.com\/wp-content\/themes\/thefox\/includes\/4k-icons\/icons\/4k-icons-pack03\/icons\/fonts\/ft.eot?#iefix') format('embedded-opentype'), url('https:\/\/www.kingdom-limousines.com\/wp-content\/themes\/thefox\/includes\/4k-icons\/icons\/4k-icons-pack03\/icons\/fonts\/ft.woff') format('woff'), url('https:\/\/www.kingdom-limousines.com\/wp-content\/themes\/thefox\/includes\/4k-icons\/icons\/4k-icons-pack03\/icons\/fonts\/ft.ttf') format('truetype'), url('https:\/\/www.kingdom-limousines.com\/wp-content\/themes\/thefox\/includes\/4k-icons\/icons\/4k-icons-pack03\/icons\/fonts\/ft.svg#oi') format('svg'); font-weight: normal; font-style: normal;}#rand_24bf0ca8293f22ce859a5c31c601b274afbaf9f8 .ft-world8:before{font-family: 'ft'; font-weight: normal; font-style: normal;}#rand_24bf0ca8293f22ce859a5c31c601b274afbaf9f8 .ft-world8:before{content: \"\\e83b\";}<\/style>\n<style type=\"text\/css\" >#rand_24bf0ca8293f22ce859a5c31c601b274afbaf9f8:hover {background:rgba(44,62,80,0.01) !important; border:1px solid rgba(0,0,0,0.01) !important; color:!important;}#rand_24bf0ca8293f22ce859a5c31c601b274afbaf9f8:hover .icon_circle{background:#2c3e50 !important; border:4px solid #baa168!important;}#rand_24bf0ca8293f22ce859a5c31c601b274afbaf9f8:hover .icon_circle i{color:#baa168 !important;}#rand_24bf0ca8293f22ce859a5c31c601b274afbaf9f8:hover h3{color:#2c3e50 !important;}#rand_24bf0ca8293f22ce859a5c31c601b274afbaf9f8:hover h3{color:#2c3e50 !important;}#rand_24bf0ca8293f22ce859a5c31c601b274afbaf9f8:hover p{ color:;}<\/style> <div id=\"rand_24bf0ca8293f22ce859a5c31c601b274afbaf9f8\" class=\"icon_box2_alt \" style=\"background:#ffffff; border:1px solid #ffffff; \"><div class=\"icon_circle\" style=\"background-color:#baa168;\"><i class=\"ft-world8\" ><\/i><\/div><h3 style=\"color:#2c3e50;\" >United States<\/h3><p style=\"color:;\" ><div class=\"rank-math-business-wrapper\"><h3 class=\"rank-math-business-name\">Kingdom C\u00f4te d&#039;Azur Worldwide Chauffeured Services<\/h3><h5>Adresse\u00a0:<\/h5><address><span class=\"contact-address-streetAddress\">1065 Southwest 8th Street<\/span><br \/>\r\n<span class=\"contact-address-postalCode\">33130<\/span> <span class=\"contact-address-addressLocality\">Miami<\/span><br \/>\r\n<span class=\"contact-address-addressRegion\">Florida<\/span> <br \/>\r\n<span class=\"contact-address-addressCountry\">US<\/span><\/address><div><strong>T\u00e9l\u00e9phone<\/strong>: <a href=\"tel:+18006163742\">+18006163742<\/a><\/div><div><strong>E-mail<\/strong>: <a href=\"mailto:info@kingdom-limousines.com\">info@kingdom-limousines.com<\/a><\/div><div><strong>URL<\/strong>: https:\/\/www.kingdom-limousines.com\/fr\/locations\/florida\/<\/div><\/div><\/div>[\/vc_column][\/vc_row]<\/p>\n<\/div>","protected":false},"excerpt":{"rendered":"<p>[vc_row type=\u00a0\u00bbfull-width-content\u00a0\u00bb css=\u00a0\u00bb.vc_custom_1422983053417{margin-bottom: 0px !important;padding-top: 0px !important;}\u00a0\u00bb parallax_background=\u00a0\u00bb\u00a0\u00bb][vc_column] [\/vc_column][\/vc_row][vc_row css=\u00a0\u00bb.vc_custom_1733824710602{margin-top: 40px !important;}\u00a0\u00bb parallax_background=\u00a0\u00bb\u00a0\u00bb][vc_column width=\u00a0\u00bb2\/3&Prime;][vc_column_text css=\u00a0\u00bb\u00a0\u00bb] Formulaire de contact Si vous \u00eates humain, laissez ce champ vide.Pr\u00e9nom *Nom *T\u00e9l\u00e9phone *E-mail *Date d\u00e9sir\u00e9e *Service d\u00e9sir\u00e9 *Message *Comment avez-vous entendu parl\u00e9 de nous ? *Recherche GoogleBouche \u00e0 oreilleD\u00e9j\u00e0 clientPublicit\u00e9R\u00e9seaux sociauxAutreCGV *J&rsquo;accepte les conditions g\u00e9n\u00e9rales de venteEnvoyer[\/vc_column_text][\/vc_column][vc_column width=\u00a0\u00bb1\/3&Prime;][vc_column_text animation=\u00a0\u00bbrda_fadeIn\u00a0\u00bb<br \/><a href=\"https:\/\/www.kingdom-limousines.com\/fr\/contact\/\" class=\"more\">En savoir plus<\/a><\/p>\n","protected":false},"author":1,"featured_media":0,"parent":0,"menu_order":0,"comment_status":"closed","ping_status":"closed","template":"","meta":{"rank_math_title":"%title% %sep% %sitename% C\u00f4te d'Azur","rank_math_description":"","rank_math_focus_keyword":"","footnotes":""},"class_list":["post-8202","page","type-page","status-publish","hentry"],"_links":{"self":[{"href":"https:\/\/www.kingdom-limousines.com\/fr\/wp-json\/wp\/v2\/pages\/8202","targetHints":{"allow":["GET"]}}],"collection":[{"href":"https:\/\/www.kingdom-limousines.com\/fr\/wp-json\/wp\/v2\/pages"}],"about":[{"href":"https:\/\/www.kingdom-limousines.com\/fr\/wp-json\/wp\/v2\/types\/page"}],"author":[{"embeddable":true,"href":"https:\/\/www.kingdom-limousines.com\/fr\/wp-json\/wp\/v2\/users\/1"}],"replies":[{"embeddable":true,"href":"https:\/\/www.kingdom-limousines.com\/fr\/wp-json\/wp\/v2\/comments?post=8202"}],"version-history":[{"count":9,"href":"https:\/\/www.kingdom-limousines.com\/fr\/wp-json\/wp\/v2\/pages\/8202\/revisions"}],"predecessor-version":[{"id":3036345,"href":"https:\/\/www.kingdom-limousines.com\/fr\/wp-json\/wp\/v2\/pages\/8202\/revisions\/3036345"}],"wp:attachment":[{"href":"https:\/\/www.kingdom-limousines.com\/fr\/wp-json\/wp\/v2\/media?parent=8202"}],"curies":[{"name":"wp","href":"https:\/\/api.w.org\/{rel}","templated":true}]}}