{"id":8207,"date":"2020-06-16T16:47:11","date_gmt":"2020-06-16T14:47:11","guid":{"rendered":"https:\/\/www.kingdom-limousines.com\/health-safety\/"},"modified":"2020-07-23T15:51:34","modified_gmt":"2020-07-23T13:51:34","slug":"precautions-sanitaires","status":"publish","type":"page","link":"https:\/\/www.kingdom-limousines.com\/fr\/precautions-sanitaires\/","title":{"rendered":"Pr\u00e9cautions Sanitaires"},"content":{"rendered":"<div class=\"wpb-content-wrapper\"><p>[vc_row type=\u00a0\u00bbfull-width-section\u00a0\u00bb font_color=\u00a0\u00bb#ffffff\u00a0\u00bb parallax_background=\u00a0\u00bb\u00a0\u00bb css=\u00a0\u00bb.vc_custom_1592318695749{margin-bottom: 0px !important;padding-top: 180px !important;padding-bottom: 290px !important;background-image: url(https:\/\/www.kingdom-limousines.com\/wp-content\/uploads\/2020\/06\/health-and-safety.jpg?id=7668) !important;background-position: center !important;background-repeat: no-repeat !important;background-size: cover !important;}\u00a0\u00bb][vc_column][vc_custom_heading text=\u00a0\u00bbPr\u00e9cautions Sanitaires\u00a0\u00bb font_container=\u00a0\u00bbtag:h1|text_align:center|color:%23ffffff\u00a0\u00bb use_theme_fonts=\u00a0\u00bbyes\u00a0\u00bb css=\u00a0\u00bb.vc_custom_1595512291701{margin-top: -100px !important;}\u00a0\u00bb el_class=\u00a0\u00bbkingtop\u00a0\u00bb][\/vc_column][\/vc_row][vc_row css=\u00a0\u00bb.vc_custom_1506091232331{padding-top: 40px !important;}\u00a0\u00bb][vc_column][vc_column_text animation=\u00a0\u00bbrda_fadeIn\u00a0\u00bb el_class=\u00a0\u00bbkingjustify\u00a0\u00bb]<\/p>\n<h2>Pr\u00e9cautions sanitaires dans nos voitures<\/h2>\n<p>La r\u00e9cente pand\u00e9mie qui a touch\u00e9 le monde entier nous oblige \u00e0 prendre des mesures de pr\u00e9caution.<\/p>\n<p>Kingdom Limousines proc\u00e8de \u00e0 un contr\u00f4le pr\u00e9alable de ses chauffeurs et prend les pr\u00e9cautions recommand\u00e9es par le ministre fran\u00e7ais du travail.[\/vc_column_text][vc_row_inner][vc_column_inner width=\u00a0\u00bb1\/2&Prime;][vc_column_text animation=\u00a0\u00bbrda_fadeIn\u00a0\u00bb el_class=\u00a0\u00bbkingjustify\u00a0\u00bb]<\/p>\n<h3 style=\"text-align: center;\">Tous les chauffeurs portent des masques<\/h3>\n<p>[\/vc_column_text][vc_single_image image=\u00a0\u00bb7671&Prime; img_size=\u00a0\u00bbfull\u00a0\u00bb animation=\u00a0\u00bbrda_fadeIn\u00a0\u00bb][\/vc_column_inner][vc_column_inner width=\u00a0\u00bb1\/2&Prime;][vc_column_text animation=\u00a0\u00bbrda_fadeIn\u00a0\u00bb el_class=\u00a0\u00bbkingjustify\u00a0\u00bb]<\/p>\n<h3 style=\"text-align: center;\">Les v\u00e9hicules sont d\u00e9sinfect\u00e9s<\/h3>\n<p>[\/vc_column_text][vc_single_image image=\u00a0\u00bb7673&Prime; img_size=\u00a0\u00bbfull\u00a0\u00bb animation=\u00a0\u00bbrda_fadeIn\u00a0\u00bb][\/vc_column_inner][\/vc_row_inner][\/vc_column][\/vc_row][vc_row][vc_column width=\u00a0\u00bb1\/2&Prime;]\n<!-- lists --><div class=\"rd_list_1_alt rd_list_left\"><style type='text\/css'> @font-face{font-family: 'wb'; src:url('https:\/\/www.kingdom-limousines.com\/wp-content\/themes\/thefox\/includes\/4k-icons\/icons\/4k-icons-pack05\/icons\/fonts\/wb.eot'); src:url('https:\/\/www.kingdom-limousines.com\/wp-content\/themes\/thefox\/includes\/4k-icons\/icons\/4k-icons-pack05\/icons\/fonts\/wb.eot?#iefix') format('embedded-opentype'), url('https:\/\/www.kingdom-limousines.com\/wp-content\/themes\/thefox\/includes\/4k-icons\/icons\/4k-icons-pack05\/icons\/fonts\/wb.woff') format('woff'), url('https:\/\/www.kingdom-limousines.com\/wp-content\/themes\/thefox\/includes\/4k-icons\/icons\/4k-icons-pack05\/icons\/fonts\/wb.ttf') format('truetype'), url('https:\/\/www.kingdom-limousines.com\/wp-content\/themes\/thefox\/includes\/4k-icons\/icons\/4k-icons-pack05\/icons\/fonts\/wb.svg#oi') format('svg'); font-weight: normal; font-style: normal;}#rand_3e463023a980c6555915554eaac52d5d335988e5 .wb-firstaid:before{font-family: 'wb'; font-weight: normal; font-style: normal;}#rand_3e463023a980c6555915554eaac52d5d335988e5 .wb-firstaid:before{content: \"\\f2ba\";}<\/style>\n<style type=\"text\/css\" >.rd_list_1 .list_item_ctn { border-color:#ecf0f1}.rd_list_1 #rand_3e463023a980c6555915554eaac52d5d335988e5 .list_icn i,.rd_list_1_alt #rand_3e463023a980c6555915554eaac52d5d335988e5 .list_icn i{color:#baa168;}.rd_list_2 #rand_3e463023a980c6555915554eaac52d5d335988e5:after{background:#333333;}.rd_list_2 #rand_3e463023a980c6555915554eaac52d5d335988e5 .list_icn i{color:#baa168;}.rd_list_3 #rand_3e463023a980c6555915554eaac52d5d335988e5 .list_icn,.rd_list_5 #rand_3e463023a980c6555915554eaac52d5d335988e5 .list_icn,.rd_list_6 #rand_3e463023a980c6555915554eaac52d5d335988e5 .list_icn{background:#baa168;}.rd_list_4 #rand_3e463023a980c6555915554eaac52d5d335988e5{background:#baa168;}#rand_3e463023a980c6555915554eaac52d5d335988e5 h3{color:#baa168;}#rand_3e463023a980c6555915554eaac52d5d335988e5 p{color:#333333;}.rd_list_7 #rand_3e463023a980c6555915554eaac52d5d335988e5 .list_icn{color:#baa168;}<\/style><div class=\"list_item_ctn\" id=\"rand_3e463023a980c6555915554eaac52d5d335988e5\"><div class=\"list_icn\"><i class=\"wb-firstaid\"><\/i><\/div><div class=\"list_desc\"><p>Etablir un plan de nettoyage avec p\u00e9riodicit\u00e9 et suivi : surfaces de l&rsquo;int\u00e9rieur du v\u00e9hicule, poign\u00e9es de porte, \u00e9cran GPS et plus g\u00e9n\u00e9ralement tout objet ou surface susceptible d&rsquo;avoir \u00e9t\u00e9 contamin\u00e9e (au contact des mains), \u00e9quipement de travail courant des locaux de l&rsquo;entreprise de transport (machines \u00e0 caf\u00e9, photocopieurs, etc.).<\/p><\/div><\/div><style type='text\/css'> @font-face{font-family: 'wb'; src:url('https:\/\/www.kingdom-limousines.com\/wp-content\/themes\/thefox\/includes\/4k-icons\/icons\/4k-icons-pack05\/icons\/fonts\/wb.eot'); src:url('https:\/\/www.kingdom-limousines.com\/wp-content\/themes\/thefox\/includes\/4k-icons\/icons\/4k-icons-pack05\/icons\/fonts\/wb.eot?#iefix') format('embedded-opentype'), url('https:\/\/www.kingdom-limousines.com\/wp-content\/themes\/thefox\/includes\/4k-icons\/icons\/4k-icons-pack05\/icons\/fonts\/wb.woff') format('woff'), url('https:\/\/www.kingdom-limousines.com\/wp-content\/themes\/thefox\/includes\/4k-icons\/icons\/4k-icons-pack05\/icons\/fonts\/wb.ttf') format('truetype'), url('https:\/\/www.kingdom-limousines.com\/wp-content\/themes\/thefox\/includes\/4k-icons\/icons\/4k-icons-pack05\/icons\/fonts\/wb.svg#oi') format('svg'); font-weight: normal; font-style: normal;}#rand_3e463023a980c6555915554eaac52d5d335988e5 .wb-firstaid:before{font-family: 'wb'; font-weight: normal; font-style: normal;}#rand_3e463023a980c6555915554eaac52d5d335988e5 .wb-firstaid:before{content: \"\\f2ba\";}<\/style>\n<style type=\"text\/css\" >.rd_list_1 .list_item_ctn { border-color:#ecf0f1}.rd_list_1 #rand_3e463023a980c6555915554eaac52d5d335988e5 .list_icn i,.rd_list_1_alt #rand_3e463023a980c6555915554eaac52d5d335988e5 .list_icn i{color:#baa168;}.rd_list_2 #rand_3e463023a980c6555915554eaac52d5d335988e5:after{background:#333333;}.rd_list_2 #rand_3e463023a980c6555915554eaac52d5d335988e5 .list_icn i{color:#baa168;}.rd_list_3 #rand_3e463023a980c6555915554eaac52d5d335988e5 .list_icn,.rd_list_5 #rand_3e463023a980c6555915554eaac52d5d335988e5 .list_icn,.rd_list_6 #rand_3e463023a980c6555915554eaac52d5d335988e5 .list_icn{background:#baa168;}.rd_list_4 #rand_3e463023a980c6555915554eaac52d5d335988e5{background:#baa168;}#rand_3e463023a980c6555915554eaac52d5d335988e5 h3{color:#baa168;}#rand_3e463023a980c6555915554eaac52d5d335988e5 p{color:#333333;}.rd_list_7 #rand_3e463023a980c6555915554eaac52d5d335988e5 .list_icn{color:#baa168;}<\/style><div class=\"list_item_ctn\" id=\"rand_3e463023a980c6555915554eaac52d5d335988e5\"><div class=\"list_icn\"><i class=\"wb-firstaid\"><\/i><\/div><div class=\"list_desc\"><p>Indiquer visiblement qu&rsquo;aucun passager ne peut s&rsquo;asseoir \u00e0 c\u00f4t\u00e9 du conducteur.<\/p><\/div><\/div><style type='text\/css'> @font-face{font-family: 'wb'; src:url('https:\/\/www.kingdom-limousines.com\/wp-content\/themes\/thefox\/includes\/4k-icons\/icons\/4k-icons-pack05\/icons\/fonts\/wb.eot'); src:url('https:\/\/www.kingdom-limousines.com\/wp-content\/themes\/thefox\/includes\/4k-icons\/icons\/4k-icons-pack05\/icons\/fonts\/wb.eot?#iefix') format('embedded-opentype'), url('https:\/\/www.kingdom-limousines.com\/wp-content\/themes\/thefox\/includes\/4k-icons\/icons\/4k-icons-pack05\/icons\/fonts\/wb.woff') format('woff'), url('https:\/\/www.kingdom-limousines.com\/wp-content\/themes\/thefox\/includes\/4k-icons\/icons\/4k-icons-pack05\/icons\/fonts\/wb.ttf') format('truetype'), url('https:\/\/www.kingdom-limousines.com\/wp-content\/themes\/thefox\/includes\/4k-icons\/icons\/4k-icons-pack05\/icons\/fonts\/wb.svg#oi') format('svg'); font-weight: normal; font-style: normal;}#rand_3e463023a980c6555915554eaac52d5d335988e5 .wb-firstaid:before{font-family: 'wb'; font-weight: normal; font-style: normal;}#rand_3e463023a980c6555915554eaac52d5d335988e5 .wb-firstaid:before{content: \"\\f2ba\";}<\/style>\n<style type=\"text\/css\" >.rd_list_1 .list_item_ctn { border-color:#ecf0f1}.rd_list_1 #rand_3e463023a980c6555915554eaac52d5d335988e5 .list_icn i,.rd_list_1_alt #rand_3e463023a980c6555915554eaac52d5d335988e5 .list_icn i{color:#baa168;}.rd_list_2 #rand_3e463023a980c6555915554eaac52d5d335988e5:after{background:#333333;}.rd_list_2 #rand_3e463023a980c6555915554eaac52d5d335988e5 .list_icn i{color:#baa168;}.rd_list_3 #rand_3e463023a980c6555915554eaac52d5d335988e5 .list_icn,.rd_list_5 #rand_3e463023a980c6555915554eaac52d5d335988e5 .list_icn,.rd_list_6 #rand_3e463023a980c6555915554eaac52d5d335988e5 .list_icn{background:#baa168;}.rd_list_4 #rand_3e463023a980c6555915554eaac52d5d335988e5{background:#baa168;}#rand_3e463023a980c6555915554eaac52d5d335988e5 h3{color:#baa168;}#rand_3e463023a980c6555915554eaac52d5d335988e5 p{color:#333333;}.rd_list_7 #rand_3e463023a980c6555915554eaac52d5d335988e5 .list_icn{color:#baa168;}<\/style><div class=\"list_item_ctn\" id=\"rand_3e463023a980c6555915554eaac52d5d335988e5\"><div class=\"list_icn\"><i class=\"wb-firstaid\"><\/i><\/div><div class=\"list_desc\"><p>En pr\u00e9sence d&rsquo;un seul passager (solution privil\u00e9gi\u00e9e), r\u00e9server son si\u00e8ge \u00e0 l&rsquo;arri\u00e8re afin de respecter la distance d&rsquo;au moins 1 m par rapport au conducteur.<\/p><\/div><\/div><\/div>\n\n<!-- lists END-->\n[\/vc_column][vc_column width=\u00a0\u00bb1\/2&Prime;]\n<!-- lists --><div class=\"rd_list_1_alt rd_list_left\"><style type='text\/css'> @font-face{font-family: 'wb'; src:url('https:\/\/www.kingdom-limousines.com\/wp-content\/themes\/thefox\/includes\/4k-icons\/icons\/4k-icons-pack05\/icons\/fonts\/wb.eot'); src:url('https:\/\/www.kingdom-limousines.com\/wp-content\/themes\/thefox\/includes\/4k-icons\/icons\/4k-icons-pack05\/icons\/fonts\/wb.eot?#iefix') format('embedded-opentype'), url('https:\/\/www.kingdom-limousines.com\/wp-content\/themes\/thefox\/includes\/4k-icons\/icons\/4k-icons-pack05\/icons\/fonts\/wb.woff') format('woff'), url('https:\/\/www.kingdom-limousines.com\/wp-content\/themes\/thefox\/includes\/4k-icons\/icons\/4k-icons-pack05\/icons\/fonts\/wb.ttf') format('truetype'), url('https:\/\/www.kingdom-limousines.com\/wp-content\/themes\/thefox\/includes\/4k-icons\/icons\/4k-icons-pack05\/icons\/fonts\/wb.svg#oi') format('svg'); font-weight: normal; font-style: normal;}#rand_3e463023a980c6555915554eaac52d5d335988e5 .wb-firstaid:before{font-family: 'wb'; font-weight: normal; font-style: normal;}#rand_3e463023a980c6555915554eaac52d5d335988e5 .wb-firstaid:before{content: \"\\f2ba\";}<\/style>\n<style type=\"text\/css\" >.rd_list_1 .list_item_ctn { border-color:#ecf0f1}.rd_list_1 #rand_3e463023a980c6555915554eaac52d5d335988e5 .list_icn i,.rd_list_1_alt #rand_3e463023a980c6555915554eaac52d5d335988e5 .list_icn i{color:#baa168;}.rd_list_2 #rand_3e463023a980c6555915554eaac52d5d335988e5:after{background:#333333;}.rd_list_2 #rand_3e463023a980c6555915554eaac52d5d335988e5 .list_icn i{color:#baa168;}.rd_list_3 #rand_3e463023a980c6555915554eaac52d5d335988e5 .list_icn,.rd_list_5 #rand_3e463023a980c6555915554eaac52d5d335988e5 .list_icn,.rd_list_6 #rand_3e463023a980c6555915554eaac52d5d335988e5 .list_icn{background:#baa168;}.rd_list_4 #rand_3e463023a980c6555915554eaac52d5d335988e5{background:#baa168;}#rand_3e463023a980c6555915554eaac52d5d335988e5 h3{color:#baa168;}#rand_3e463023a980c6555915554eaac52d5d335988e5 p{color:#333333;}.rd_list_7 #rand_3e463023a980c6555915554eaac52d5d335988e5 .list_icn{color:#baa168;}<\/style><div class=\"list_item_ctn\" id=\"rand_3e463023a980c6555915554eaac52d5d335988e5\"><div class=\"list_icn\"><i class=\"wb-firstaid\"><\/i><\/div><div class=\"list_desc\"><p>Gardez toujours des consommables \u00e0 disposition : gel hydroalcoolique, lingettes, sacs poubelles.<\/p><\/div><\/div><style type='text\/css'> @font-face{font-family: 'wb'; src:url('https:\/\/www.kingdom-limousines.com\/wp-content\/themes\/thefox\/includes\/4k-icons\/icons\/4k-icons-pack05\/icons\/fonts\/wb.eot'); src:url('https:\/\/www.kingdom-limousines.com\/wp-content\/themes\/thefox\/includes\/4k-icons\/icons\/4k-icons-pack05\/icons\/fonts\/wb.eot?#iefix') format('embedded-opentype'), url('https:\/\/www.kingdom-limousines.com\/wp-content\/themes\/thefox\/includes\/4k-icons\/icons\/4k-icons-pack05\/icons\/fonts\/wb.woff') format('woff'), url('https:\/\/www.kingdom-limousines.com\/wp-content\/themes\/thefox\/includes\/4k-icons\/icons\/4k-icons-pack05\/icons\/fonts\/wb.ttf') format('truetype'), url('https:\/\/www.kingdom-limousines.com\/wp-content\/themes\/thefox\/includes\/4k-icons\/icons\/4k-icons-pack05\/icons\/fonts\/wb.svg#oi') format('svg'); font-weight: normal; font-style: normal;}#rand_3e463023a980c6555915554eaac52d5d335988e5 .wb-firstaid:before{font-family: 'wb'; font-weight: normal; font-style: normal;}#rand_3e463023a980c6555915554eaac52d5d335988e5 .wb-firstaid:before{content: \"\\f2ba\";}<\/style>\n<style type=\"text\/css\" >.rd_list_1 .list_item_ctn { border-color:#ecf0f1}.rd_list_1 #rand_3e463023a980c6555915554eaac52d5d335988e5 .list_icn i,.rd_list_1_alt #rand_3e463023a980c6555915554eaac52d5d335988e5 .list_icn i{color:#baa168;}.rd_list_2 #rand_3e463023a980c6555915554eaac52d5d335988e5:after{background:#333333;}.rd_list_2 #rand_3e463023a980c6555915554eaac52d5d335988e5 .list_icn i{color:#baa168;}.rd_list_3 #rand_3e463023a980c6555915554eaac52d5d335988e5 .list_icn,.rd_list_5 #rand_3e463023a980c6555915554eaac52d5d335988e5 .list_icn,.rd_list_6 #rand_3e463023a980c6555915554eaac52d5d335988e5 .list_icn{background:#baa168;}.rd_list_4 #rand_3e463023a980c6555915554eaac52d5d335988e5{background:#baa168;}#rand_3e463023a980c6555915554eaac52d5d335988e5 h3{color:#baa168;}#rand_3e463023a980c6555915554eaac52d5d335988e5 p{color:#333333;}.rd_list_7 #rand_3e463023a980c6555915554eaac52d5d335988e5 .list_icn{color:#baa168;}<\/style><div class=\"list_item_ctn\" id=\"rand_3e463023a980c6555915554eaac52d5d335988e5\"><div class=\"list_icn\"><i class=\"wb-firstaid\"><\/i><\/div><div class=\"list_desc\"><p>Nettoyer les v\u00e9hicules entre chaque service : porte, poign\u00e9es, dossier, etc.<\/p><\/div><\/div><style type='text\/css'> @font-face{font-family: 'wb'; src:url('https:\/\/www.kingdom-limousines.com\/wp-content\/themes\/thefox\/includes\/4k-icons\/icons\/4k-icons-pack05\/icons\/fonts\/wb.eot'); src:url('https:\/\/www.kingdom-limousines.com\/wp-content\/themes\/thefox\/includes\/4k-icons\/icons\/4k-icons-pack05\/icons\/fonts\/wb.eot?#iefix') format('embedded-opentype'), url('https:\/\/www.kingdom-limousines.com\/wp-content\/themes\/thefox\/includes\/4k-icons\/icons\/4k-icons-pack05\/icons\/fonts\/wb.woff') format('woff'), url('https:\/\/www.kingdom-limousines.com\/wp-content\/themes\/thefox\/includes\/4k-icons\/icons\/4k-icons-pack05\/icons\/fonts\/wb.ttf') format('truetype'), url('https:\/\/www.kingdom-limousines.com\/wp-content\/themes\/thefox\/includes\/4k-icons\/icons\/4k-icons-pack05\/icons\/fonts\/wb.svg#oi') format('svg'); font-weight: normal; font-style: normal;}#rand_3e463023a980c6555915554eaac52d5d335988e5 .wb-firstaid:before{font-family: 'wb'; font-weight: normal; font-style: normal;}#rand_3e463023a980c6555915554eaac52d5d335988e5 .wb-firstaid:before{content: \"\\f2ba\";}<\/style>\n<style type=\"text\/css\" >.rd_list_1 .list_item_ctn { border-color:#ecf0f1}.rd_list_1 #rand_3e463023a980c6555915554eaac52d5d335988e5 .list_icn i,.rd_list_1_alt #rand_3e463023a980c6555915554eaac52d5d335988e5 .list_icn i{color:#baa168;}.rd_list_2 #rand_3e463023a980c6555915554eaac52d5d335988e5:after{background:#333333;}.rd_list_2 #rand_3e463023a980c6555915554eaac52d5d335988e5 .list_icn i{color:#baa168;}.rd_list_3 #rand_3e463023a980c6555915554eaac52d5d335988e5 .list_icn,.rd_list_5 #rand_3e463023a980c6555915554eaac52d5d335988e5 .list_icn,.rd_list_6 #rand_3e463023a980c6555915554eaac52d5d335988e5 .list_icn{background:#baa168;}.rd_list_4 #rand_3e463023a980c6555915554eaac52d5d335988e5{background:#baa168;}#rand_3e463023a980c6555915554eaac52d5d335988e5 h3{color:#baa168;}#rand_3e463023a980c6555915554eaac52d5d335988e5 p{color:#333333;}.rd_list_7 #rand_3e463023a980c6555915554eaac52d5d335988e5 .list_icn{color:#baa168;}<\/style><div class=\"list_item_ctn\" id=\"rand_3e463023a980c6555915554eaac52d5d335988e5\"><div class=\"list_icn\"><i class=\"wb-firstaid\"><\/i><\/div><div class=\"list_desc\"><p>N&rsquo;acceptez pas les personnes pr\u00e9sentant des sympt\u00f4mes d&rsquo;infection par COVID-19 ; orientez le client vers un service de transport m\u00e9dical.<\/p><\/div><\/div><\/div>\n\n<!-- lists END-->\n[\/vc_column][\/vc_row][vc_row a_select=\u00a0\u00bb1&Prime; css=\u00a0\u00bb.vc_custom_1420033115975{margin-bottom: 0px;padding-top: 29px;padding-bottom: 35px;}\u00a0\u00bb][vc_column animation=\u00a0\u00bbrda_fadeInUp\u00a0\u00bb][vc_custom_heading text=\u00a0\u00bbExpect only the best from us.\u00a0\u00bb font_container=\u00a0\u00bbtag:p|font_size:24|text_align:center|color:%23a1b1bc\u00a0\u00bb google_fonts=\u00a0\u00bbfont_family:Lato%3A100%2C100italic%2C300%2C300italic%2Cregular%2Citalic%2C700%2C700italic%2C900%2C900italic|font_style:300%20light%20regular%3A300%3Anormal\u00a0\u00bb css=\u00a0\u00bb.vc_custom_1589384260191{margin-bottom: 0px !important;}\u00a0\u00bb][\/vc_column][\/vc_row]<\/p>\n<\/div>","protected":false},"excerpt":{"rendered":"<p>[vc_row type=\u00a0\u00bbfull-width-section\u00a0\u00bb font_color=\u00a0\u00bb#ffffff\u00a0\u00bb parallax_background=\u00a0\u00bb\u00a0\u00bb css=\u00a0\u00bb.vc_custom_1592318695749{margin-bottom: 0px !important;padding-top: 180px !important;padding-bottom: 290px !important;background-image: url(https:\/\/www.kingdom-limousines.com\/wp-content\/uploads\/2020\/06\/health-and-safety.jpg?id=7668) !important;background-position: center !important;background-repeat: no-repeat !important;background-size: cover !important;}\u00a0\u00bb][vc_column][vc_custom_heading text=\u00a0\u00bbPr\u00e9cautions Sanitaires\u00a0\u00bb font_container=\u00a0\u00bbtag:h1|text_align:center|color:%23ffffff\u00a0\u00bb use_theme_fonts=\u00a0\u00bbyes\u00a0\u00bb css=\u00a0\u00bb.vc_custom_1595512291701{margin-top: -100px !important;}\u00a0\u00bb el_class=\u00a0\u00bbkingtop\u00a0\u00bb][\/vc_column][\/vc_row][vc_row css=\u00a0\u00bb.vc_custom_1506091232331{padding-top: 40px !important;}\u00a0\u00bb][vc_column][vc_column_text animation=\u00a0\u00bbrda_fadeIn\u00a0\u00bb el_class=\u00a0\u00bbkingjustify\u00a0\u00bb] Pr\u00e9cautions sanitaires dans nos voitures La r\u00e9cente pand\u00e9mie qui a touch\u00e9 le monde entier nous oblige \u00e0 prendre des mesures de pr\u00e9caution. Kingdom<br \/><a href=\"https:\/\/www.kingdom-limousines.com\/fr\/precautions-sanitaires\/\" class=\"more\">En savoir plus<\/a><\/p>\n","protected":false},"author":1,"featured_media":0,"parent":0,"menu_order":0,"comment_status":"closed","ping_status":"closed","template":"","meta":{"rank_math_title":"","rank_math_description":"","rank_math_focus_keyword":"","footnotes":""},"class_list":["post-8207","page","type-page","status-publish","hentry"],"_links":{"self":[{"href":"https:\/\/www.kingdom-limousines.com\/fr\/wp-json\/wp\/v2\/pages\/8207","targetHints":{"allow":["GET"]}}],"collection":[{"href":"https:\/\/www.kingdom-limousines.com\/fr\/wp-json\/wp\/v2\/pages"}],"about":[{"href":"https:\/\/www.kingdom-limousines.com\/fr\/wp-json\/wp\/v2\/types\/page"}],"author":[{"embeddable":true,"href":"https:\/\/www.kingdom-limousines.com\/fr\/wp-json\/wp\/v2\/users\/1"}],"replies":[{"embeddable":true,"href":"https:\/\/www.kingdom-limousines.com\/fr\/wp-json\/wp\/v2\/comments?post=8207"}],"version-history":[{"count":0,"href":"https:\/\/www.kingdom-limousines.com\/fr\/wp-json\/wp\/v2\/pages\/8207\/revisions"}],"wp:attachment":[{"href":"https:\/\/www.kingdom-limousines.com\/fr\/wp-json\/wp\/v2\/media?parent=8207"}],"curies":[{"name":"wp","href":"https:\/\/api.w.org\/{rel}","templated":true}]}}