{"id":8505,"date":"2020-06-16T16:38:24","date_gmt":"2020-06-16T14:38:24","guid":{"rendered":"https:\/\/www.kingdom-limousines.com\/concierge-service-french-riviera\/"},"modified":"2025-04-14T09:28:33","modified_gmt":"2025-04-14T07:28:33","slug":"service-conciergerie-cote-azur","status":"publish","type":"page","link":"https:\/\/www.kingdom-limousines.com\/fr\/service-conciergerie-cote-azur\/","title":{"rendered":"Service de conciergerie C\u00f4te d&rsquo;Azur"},"content":{"rendered":"<div class=\"wpb-content-wrapper\"><p>[vc_row type=\u00a0\u00bbfull-width-section\u00a0\u00bb font_color=\u00a0\u00bb#ffffff\u00a0\u00bb parallax_background=\u00a0\u00bb\u00a0\u00bb css=\u00a0\u00bb.vc_custom_1595246138071{margin-bottom: 0px !important;padding-top: 180px !important;padding-bottom: 290px !important;background-image: url(https:\/\/www.kingdom-limousines.com\/wp-content\/uploads\/2020\/07\/Concierge-Service-French-Riviera-bg-1.jpg?id=7797) !important;background-position: center !important;background-repeat: no-repeat !important;background-size: cover !important;}\u00a0\u00bb][vc_column][vc_custom_heading text=\u00a0\u00bbService de conciergerie C\u00f4te d&rsquo;Azur\u00a0\u00bb font_container=\u00a0\u00bbtag:h1|text_align:center|color:%23baa168&Prime; use_theme_fonts=\u00a0\u00bbyes\u00a0\u00bb css=\u00a0\u00bb.vc_custom_1595946723860{margin-top: -100px !important;}\u00a0\u00bb el_class=\u00a0\u00bbkingtop\u00a0\u00bb][\/vc_column][\/vc_row][vc_row css=\u00a0\u00bb.vc_custom_1506091232331{padding-top: 40px !important;}\u00a0\u00bb][vc_column width=\u00a0\u00bb1\/2&Prime;][vc_column_text animation=\u00a0\u00bbrda_fadeIn\u00a0\u00bb el_class=\u00a0\u00bbkingjustify\u00a0\u00bb]<\/p>\n<h3>Service de conciergerie de luxe \u00e0 Monaco, Nice, Cannes, Antibes, St Tropez et Marseille<\/h3>\n<p>Kingdom Limousines a cr\u00e9\u00e9 Kingdom C\u00f4te d&rsquo;Azur, un service de conciergerie de luxe d\u00e9di\u00e9 \u00e0 la prestation de services sur la C\u00f4te d&rsquo;Azur tels que :[\/vc_column_text][\/vc_column][vc_column width=\u00a0\u00bb1\/2&Prime;][vc_video link=\u00a0\u00bbhttps:\/\/youtu.be\/2MfKUA72ejg\u00a0\u00bb][\/vc_column][\/vc_row][vc_row type=\u00a0\u00bbfull-width-content\u00a0\u00bb css=\u00a0\u00bb.vc_custom_1595946870502{padding-top: 40px !important;}\u00a0\u00bb][vc_column]<div class=\"clearfix\" style=\"padding-top:0px\"><\/div><style type=\"text\/css\" >.rd_j7ucvvenn5g3ihhwh52m .port_details{background:; border:1px solid ; }.rd_j7ucvvenn5g3ihhwh52m .port_details:before{background:;}.rd_j7ucvvenn5g3ihhwh52m .carousel_recent_post:hover .port_details{background:; border:1px solid ; }.rd_j7ucvvenn5g3ihhwh52m .carousel_recent_post:hover .port_details:before{background:;}.rd_j7ucvvenn5g3ihhwh52m .port_details h2 a{color:;}.rd_j7ucvvenn5g3ihhwh52m .port_details h3{color:;}.rd_j7ucvvenn5g3ihhwh52m .carousel_recent_post:hover .port_details h2 a,.rd_j7ucvvenn5g3ihhwh52m .carousel_recent_post:hover .port_details h3{color:; }<\/style>\r\n\t\t<script type=\"text\/javascript\" charset=\"utf-8\">\r\n\t\tjQuery.noConflict();\t\t\r\n\t\t\r\n\t\/\/setup up Carousel\r\n\t\t\r\n\t\tjQuery(document).ready(function($) {\t\r\n\t\t\"use strict\";\r\n\t\t\r\n\t\t$(window).load(function(){\r\n\t\t$(\".rd_j7ucvvenn5g3ihhwh52m.jcarousel ul\").carouFredSel({\r\n\t\t\t\t\tresponsive: true,\r\n\t\t\t\t\twidth: \"100%\",scroll:  { items:1,duration: 800},\r\n\t\t\t\t\tauto: true,prev: \".rd_j7ucvvenn5g3ihhwh52m.carousel_left\",\r\n\t\t\t\t\tnext: \".rd_j7ucvvenn5g3ihhwh52m.carousel_right\",items: {\r\n\t\t\t\t\t\twidth:270,\r\n\t\t\t\t\t\theight: \"100%\",\r\n\t\t\t\t\t \tswipe       : {\r\n             \t\t   \t\tonTouch     : true,\r\n\t\t               \t\tonMouse     : false\r\n        \t\t    \t},\r\n\t\t\t\t\t\tvisible: {\r\n\t\t\t\t\t\t\tmin: 1,\r\n\t\t\t\t\t\t\tmax: 4\r\n\t\t\t\t\t\t}\r\n\t\t\t\t\t\t\r\n\t\t\t\t\t}\r\n\t\t\t\t});\r\n\t\t\t\t});\r\n\t\t\t\t});\r\n\t<\/script><div class=\"rd_j7ucvvenn5g3ihhwh52m jcarousel rd_pc_1\"><div class=\"carousel_nav\">\r\n  <p class=\"rd_j7ucvvenn5g3ihhwh52m carousel_left\"><\/p>\r\n  <p class=\"rd_j7ucvvenn5g3ihhwh52m carousel_right\"><\/p>\r\n<\/div><ul><!-- portfolio item -->\r\n\r\n<li class=\"carousel_recent_post prsc\">\r\n  <div class=\"recent_port_ctn\">\r\n    <div class=\"filter_img\"><a href=\"https:\/\/www.kingdom-limousines.com\/fr\/service\/chauffeur-securite-cote-azur\/\" class=\"ico_link\">\r\n      <img decoding=\"async\" width=\"586\" height=\"440\" src=\"https:\/\/www.kingdom-limousines.com\/wp-content\/uploads\/2020\/06\/secure-chauffeur-service-kingdom-limousine-1-586x440.jpg\" class=\"attachment-586x440 size-586x440 wp-post-image\" alt=\"\" title=\"\">      <\/a>\r\n      <a href=\"https:\/\/www.kingdom-limousines.com\/wp-content\/uploads\/2020\/06\/secure-chauffeur-service-kingdom-limousine-1.jpg\" class=\"prettyPhoto port_img_link\"><span class='img_link'><\/span><\/a><a href='https:\/\/www.kingdom-limousines.com\/fr\/service\/chauffeur-securite-cote-azur\/' class='port_post_link'><span class='post_link'><h2 class='fw_port_link'>Chauffeur s\u00e9curit\u00e9 sur la C\u00f4te d\u2019Azur<\/h2><h3 class='fw_port_tag'><\/h3><\/span><\/a>    <\/div>\r\n<div class=\"port_details\">\r\n\t\t<h2><a href=\"https:\/\/www.kingdom-limousines.com\/fr\/service\/chauffeur-securite-cote-azur\/\">Chauffeur s\u00e9curit\u00e9 sur la C\u00f4te d\u2019Azur<\/a><\/h2>\r\n\t\t<h3><\/h3>\r\n        <\/div>\r\n  <\/div>\r\n<\/li>\r\n<!-- portfolio item -->\r\n\r\n<li class=\"carousel_recent_post prsc\">\r\n  <div class=\"recent_port_ctn\">\r\n    <div class=\"filter_img\"><a href=\"https:\/\/www.kingdom-limousines.com\/fr\/service\/chauffeur-prive-dedie-family-office\/\" class=\"ico_link\">\r\n      <img decoding=\"async\" width=\"586\" height=\"440\" src=\"https:\/\/www.kingdom-limousines.com\/wp-content\/uploads\/2020\/06\/Family-Office-Chauffeur-Service-bg-2-586x440.jpg\" class=\"attachment-586x440 size-586x440 wp-post-image\" alt=\"\" title=\"\">      <\/a>\r\n      <a href=\"https:\/\/www.kingdom-limousines.com\/wp-content\/uploads\/2020\/06\/Family-Office-Chauffeur-Service-bg-2.jpg\" class=\"prettyPhoto port_img_link\"><span class='img_link'><\/span><\/a><a href='https:\/\/www.kingdom-limousines.com\/fr\/service\/chauffeur-prive-dedie-family-office\/' class='port_post_link'><span class='post_link'><h2 class='fw_port_link'>Chauffeur priv\u00e9 d\u00e9di\u00e9 au \u00ab\u00a0Family office\u00a0\u00bb<\/h2><h3 class='fw_port_tag'><\/h3><\/span><\/a>    <\/div>\r\n<div class=\"port_details\">\r\n\t\t<h2><a href=\"https:\/\/www.kingdom-limousines.com\/fr\/service\/chauffeur-prive-dedie-family-office\/\">Chauffeur priv\u00e9 d\u00e9di\u00e9 au \u00ab\u00a0Family office\u00a0\u00bb<\/a><\/h2>\r\n\t\t<h3><\/h3>\r\n        <\/div>\r\n  <\/div>\r\n<\/li>\r\n<!-- portfolio item -->\r\n\r\n<li class=\"carousel_recent_post prsc\">\r\n  <div class=\"recent_port_ctn\">\r\n    <div class=\"filter_img\"><a href=\"https:\/\/www.kingdom-limousines.com\/fr\/service\/voiture-chauffeur-vtc-salons-professionnels\/\" class=\"ico_link\">\r\n      <img decoding=\"async\" width=\"586\" height=\"440\" src=\"https:\/\/www.kingdom-limousines.com\/wp-content\/uploads\/2020\/06\/our-clients-1-586x440.jpg\" class=\"attachment-586x440 size-586x440 wp-post-image\" alt=\"\" title=\"\">      <\/a>\r\n      <a href=\"https:\/\/www.kingdom-limousines.com\/wp-content\/uploads\/2020\/06\/our-clients-1.jpg\" class=\"prettyPhoto port_img_link\"><span class='img_link'><\/span><\/a><a href='https:\/\/www.kingdom-limousines.com\/fr\/service\/voiture-chauffeur-vtc-salons-professionnels\/' class='port_post_link'><span class='post_link'><h2 class='fw_port_link'>Voiture avec chauffeur VTC pour vos salons professionnels<\/h2><h3 class='fw_port_tag'><\/h3><\/span><\/a>    <\/div>\r\n<div class=\"port_details\">\r\n\t\t<h2><a href=\"https:\/\/www.kingdom-limousines.com\/fr\/service\/voiture-chauffeur-vtc-salons-professionnels\/\">Voiture avec chauffeur VTC pour vos salons professionnels<\/a><\/h2>\r\n\t\t<h3><\/h3>\r\n        <\/div>\r\n  <\/div>\r\n<\/li>\r\n<!-- portfolio item -->\r\n\r\n<li class=\"carousel_recent_post prsc\">\r\n  <div class=\"recent_port_ctn\">\r\n    <div class=\"filter_img\"><a href=\"https:\/\/www.kingdom-limousines.com\/fr\/service\/chauffeur-prive-a-votre-hotel\/\" class=\"ico_link\">\r\n      <img decoding=\"async\" width=\"586\" height=\"440\" src=\"https:\/\/www.kingdom-limousines.com\/wp-content\/uploads\/2020\/06\/chauffeur-hotel-french-riviera-586x440.jpg\" class=\"attachment-586x440 size-586x440 wp-post-image\" alt=\"Chauffeur service for Hotels\" title=\"\">      <\/a>\r\n      <a href=\"https:\/\/www.kingdom-limousines.com\/wp-content\/uploads\/2020\/06\/chauffeur-hotel-french-riviera.jpg\" class=\"prettyPhoto port_img_link\"><span class='img_link'><\/span><\/a><a href='https:\/\/www.kingdom-limousines.com\/fr\/service\/chauffeur-prive-a-votre-hotel\/' class='port_post_link'><span class='post_link'><h2 class='fw_port_link'>Chauffeur priv\u00e9 \u00e0 votre h\u00f4tel<\/h2><h3 class='fw_port_tag'><\/h3><\/span><\/a>    <\/div>\r\n<div class=\"port_details\">\r\n\t\t<h2><a href=\"https:\/\/www.kingdom-limousines.com\/fr\/service\/chauffeur-prive-a-votre-hotel\/\">Chauffeur priv\u00e9 \u00e0 votre h\u00f4tel<\/a><\/h2>\r\n\t\t<h3><\/h3>\r\n        <\/div>\r\n  <\/div>\r\n<\/li>\r\n<!-- portfolio item -->\r\n\r\n<li class=\"carousel_recent_post prsc\">\r\n  <div class=\"recent_port_ctn\">\r\n    <div class=\"filter_img\"><a href=\"https:\/\/www.kingdom-limousines.com\/fr\/service\/chauffeur-vtc-deplacements-professionnels\/\" class=\"ico_link\">\r\n      <img decoding=\"async\" width=\"586\" height=\"440\" src=\"https:\/\/www.kingdom-limousines.com\/wp-content\/uploads\/2020\/05\/Chauffeur-service-Corporate-2-586x440.jpg\" class=\"attachment-586x440 size-586x440 wp-post-image\" alt=\"\" title=\"\">      <\/a>\r\n      <a href=\"https:\/\/www.kingdom-limousines.com\/wp-content\/uploads\/2020\/05\/Chauffeur-service-Corporate-2.jpg\" class=\"prettyPhoto port_img_link\"><span class='img_link'><\/span><\/a><a href='https:\/\/www.kingdom-limousines.com\/fr\/service\/chauffeur-vtc-deplacements-professionnels\/' class='port_post_link'><span class='post_link'><h2 class='fw_port_link'>Chauffeur VTC pour vos d\u00e9placements professionnels<\/h2><h3 class='fw_port_tag'><\/h3><\/span><\/a>    <\/div>\r\n<div class=\"port_details\">\r\n\t\t<h2><a href=\"https:\/\/www.kingdom-limousines.com\/fr\/service\/chauffeur-vtc-deplacements-professionnels\/\">Chauffeur VTC pour vos d\u00e9placements professionnels<\/a><\/h2>\r\n\t\t<h3><\/h3>\r\n        <\/div>\r\n  <\/div>\r\n<\/li>\r\n<!-- portfolio item -->\r\n\r\n<li class=\"carousel_recent_post prsc\">\r\n  <div class=\"recent_port_ctn\">\r\n    <div class=\"filter_img\"><a href=\"https:\/\/www.kingdom-limousines.com\/fr\/service\/chauffeur-vtc-prive-roadshows\/\" class=\"ico_link\">\r\n      <img decoding=\"async\" width=\"586\" height=\"440\" src=\"https:\/\/www.kingdom-limousines.com\/wp-content\/uploads\/2020\/05\/Chauffeur-service-road-show-2-586x440.jpg\" class=\"attachment-586x440 size-586x440 wp-post-image\" alt=\"\" title=\"\">      <\/a>\r\n      <a href=\"https:\/\/www.kingdom-limousines.com\/wp-content\/uploads\/2020\/05\/Chauffeur-service-road-show-2.jpg\" class=\"prettyPhoto port_img_link\"><span class='img_link'><\/span><\/a><a href='https:\/\/www.kingdom-limousines.com\/fr\/service\/chauffeur-vtc-prive-roadshows\/' class='port_post_link'><span class='post_link'><h2 class='fw_port_link'>Chauffeur VTC priv\u00e9 pour vos Roadshows<\/h2><h3 class='fw_port_tag'><\/h3><\/span><\/a>    <\/div>\r\n<div class=\"port_details\">\r\n\t\t<h2><a href=\"https:\/\/www.kingdom-limousines.com\/fr\/service\/chauffeur-vtc-prive-roadshows\/\">Chauffeur VTC priv\u00e9 pour vos Roadshows<\/a><\/h2>\r\n\t\t<h3><\/h3>\r\n        <\/div>\r\n  <\/div>\r\n<\/li>\r\n<!-- portfolio item -->\r\n\r\n<li class=\"carousel_recent_post prsc\">\r\n  <div class=\"recent_port_ctn\">\r\n    <div class=\"filter_img\"><a href=\"https:\/\/www.kingdom-limousines.com\/fr\/service\/chauffeur-prive-evenement-et-tournee\/\" class=\"ico_link\">\r\n      <img decoding=\"async\" width=\"586\" height=\"440\" src=\"https:\/\/www.kingdom-limousines.com\/wp-content\/uploads\/2020\/05\/Chauffeur-service-for-entertainment-bg-1-586x440.jpg\" class=\"attachment-586x440 size-586x440 wp-post-image\" alt=\"\" title=\"\">      <\/a>\r\n      <a href=\"https:\/\/www.kingdom-limousines.com\/wp-content\/uploads\/2020\/05\/Chauffeur-service-for-entertainment-bg-1.jpg\" class=\"prettyPhoto port_img_link\"><span class='img_link'><\/span><\/a><a href='https:\/\/www.kingdom-limousines.com\/fr\/service\/chauffeur-prive-evenement-et-tournee\/' class='port_post_link'><span class='post_link'><h2 class='fw_port_link'>Chauffeur priv\u00e9 pour \u00e9v\u00e9nements et tourn\u00e9es<\/h2><h3 class='fw_port_tag'><\/h3><\/span><\/a>    <\/div>\r\n<div class=\"port_details\">\r\n\t\t<h2><a href=\"https:\/\/www.kingdom-limousines.com\/fr\/service\/chauffeur-prive-evenement-et-tournee\/\">Chauffeur priv\u00e9 pour \u00e9v\u00e9nements et tourn\u00e9es<\/a><\/h2>\r\n\t\t<h3><\/h3>\r\n        <\/div>\r\n  <\/div>\r\n<\/li>\r\n<!-- portfolio item -->\r\n\r\n<li class=\"carousel_recent_post prsc\">\r\n  <div class=\"recent_port_ctn\">\r\n    <div class=\"filter_img\"><a href=\"https:\/\/www.kingdom-limousines.com\/fr\/service\/yachting-lifestyle\/\" class=\"ico_link\">\r\n      <img decoding=\"async\" width=\"586\" height=\"440\" src=\"https:\/\/www.kingdom-limousines.com\/wp-content\/uploads\/2020\/05\/Limousine-service-for-yachting-2-586x440.jpg\" class=\"attachment-586x440 size-586x440 wp-post-image\" alt=\"\" title=\"\">      <\/a>\r\n      <a href=\"https:\/\/www.kingdom-limousines.com\/wp-content\/uploads\/2020\/05\/Limousine-service-for-yachting-2.jpg\" class=\"prettyPhoto port_img_link\"><span class='img_link'><\/span><\/a><a href='https:\/\/www.kingdom-limousines.com\/fr\/service\/yachting-lifestyle\/' class='port_post_link'><span class='post_link'><h2 class='fw_port_link'>Yachting Lifestyle<\/h2><h3 class='fw_port_tag'><\/h3><\/span><\/a>    <\/div>\r\n<div class=\"port_details\">\r\n\t\t<h2><a href=\"https:\/\/www.kingdom-limousines.com\/fr\/service\/yachting-lifestyle\/\">Yachting Lifestyle<\/a><\/h2>\r\n\t\t<h3><\/h3>\r\n        <\/div>\r\n  <\/div>\r\n<\/li>\r\n<!-- portfolio item -->\r\n\r\n<li class=\"carousel_recent_post prsc\">\r\n  <div class=\"recent_port_ctn\">\r\n    <div class=\"filter_img\"><a href=\"https:\/\/www.kingdom-limousines.com\/fr\/service\/chauffeur-prive-vtc-dedie-aviation-privee\/\" class=\"ico_link\">\r\n      <img decoding=\"async\" width=\"586\" height=\"440\" src=\"https:\/\/www.kingdom-limousines.com\/wp-content\/uploads\/2020\/05\/private-aviation-chauffeur-Nice-1-586x440.jpg\" class=\"attachment-586x440 size-586x440 wp-post-image\" alt=\"\" title=\"\">      <\/a>\r\n      <a href=\"https:\/\/www.kingdom-limousines.com\/wp-content\/uploads\/2020\/05\/private-aviation-chauffeur-Nice-1.jpg\" class=\"prettyPhoto port_img_link\"><span class='img_link'><\/span><\/a><a href='https:\/\/www.kingdom-limousines.com\/fr\/service\/chauffeur-prive-vtc-dedie-aviation-privee\/' class='port_post_link'><span class='post_link'><h2 class='fw_port_link'>Chauffeur priv\u00e9 d\u00e9di\u00e9 a l\u2019aviation priv\u00e9e<\/h2><h3 class='fw_port_tag'><\/h3><\/span><\/a>    <\/div>\r\n<div class=\"port_details\">\r\n\t\t<h2><a href=\"https:\/\/www.kingdom-limousines.com\/fr\/service\/chauffeur-prive-vtc-dedie-aviation-privee\/\">Chauffeur priv\u00e9 d\u00e9di\u00e9 a l\u2019aviation priv\u00e9e<\/a><\/h2>\r\n\t\t<h3><\/h3>\r\n        <\/div>\r\n  <\/div>\r\n<\/li>\r\n<\/ul>\r\n<\/div>\r\n<div class=\"clearfix\" style=\"padding-top:0px\"><\/div>[\/vc_column][\/vc_row][vc_row css=\u00a0\u00bb.vc_custom_1506091232331{padding-top: 40px !important;}\u00a0\u00bb][vc_column][vc_column_text css=\u00a0\u00bb\u00a0\u00bb animation=\u00a0\u00bbrda_fadeIn\u00a0\u00bb el_class=\u00a0\u00bbkingjustify\u00a0\u00bb]Fond\u00e9 en 2009 par Jean-No\u00ebl Aimasso, Kingdom Limousines s&rsquo;est rapidement impos\u00e9 comme l&rsquo;un des plus luxueux services de voitures avec chauffeur sur la C\u00f4te d&rsquo;Azur et \u00e0 l\u2019international. Toujours \u00e0 l&rsquo;\u00e9coute de ses clients, Kingdom Limousines a commenc\u00e9 \u00e0 r\u00e9server des chambres d&rsquo;h\u00f4tel et a obtenu le num\u00e9ro IATA. Les demandes des clients ont augment\u00e9 et se sont diversifi\u00e9es. Ainsi, Kingdom C\u00f4te d&rsquo;Azur, cr\u00e9ateur de voyages de luxe a \u00e9t\u00e9 fond\u00e9. La confiance et l&rsquo;efficacit\u00e9 nous ont permis d&rsquo;am\u00e9liorer et naturellement de diversifier nos services pour devenir un guichet unique sur la C\u00f4te d&rsquo;Azur.[\/vc_column_text][\/vc_column][\/vc_row][vc_row a_select=\u00a0\u00bb1&Prime; css=\u00a0\u00bb.vc_custom_1420033115975{margin-bottom: 0px;padding-top: 29px;padding-bottom: 35px;}\u00a0\u00bb][vc_column animation=\u00a0\u00bbrda_fadeInUp\u00a0\u00bb][vc_custom_heading text=\u00a0\u00bbN&rsquo;attendez de nous que le meilleur.\u00a0\u00bb font_container=\u00a0\u00bbtag:p|font_size:24|text_align:center|color:%23a1b1bc\u00a0\u00bb google_fonts=\u00a0\u00bbfont_family:Lato%3A100%2C100italic%2C300%2C300italic%2Cregular%2Citalic%2C700%2C700italic%2C900%2C900italic|font_style:300%20light%20regular%3A300%3Anormal\u00a0\u00bb css=\u00a0\u00bb.vc_custom_1595946807951{margin-bottom: 0px !important;}\u00a0\u00bb][\/vc_column][\/vc_row]<\/p>\n<\/div>","protected":false},"excerpt":{"rendered":"<p>[vc_row type=\u00a0\u00bbfull-width-section\u00a0\u00bb font_color=\u00a0\u00bb#ffffff\u00a0\u00bb parallax_background=\u00a0\u00bb\u00a0\u00bb css=\u00a0\u00bb.vc_custom_1594977963541{margin-bottom: 0px !important;padding-top: 180px !important;padding-bottom: 290px !important;background-image: url(https:\/\/www.kingdom-limousines.com\/wp-content\/uploads\/2020\/05\/private-aviation-chauffeur-Nice-1.jpg?id=7767) !important;background-position: center !important;background-repeat: no-repeat !important;background-size: cover !important;}\u00a0\u00bb][vc_column][vc_custom_heading text=\u00a0\u00bbChauffeur priv\u00e9 d\u00e9di\u00e9 a l\u2019aviation priv\u00e9e\u00a0\u00bb font_container=\u00a0\u00bbtag:h1|text_align:center|color:%23ffffff\u00a0\u00bb use_theme_fonts=\u00a0\u00bbyes\u00a0\u00bb css=\u00a0\u00bb.vc_custom_1595946033419{margin-top: -100px !important;}\u00a0\u00bb el_class=\u00a0\u00bbkingtop\u00a0\u00bb][\/vc_column][\/vc_row][vc_row css=\u00a0\u00bb.vc_custom_1506091232331{padding-top: 40px !important;}\u00a0\u00bb][vc_column width=\u00a0\u00bb1\/2&Prime;][vc_column_text css=\u00a0\u00bb\u00a0\u00bb animation=\u00a0\u00bbrda_fadeIn\u00a0\u00bb el_class=\u00a0\u00bbkingjustify\u00a0\u00bb] Service de limousine pour les jets priv\u00e9s L&rsquo;aviation priv\u00e9e incarne la supr\u00e9matie dans le domaine du transport.<br \/><a href=\"https:\/\/www.kingdom-limousines.com\/fr\/service\/rolls-royce-avec-chauffeur\/\" class=\"more\">En savoir plus<\/a><\/p>\n","protected":false},"author":1,"featured_media":8047,"parent":0,"menu_order":0,"comment_status":"closed","ping_status":"closed","template":"","meta":{"rank_math_title":"%title% %sep% %sitename% C\u00f4te d'Azur","rank_math_description":"","rank_math_focus_keyword":"","footnotes":""},"class_list":["post-8505","page","type-page","status-publish","has-post-thumbnail","hentry"],"_links":{"self":[{"href":"https:\/\/www.kingdom-limousines.com\/fr\/wp-json\/wp\/v2\/pages\/8505","targetHints":{"allow":["GET"]}}],"collection":[{"href":"https:\/\/www.kingdom-limousines.com\/fr\/wp-json\/wp\/v2\/pages"}],"about":[{"href":"https:\/\/www.kingdom-limousines.com\/fr\/wp-json\/wp\/v2\/types\/page"}],"author":[{"embeddable":true,"href":"https:\/\/www.kingdom-limousines.com\/fr\/wp-json\/wp\/v2\/users\/1"}],"replies":[{"embeddable":true,"href":"https:\/\/www.kingdom-limousines.com\/fr\/wp-json\/wp\/v2\/comments?post=8505"}],"version-history":[{"count":1,"href":"https:\/\/www.kingdom-limousines.com\/fr\/wp-json\/wp\/v2\/pages\/8505\/revisions"}],"predecessor-version":[{"id":500884,"href":"https:\/\/www.kingdom-limousines.com\/fr\/wp-json\/wp\/v2\/pages\/8505\/revisions\/500884"}],"wp:featuredmedia":[{"embeddable":true,"href":"https:\/\/www.kingdom-limousines.com\/fr\/wp-json\/wp\/v2\/media\/8047"}],"wp:attachment":[{"href":"https:\/\/www.kingdom-limousines.com\/fr\/wp-json\/wp\/v2\/media?parent=8505"}],"curies":[{"name":"wp","href":"https:\/\/api.w.org\/{rel}","templated":true}]}}