{"id":8996,"date":"2021-01-08T13:44:00","date_gmt":"2021-01-08T12:44:00","guid":{"rendered":"https:\/\/www.kingdom-limousines.com\/?page_id=8996"},"modified":"2023-06-21T11:25:26","modified_gmt":"2023-06-21T09:25:26","slug":"cgv","status":"publish","type":"page","link":"https:\/\/www.kingdom-limousines.com\/fr\/cgv\/","title":{"rendered":"Conditions g\u00e9n\u00e9rales de Vente"},"content":{"rendered":"<p>Nos tarifs s&rsquo;expriment en euros. Il s&rsquo;agit de la seule devise accept\u00e9e. La TVA est de 10% sur le service transport et 20% sur les divers frais (repas, p\u00e9ages, parkings, h\u00e9bergement, conciergerie, location de v\u00e9hicules sans chauffeur).<\/p>\n<p>Nos tarifs incluent l&rsquo;assurance illimit\u00e9e pour les voyageurs transport\u00e9s, le carburant, frais de la voiture et du chauffeur.<\/p>\n<p>Les repas chauffeurs sont \u00e0 la charge du client et seront factur\u00e9s lors des mises \u00e0 disposition entre 12:00 &#8211; 14:00 &amp; 19:00 &#8211; 21:00<\/p>\n<h2>Transfert :<\/h2>\n<ul>\n<li>Un transfert est une course d&rsquo;un point A \u00e0 un point B.<\/li>\n<li>Tout transfert effectu\u00e9 entre 22:00 et 06:00 fera l&rsquo;objet d&rsquo;une majoration de 15%.<\/li>\n<li>Le tarif annonc\u00e9 est fonction d&rsquo;une course pr\u00e9vue \u00e0 l&rsquo;avance et ne pourra \u00eatre modifi\u00e9 sauf en pr\u00e9sence des situations ci-dessous qui engendreront la facturation de frais suppl\u00e9mentaires:<\/li>\n<li>Tout pick-up ou d\u00e9pose suppl\u00e9mentaire sera factur\u00e9e 25 \u20ac HT + 20% TVA par lieu de pick up ou de d\u00e9pose suppl\u00e9mentaire.<\/li>\n<li>Transfert A\u00e9roport : 1 heure d&rsquo;attente est inclus dans le tarif pour tout accueil sur un vol commercial \u00e0 l&rsquo;a\u00e9roport de Nice C\u00f4te d&rsquo;Azur. 30 mn d&rsquo;attente sont inclus dans le tarif pour tout accueil sur un vol priv\u00e9 ou une gare. Au-d\u00e9l\u00e0, Kingdom Limousines facturera par tranche de 60 minutes en fonction du v\u00e9hicule choisi.<\/li>\n<li>Pour tout pick up autre qu&rsquo;une gare ou a\u00e9roport, tout retard du client sup\u00e9rieur \u00e0 20 minutes sera factur\u00e9 par tranche de 60 minutes en fonction du v\u00e9hicule choisi.<\/li>\n<\/ul>\n<p>Dans l&rsquo;\u00e9ventualit\u00e9 o\u00f9 le client souhaite conserver le chauffeur, nous facturerons toutes les heures suppl\u00e9mentaires en fonction du v\u00e9hicule choisi. Si le service s&rsquo;\u00e9tend entre 12:00 &#8211; 14:00 &amp; 19:00 &#8211; 21:00, un repas chauffeur sera factur\u00e9 au tarif de 24 \u20ac ttc \/ repas \/ chauffeur.<\/p>\n<p>Les p\u00e9ages sont inclus dans les transferts sauf si le service aboutit sur une mise \u00e0 disposition. Dans ce cas, il nous est possible de facturer les divers frais non pr\u00e9vus tels que les p\u00e9ages, les parkings ou autres.<\/p>\n<h2>Service \u00e0 l&rsquo;heure :<\/h2>\n<ul>\n<li>Il &lsquo;s&rsquo;agit d&rsquo;un service pendant lequel le v\u00e9hicule et le chauffeur sont \u00e0 disposition avec le client. Le minimum de facturation est de quatre heures. Toute heure suppl\u00e9mentaire sera factur\u00e9e. Toute heure d\u00e9but\u00e9e est due dans son int\u00e9gralit\u00e9.<\/li>\n<li>Les repas (pour toute mise \u00e0 disposition entre 12:00 &#8211; 14:00 &amp; 19:00 &#8211; 21:00), p\u00e9ages et parkings sont \u00e0 la charge du client.<\/li>\n<li>Le tarif annonc\u00e9 inclut un forfait de 100 kilom\u00e8tres. Tout d\u00e9passement entra\u00eenera une facturation en fonction de l&rsquo;exc\u00e8dent kilom\u00e9trique et lui-m\u00eame varie selon le v\u00e9hicule choisi.<\/li>\n<li>Les horaires retenus seront l\u2019heure de pick-up et l\u2019heure de drop off.<\/li>\n<li>Frais de d\u00e9couchage : 150 \u20ac ttc ou \u00e0 la charge du client selon le lieu et ou les disponibilit\u00e9s des h\u00f4teliers.<\/li>\n<\/ul>\n<h2>Bagages :<\/h2>\n<p>Kingdom Limousines n&rsquo;est pas responsable de la perte ni de l&rsquo;oubli d&rsquo;objets ou de bagages dans ses v\u00e9hicules.<\/p>\n<p>Nos v\u00e9hicules ne peuvent accueillir qu\u2019une certaine quantit\u00e9 de valises, il est important que chaque client se renseigne au pr\u00e9alable \u00e0 ce sujet lors de la r\u00e9servation. En aucun cas, Kingdom Limousines ou ses chauffeurs ne pourront \u00eatre tenu responsable si les v\u00e9hicules ne peuvent accueillir les bagages des clients. A noter que pour des raisons de s\u00e9curit\u00e9, les bagages doivent \u00eatre plac\u00e9 dans le coffre et non sur les si\u00e8ges.<\/p>\n<h2>No show :<\/h2>\n<p>En cas de non pr\u00e9sentation du client, le transfert sera factur\u00e9 dans son int\u00e9gralit\u00e9.<\/p>\n<h2>Paiement :<\/h2>\n<p>Toute commande ne sera valid\u00e9e si et seulement si une carte de cr\u00e9dit aura \u00e9t\u00e9 fournie.<br \/>\nLes factures sont payables \u00e0 r\u00e9ception, en Euros.<\/p>\n<h2>Moyens de paiement :<\/h2>\n<ul>\n<li>Esp\u00e8ces,<\/li>\n<li>Visa, MasterCard,<\/li>\n<li>AmEx: 2,95% de frais hors taxes.<\/li>\n<\/ul>\n<h2>Respect du mat\u00e9riel :<\/h2>\n<p>Les clients ont l\u2019obligation de respecter le mat\u00e9riel mis \u00e0 leur disposition \u00e0 savoir le v\u00e9hicule et tous ses accessoires.<\/p>\n<h2>Kingdom Limousines se r\u00e9serve le droit :<\/h2>\n<ul>\n<li>d\u2019exiger un remboursement en cas de dommages caus\u00e9s au v\u00e9hicule, tels que l\u2019ouverture d\u2019une porti\u00e8re ou autre accessoire.<\/li>\n<li>d\u2019interrompre la prestation de transport de personnes en cours si le comportement du client met en p\u00e9ril la s\u00e9curit\u00e9 du chauffeur ou celle du v\u00e9hicule mis \u00e0 sa disposition ou si le client est insultant vis \u00e0 vis du chauffeur.<\/li>\n<\/ul>\n<h2>L\u00e9gislation :<\/h2>\n<p>Le client ne pourra exiger le d\u00e9passement de la vitesse autoris\u00e9e par la l\u00e9gislation fran\u00e7aise ou demander au chauffeur de commettre des infractions au code de la route.<br \/>\nSi le client commet une infraction, par exemple, l\u2019usage de stup\u00e9fiants, le chauffeur aura le droit d\u2019interrompre imm\u00e9diatement le contrat de location : la prestation en cours sera donc termin\u00e9e et l\u2019int\u00e9gralit\u00e9 du service factur\u00e9.<br \/>\nLes r\u00e9clamations \u00e9ventuelles devront \u00eatre formul\u00e9es dans les huit jours; pass\u00e9 ce d\u00e9lai elles ne pourront plus \u00eatre prises en consid\u00e9ration.<br \/>\nEn cas de litige, le Tribunal de Commerce de Cannes est le seul comp\u00e9tent.<\/p>\n<h2>Frais d&rsquo;annulation :<\/h2>\n<ul>\n<li>100% du devis pour toute annulation 24 heures avant,<\/li>\n<li>50% du devis pour toute annulation 48 heures avant,<\/li>\n<li>Aucun frais pour toute annulation avec plus de 48 heures de d\u00e9lai.<\/li>\n<\/ul>\n<p>Pour toute op\u00e9ration n\u00e9cessitant plus de 5 v\u00e9hicules ou plus de 8 heures de service au total, les frais d\u2019annulation seront d\u00e9finis avec le client lors du devis.<\/p>\n","protected":false},"excerpt":{"rendered":"<p>Nos tarifs s&rsquo;expriment en euros. Il s&rsquo;agit de la seule devise accept\u00e9e. La TVA est de 10% sur le service transport et 20% sur les divers frais (repas, p\u00e9ages, parkings, h\u00e9bergement, conciergerie, location de v\u00e9hicules sans chauffeur). Nos tarifs incluent l&rsquo;assurance illimit\u00e9e pour les voyageurs transport\u00e9s, le carburant, frais de la voiture et du chauffeur.<br \/><a href=\"https:\/\/www.kingdom-limousines.com\/fr\/cgv\/\" class=\"more\">En savoir plus<\/a><\/p>\n","protected":false},"author":1,"featured_media":0,"parent":0,"menu_order":0,"comment_status":"closed","ping_status":"closed","template":"","meta":{"rank_math_title":"%title% %sep% %sitename% C\u00f4te d'Azur","rank_math_description":"","rank_math_focus_keyword":"","footnotes":""},"class_list":["post-8996","page","type-page","status-publish","hentry"],"_links":{"self":[{"href":"https:\/\/www.kingdom-limousines.com\/fr\/wp-json\/wp\/v2\/pages\/8996","targetHints":{"allow":["GET"]}}],"collection":[{"href":"https:\/\/www.kingdom-limousines.com\/fr\/wp-json\/wp\/v2\/pages"}],"about":[{"href":"https:\/\/www.kingdom-limousines.com\/fr\/wp-json\/wp\/v2\/types\/page"}],"author":[{"embeddable":true,"href":"https:\/\/www.kingdom-limousines.com\/fr\/wp-json\/wp\/v2\/users\/1"}],"replies":[{"embeddable":true,"href":"https:\/\/www.kingdom-limousines.com\/fr\/wp-json\/wp\/v2\/comments?post=8996"}],"version-history":[{"count":1,"href":"https:\/\/www.kingdom-limousines.com\/fr\/wp-json\/wp\/v2\/pages\/8996\/revisions"}],"predecessor-version":[{"id":18987,"href":"https:\/\/www.kingdom-limousines.com\/fr\/wp-json\/wp\/v2\/pages\/8996\/revisions\/18987"}],"wp:attachment":[{"href":"https:\/\/www.kingdom-limousines.com\/fr\/wp-json\/wp\/v2\/media?parent=8996"}],"curies":[{"name":"wp","href":"https:\/\/api.w.org\/{rel}","templated":true}]}}